{"id":10753,"date":"2022-07-08T15:21:27","date_gmt":"2022-07-08T13:21:27","guid":{"rendered":"https:\/\/www.vivreaveclevih.org\/?page_id=10753"},"modified":"2022-07-08T15:39:52","modified_gmt":"2022-07-08T13:39:52","slug":"assure%c2%b7e-pour-se-rassurer","status":"publish","type":"page","link":"https:\/\/www.vivreaveclevih.org\/fr\/mes-droits\/assure%c2%b7e-pour-se-rassurer\/","title":{"rendered":"Assur\u00e9\u00b7e pour se rassurer"},"content":{"rendered":"","protected":false},"excerpt":{"rendered":"","protected":false},"author":4,"featured_media":10758,"parent":9421,"menu_order":2,"comment_status":"closed","ping_status":"closed","template":"","meta":{"_acf_changed":false,"footnotes":""},"class_list":["post-10753","page","type-page","status-publish","has-post-thumbnail","hentry"],"acf":{"sidebar":211,"contenu_flexible":[{"acf_fc_layout":"textfull","text":"<h2>Une assurance pour vos soins de sant\u00e9<\/h2>\n<p>Si vous b\u00e9n\u00e9ficiez d\u2019une mutuelle, celle-ci va en partie prendre en charge le co\u00fbt de vos soins. <strong>Votre <a href=\"https:\/\/www.vivreaveclevih.org\/fr\/traitement\/vih\/les-traitements-contre-le-vih\/\">th\u00e9rapie antir\u00e9trovirale<\/a> va \u00eatre rembours\u00e9e enti\u00e8rement par votre mutuelle, moyennant l\u2019accord pr\u00e9alable du\u00b7de la m\u00e9decin conseil sous forme d\u2019une autorisation de remboursement<\/strong>. Mais vous devrez payer une partie des frais de vos diff\u00e9rentes consultations m\u00e9dicales et examens (ticket mod\u00e9rateur variable selon votre statut mutuelliste). Si d\u2019autres m\u00e9dicaments sont prescrits, ils seront pris en charge soit totalement (m\u00e9dicaments contre l\u2019h\u00e9patite C, contre la tuberculose\u2026) soit partiellement (antibiotiques). D\u2019autres traitements ne sont pas pris en charge du tout par la mutuelle (m\u00e9dicaments contre la douleur, somnif\u00e8res, etc.). Pour plus d\u2019information, renseignez-vous aupr\u00e8s de l\u2019assistant\u00b7e social\u00b7e de votre <a href=\"https:\/\/www.vivreaveclevih.org\/fr\/liens-utiles\/ou-se-soigner\/\">Centre de r\u00e9f\u00e9rence VIH<\/a> ou de votre mutuelle.<\/p>\n<p>Si vous n\u2019avez pas de mutuelle, vous pourriez b\u00e9n\u00e9ficier de l\u2019aide m\u00e9dicale urgente via le CPAS selon certaines conditions.<\/p>\n<p><a class=\"btn\" href=\"https:\/\/www.cool-and-safe.org\/fr\/sante-sexuelle-en-belgique\/laide-medical-urgente-cest-quoi\/\">En savoir plus<\/a><\/p>\n","background_color":false},{"acf_fc_layout":"textfull","text":"<h2><img loading=\"lazy\" decoding=\"async\" class=\"alignnone size-medium wp-image-10758 aligncenter\" src=\"https:\/\/www.vivreaveclevih.org\/wp-content\/uploads\/2022\/07\/medical-g3c885ccf7_1280-300x233.png\" alt=\"\" width=\"300\" height=\"233\" srcset=\"https:\/\/www.vivreaveclevih.org\/wp-content\/uploads\/2022\/07\/medical-g3c885ccf7_1280-300x233.png 300w, https:\/\/www.vivreaveclevih.org\/wp-content\/uploads\/2022\/07\/medical-g3c885ccf7_1280-1024x795.png 1024w, https:\/\/www.vivreaveclevih.org\/wp-content\/uploads\/2022\/07\/medical-g3c885ccf7_1280-768x596.png 768w, https:\/\/www.vivreaveclevih.org\/wp-content\/uploads\/2022\/07\/medical-g3c885ccf7_1280-500x388.png 500w, https:\/\/www.vivreaveclevih.org\/wp-content\/uploads\/2022\/07\/medical-g3c885ccf7_1280.png 1247w\" sizes=\"auto, (max-width: 300px) 100vw, 300px\" \/><\/h2>\n<h2>Et en cas d\u2019hospitalisation\u00a0?<\/h2>\n<p>Lorsque vous souhaitez souscrire \u00e0 une assurance hospitalisation propos\u00e9e par une mutuelle, vous devez remplir un questionnaire m\u00e9dical <strong>mais l\u2019assurance ne pourra pas vous \u00eatre refus\u00e9e<\/strong>, et ce depuis la loi du 11 mai 2007. Les mutualit\u00e9s peuvent toutefois limiter l\u2019\u00e2ge de l\u2019affiliation \u00e0 65 ans ou limiter leur intervention. Si vous changez de mutualit\u00e9, vous devrez b\u00e9n\u00e9ficier de l\u2019assurance hospitalisation de votre nouvelle mutualit\u00e9 sans qu\u2019un stage d\u2019attente ne vous soit impos\u00e9 pour autant que vous ayez \u00e9t\u00e9 en ordre de cotisation dans votre ancienne mutualit\u00e9 et que vous soyez d\u00e9j\u00e0 affili\u00e9\u00b7e \u00e0 un service hospitalisation ou indemnit\u00e9s journali\u00e8res dans la mutualit\u00e9 d\u2019origine.<\/p>\n","background_color":false},{"acf_fc_layout":"imagetext","image":3024,"text":"<h2>L\u2019acc\u00e8s au pr\u00eat habitation et \u00e0 l\u2019assurance solde restant d\u00fb<\/h2>\n<p>En tant que personne vivant avec une maladie chronique, vous pourriez rencontrer des obstacles pour l\u2019acquisition, la construction ou la r\u00e9novation d\u2019un bien immobilier.<\/p>\n<p>Outre les crit\u00e8res sp\u00e9cifiques des banques \u00e0 l\u2019obtention d\u2019un pr\u00eat habitation (type de contrat de travail, fonds propres, salaire,\u2026), certaines personnes se retrouvent confront\u00e9es \u00e0 des difficult\u00e9s pour contracter une assurance \u00ab\u00a0solde restant d\u00fb\u00a0\u00bb sans laquelle le pr\u00eat pourrait ne pas \u00eatre accord\u00e9.<\/p>\n<h3><strong>Qu\u2019est-ce que \u00ab\u00a0l\u2019assurance solde restant d\u00fb\u00a0\u00bb et comment la contracter\u00a0?<\/strong><\/h3>\n<p><strong>L\u2019assurance solde restant d\u00fb pr\u00e9voit le remboursement du solde du pr\u00eat en cas de d\u00e9c\u00e8s pr\u00e9matur\u00e9 de l\u2019assur\u00e9\u00b7e. Cela permet, d\u2019une part, que la famille et les proches de l\u2019assur\u00e9\u00b7e soient prot\u00e9g\u00e9s et, d\u2019autre part, que la banque puisse r\u00e9cup\u00e9rer l\u2019argent pr\u00eat\u00e9.<\/strong><\/p>\n<p>Lorsque qu\u2019une personne se voit accepter un pr\u00eat, elle va entreprendre les d\u00e9marches n\u00e9cessaires \u00e0 l\u2019obtention d\u2019une \u00ab assurance solde restant d\u00fb \u00bb (soit aupr\u00e8s de sa banque soit aupr\u00e8s d\u2019une autre compagnie d\u2019assurance). Des questionnaires, reprenant diff\u00e9rents crit\u00e8res notamment m\u00e9dicaux, sont \u00e0 remplir par le\u00b7la demandeur\u00b7euse afin que l\u2019assureur\u00b7euse puisse faire une offre d\u2019assurance relative au risque de d\u00e9c\u00e8s pr\u00e9matur\u00e9.<\/p>\n<p>Le montant de la prime d\u00e9pend de crit\u00e8res comme l\u2019\u00e2ge, l\u2019\u00e9tat de sant\u00e9, la dur\u00e9e et le montant du pr\u00eat, etc.<\/p>\n<p>Il n\u2019est pas rare qu\u2019une personne malade chronique (diab\u00e8te, VIH, cancer en r\u00e9mission,\u2026) se voit demander une surprime importante voire refuser totalement l\u2019assurance en raison de son \u00e9tat de sant\u00e9. En cas de surprime, vous pouvez faire une simulation avec deux ou trois assurances afin de choisir la meilleure offre.<\/p>\n<p>Afin d\u2019aider ces personnes \u00e0 contracter une assurance, une l\u00e9gislation a \u00e9t\u00e9 adopt\u00e9e en 2010 (entr\u00e9e en vigueur en 2014). Il s\u2019agit de la\u00a0<strong>loi Partyka \u2013Lalieux\u00a0<\/strong>qui vise une meilleure accessibilit\u00e9 \u00e0 l\u2019assurance solde restant d\u00fb pour les personnes pr\u00e9sentant un risque aggrav\u00e9 de sant\u00e9 et une plus grande transparence de la part de l\u2019assureur\u00b7euse.<\/p>\n<p>Une caisse de compensation a \u00e9t\u00e9 cr\u00e9\u00e9e qui prend en charge une partie de la surprime. Cette caisse intervient lorsque la surprime propos\u00e9e d\u00e9passe 125% de la prime de base avec un maximum de 800%.<\/p>\n<p><a class=\"btn\" href=\"https:\/\/preventionsida.org\/wp-content\/uploads\/2019\/10\/PPS_Outils_Conna%C3%AEtreetfairevaloirsesdroits_Brochure.pdf\">Plus d&rsquo;infos ? Brochure faire valoir ses droits<\/a><\/p>\n","background_color":false,"link_image":""}]},"_links":{"self":[{"href":"https:\/\/www.vivreaveclevih.org\/fr\/wp-json\/wp\/v2\/pages\/10753","targetHints":{"allow":["GET"]}}],"collection":[{"href":"https:\/\/www.vivreaveclevih.org\/fr\/wp-json\/wp\/v2\/pages"}],"about":[{"href":"https:\/\/www.vivreaveclevih.org\/fr\/wp-json\/wp\/v2\/types\/page"}],"author":[{"embeddable":true,"href":"https:\/\/www.vivreaveclevih.org\/fr\/wp-json\/wp\/v2\/users\/4"}],"replies":[{"embeddable":true,"href":"https:\/\/www.vivreaveclevih.org\/fr\/wp-json\/wp\/v2\/comments?post=10753"}],"version-history":[{"count":5,"href":"https:\/\/www.vivreaveclevih.org\/fr\/wp-json\/wp\/v2\/pages\/10753\/revisions"}],"predecessor-version":[{"id":10760,"href":"https:\/\/www.vivreaveclevih.org\/fr\/wp-json\/wp\/v2\/pages\/10753\/revisions\/10760"}],"up":[{"embeddable":true,"href":"https:\/\/www.vivreaveclevih.org\/fr\/wp-json\/wp\/v2\/pages\/9421"}],"wp:featuredmedia":[{"embeddable":true,"href":"https:\/\/www.vivreaveclevih.org\/fr\/wp-json\/wp\/v2\/media\/10758"}],"wp:attachment":[{"href":"https:\/\/www.vivreaveclevih.org\/fr\/wp-json\/wp\/v2\/media?parent=10753"}],"curies":[{"name":"wp","href":"https:\/\/api.w.org\/{rel}","templated":true}]}}