{"id":11,"date":"2019-08-26T09:15:25","date_gmt":"2019-08-26T07:15:25","guid":{"rendered":"https:\/\/www.vivreaveclevih.org\/cookie-policy\/"},"modified":"2022-04-11T14:46:55","modified_gmt":"2022-04-11T12:46:55","slug":"cookie-policy","status":"publish","type":"page","link":"https:\/\/www.vivreaveclevih.org\/fr\/cookie-policy\/","title":{"rendered":"Cookies"},"content":{"rendered":"<h2>1. A propos des cookies<\/h2>\n<p>Les cookies sont de petits fichiers de donn\u00e9es t\u00e9l\u00e9charg\u00e9s sur votre appareil lorsque vous visitez notre site Web.<\/p>\n<p>Les cookies sont utilis\u00e9s par les sites Web pour beaucoup de raisons pratiques et ne sont en aucun cas nuisibles. En fait, ils sont con\u00e7us pour rendre votre exp\u00e9rience en ligne plus agr\u00e9able.<\/p>\n<p>Certains sont n\u00e9cessaires au fonctionnement du site. D\u2019autres sont utilis\u00e9s pour \u00e9tablir des statistiques nous permettant de vous offrir une visite plus agr\u00e9able. Il existe diff\u00e9rents types de cookies. Ce site utilise des cookies techniques, de suivi et de tiers.<\/p>\n<p>Des informations utiles sur les aspects techniques de Cookie peuvent \u00eatre trouv\u00e9es:\u00a0<a href=\"http:\/\/www.allaboutcookies.org\/\" data-cke-saved-href=\"http:\/\/www.allaboutcookies.org\/\">http:\/\/www.allaboutcookies.org<\/a><\/p>\n<h2>2. Quels types de cookies sont utilis\u00e9s ?<\/h2>\n<p>Un cookie peut \u00eatre class\u00e9 suivant sa dur\u00e9e de vie, son but et le domaine auquel il appartient. Par dur\u00e9e de vie, un cookie est soit:<\/p>\n<ul>\n<li>Cookie de session qui est effac\u00e9 lorsque l\u2019utilisateur ferme le navigateur<\/li>\n<li>Cookie persistant qui reste sur l\u2019ordinateur \/ l\u2019appareil de l\u2019utilisateur pendant une p\u00e9riode pr\u00e9d\u00e9finie.<\/li>\n<\/ul>\n<p>Nous utilisons 3 types de cookies :<\/p>\n<ul>\n<li>cookies n\u00e9cessaires \u2013 cookies permettant le fonctionnement technique du site et ses fonctionnalit\u00e9s;<\/li>\n<li>des cookies analytiques \/ de performance \u2013 des cookies qui recueillent des donn\u00e9es sur les performances du site Web et la mani\u00e8re dont vous utilisez notre site Web. Ces cookies nous permettent d\u2019am\u00e9liorer le fonctionnement du site;<\/li>\n<li>cookies de fonctionnalit\u00e9s \u2013 cookies qui permettent au site Web de se rappeler des choix que vous faites (comme votre langue) et de fournir des fonctionnalit\u00e9s am\u00e9lior\u00e9es ou personnalis\u00e9es.<\/li>\n<\/ul>\n<h2>3. Cookies utilis\u00e9s sur ce site<\/h2>\n<p>Un aper\u00e7u des cookies utilis\u00e9s sur ce site est d\u00e9fini dans le tableau suivant:<\/p>\n<table class='gdpr-cookies-table'><tr><th>Name<\/th><th>Set by<\/th><th>Purpose<\/th><th>Lifetime<\/th><tr><tr><td>_ga<\/td><td>Google Analytics<\/td><td>Used to distinguish users.<\/td><td>2 years<\/td><\/tr><tr><td>_gid<\/td><td>Google Analytics<\/td><td>Used to distinguish users.<\/td><td>1 day<\/td><\/tr><tr><td>cookie-agreed<\/td><td>Personnes Vivant avec le VIH<\/td><td>This cookie is set when the visitor agrees to the cookie consent.<\/td><td>360<\/td><\/tr><tr><td>splash<\/td><td>Personnes Vivant avec le VIH<\/td><td>Display splash modal<\/td><td><\/td><\/tr><\/table>\n<h2>4. Param\u00e8tres de configuration des cookies<\/h2>\n<p>Vous pouvez emp\u00eacher le placement de Cookies en ajustant les param\u00e8tres de votre navigateur.<\/p>\n<p>Les param\u00e8tres de cookies peuvent varier d\u2019un navigateur \u00e0 l\u2019autre. Consultez le menu \u2018Aide\u2019 de votre navigateur pour savoir comment modifier vos pr\u00e9f\u00e9rences de cookies.<\/p>\n<p>Les informations sur la fa\u00e7on de g\u00e9rer les cookies dans chaque navigateur sont disponibles aux adresses suivantes:<\/p>\n<ul>\n<li><a href=\"https:\/\/support.microsoft.com\/en-us\/help\/17442\/windows-internet-explorer-delete-manage-cookies\" target=\"_blank\" rel=\"noopener noreferrer\">Internet Explorer<\/a><\/li>\n<li><a href=\"https:\/\/support.google.com\/chrome\/answer\/95647?hl=fr\" target=\"_blank\" rel=\"noopener noreferrer\">Google Chrome<\/a><\/li>\n<li><a href=\"https:\/\/support.mozilla.org\/fr\/kb\/empecher-sites-enregistrer-preferences\" target=\"_blank\" rel=\"noopener noreferrer\">Mozilla Firefox<\/a><\/li>\n<li><a href=\"https:\/\/support.apple.com\/kb\/PH5049?locale=en_US\" target=\"_blank\" rel=\"noopener noreferrer\">Safari<\/a><\/li>\n<li><a href=\"http:\/\/www.macromedia.com\/support\/documentation\/fr\/flashplayer\/help\/settings_manager06.html\" target=\"_blank\" rel=\"noopener noreferrer\">Adobe Flash Player<\/a><\/li>\n<\/ul>\n","protected":false},"excerpt":{"rendered":"<p>1. A propos des cookies Les cookies sont de petits fichiers de donn\u00e9es t\u00e9l\u00e9charg\u00e9s sur votre appareil lorsque vous visitez notre site Web. Les cookies sont utilis\u00e9s par les sites Web pour beaucoup de raisons pratiques et ne sont en aucun cas nuisibles. En fait, ils sont con\u00e7us pour rendre votre exp\u00e9rience en ligne plus agr\u00e9able. Certains sont n\u00e9cessaires au fonctionnement du site. D\u2019autres sont utilis\u00e9s pour \u00e9tablir des statistiques nous permettant de vous offrir une visite plus agr\u00e9able. Il existe diff\u00e9rents types de cookies. Ce site utilise des cookies techniques, de suivi et de tiers. Des informations utiles sur les aspects techniques de Cookie peuvent \u00eatre trouv\u00e9es:\u00a0http:\/\/www.allaboutcookies.org 2. Quels types de cookies sont utilis\u00e9s ? Un cookie peut \u00eatre class\u00e9 suivant sa dur\u00e9e de vie, son but et le domaine auquel il appartient. Par dur\u00e9e de vie, un cookie est soit: Cookie de session qui est effac\u00e9 lorsque l\u2019utilisateur [&hellip;]<\/p>\n","protected":false},"author":1,"featured_media":0,"parent":0,"menu_order":0,"comment_status":"closed","ping_status":"closed","template":"","meta":{"_acf_changed":false,"footnotes":""},"class_list":["post-11","page","type-page","status-publish","hentry"],"acf":{"sidebar":false,"contenu_flexible":false},"_links":{"self":[{"href":"https:\/\/www.vivreaveclevih.org\/fr\/wp-json\/wp\/v2\/pages\/11","targetHints":{"allow":["GET"]}}],"collection":[{"href":"https:\/\/www.vivreaveclevih.org\/fr\/wp-json\/wp\/v2\/pages"}],"about":[{"href":"https:\/\/www.vivreaveclevih.org\/fr\/wp-json\/wp\/v2\/types\/page"}],"author":[{"embeddable":true,"href":"https:\/\/www.vivreaveclevih.org\/fr\/wp-json\/wp\/v2\/users\/1"}],"replies":[{"embeddable":true,"href":"https:\/\/www.vivreaveclevih.org\/fr\/wp-json\/wp\/v2\/comments?post=11"}],"version-history":[{"count":1,"href":"https:\/\/www.vivreaveclevih.org\/fr\/wp-json\/wp\/v2\/pages\/11\/revisions"}],"predecessor-version":[{"id":10630,"href":"https:\/\/www.vivreaveclevih.org\/fr\/wp-json\/wp\/v2\/pages\/11\/revisions\/10630"}],"wp:attachment":[{"href":"https:\/\/www.vivreaveclevih.org\/fr\/wp-json\/wp\/v2\/media?parent=11"}],"curies":[{"name":"wp","href":"https:\/\/api.w.org\/{rel}","templated":true}]}}