{"id":11191,"date":"2023-06-20T13:22:11","date_gmt":"2023-06-20T11:22:11","guid":{"rendered":"https:\/\/www.vivreaveclevih.org\/?page_id=11191"},"modified":"2024-09-23T10:50:24","modified_gmt":"2024-09-23T08:50:24","slug":"prendre-soin-de-moi","status":"publish","type":"page","link":"https:\/\/www.vivreaveclevih.org\/fr\/prendre-soin-de-moi\/","title":{"rendered":"Mon hygi\u00e8ne de vie"},"content":{"rendered":"","protected":false},"excerpt":{"rendered":"","protected":false},"author":4,"featured_media":0,"parent":0,"menu_order":0,"comment_status":"closed","ping_status":"closed","template":"","meta":{"_acf_changed":false,"footnotes":""},"class_list":["post-11191","page","type-page","status-publish","hentry"],"acf":{"sidebar":211,"contenu_flexible":[{"acf_fc_layout":"doubleblock","content_block_left":"<h2>C\u2019est quoi, prendre soin de moi ?<\/h2>\n<p><strong>Prendre soin de vous, c\u2019est faire attention \u00e0 votre corps, \u00eatre \u00e0 son \u00e9coute et l\u2019aider \u00e0 mieux g\u00e9rer la pr\u00e9sence du virus et \u00e0 mieux tol\u00e9rer les traitements<\/strong>. Avec le temps, vous apprendrez \u00e0 mieux vous conna\u00eetre et \u00e0 rep\u00e9rer ce qui fait du bien \u00e0 <a href=\"https:\/\/www.vivreaveclevih.org\/fr\/vivre-avec-le-vih\/vie-affective-sociale\/\">votre sant\u00e9 physique et psychologique<\/a>.<\/p>\n<p>Prendre soin de vous, c\u2019est aussi savoir ce qui est bien ou pas pour vous, votre corps, votre sant\u00e9, votre moral, et adopter des comportements b\u00e9n\u00e9fiques pour votre sant\u00e9 physique, sexuelle et mentale : une alimentation saine et \u00e9quilibr\u00e9e, une prise correcte de vos traitements, un suivi m\u00e9dical r\u00e9gulier, une activit\u00e9 physique, un sommeil r\u00e9parateur, une vie sociale, une consommation mod\u00e9r\u00e9e de ce qui peut nuire \u00e0 votre sant\u00e9 (alcool, tabac, drogue, etc.).<\/p>\n<p><strong>Prendre soin de vous contribue au renforcement de votre capacit\u00e9 \u00e0 agir devant les difficult\u00e9s et vous permet d\u2019avoir d\u2019une bonne qualit\u00e9 de vie favorable au succ\u00e8s de votre traitement et d\u2019un bien-\u00eatre g\u00e9n\u00e9ral.<\/strong><\/p>\n","background_color_left":false,"content_block_right":"<p>La qualit\u00e9 de votre vie va d\u00e9pendre de plusieurs facteurs : si votre diagnostic a \u00e9t\u00e9 pr\u00e9coce ou tardif, la fa\u00e7on dont vous prenez votre\u00a0<strong><a href=\"https:\/\/www.vivreaveclevih.org\/fr\/traitement\/vih\/les-traitements-contre-le-vih\/\">traitement<\/a><\/strong>, le niveau de votre immunit\u00e9 (d\u00e9fenses du corps), les effets secondaires de votre traitement, les interactions m\u00e9dicamenteuses et les\u00a0<strong><a href=\"https:\/\/www.vivreaveclevih.org\/fr\/vivre-avec-le-vih\/vieillir-avec\/\">comorbidit\u00e9s<\/a><\/strong>. Elle est \u00e9galement influenc\u00e9e par votre activit\u00e9\u00a0physique, votre \u00e9tat psychologique, votre niveau d\u2019autonomie, votre situation \u00e9conomique et financi\u00e8re, vos relations sociales, etc. Des facteurs externes sur lesquels vous pourriez avoir une action.<\/p>\n<p><strong>L\u2019am\u00e9lioration de votre qualit\u00e9 de vie contribue au succ\u00e8s de votre traitement et \u00e0 votre bien-\u00eatre g\u00e9n\u00e9ral<\/strong>. Quand vous prenez soin de vous, vous rendez votre corps plus r\u00e9sistant aux maladies et aux comorbidit\u00e9s, vous r\u00e9duisez l\u2019impact du vieillissement sur votre corps.<\/p>\n","background_color_right":false},{"acf_fc_layout":"textfull","text":"<h2>Ne n\u00e9gligez pas votre alimentation<\/h2>\n<p>La nutrition joue un r\u00f4le important dans la sant\u00e9 du syst\u00e8me immunitaire et sa capacit\u00e9 \u00e0 combattre les infections.\u00a0Une alimentation saine vous aide donc \u00e0 atteindre et \u00e0 maintenir un poids id\u00e9al pour vous, et peut aider \u00e0 r\u00e9duire le risque de d\u00e9velopper d\u2019autres probl\u00e8mes tels une maladie cardiaque,\u00a0le diab\u00e8te, le\u00a0cancer\u00a0et\u00a0l&rsquo;ost\u00e9oporose.<\/p>\n","background_color":false},{"acf_fc_layout":"imagefull","image":9904,"text":""},{"acf_fc_layout":"textfull","text":"<p>Une bonne alimentation consistera en un \u00e9quilibre des types d&rsquo;aliments suivants :<\/p>\n<ul>\n<li><strong>Les f\u00e9culents<\/strong>\u00a0: pain, manioc, c\u00e9r\u00e9ales, la farine de ma\u00efs, pommes de terre, p\u00e2tes, couscous, riz, etc.\u00a0Les f\u00e9culents devraient constituer environ un tiers de votre apport alimentaire quotidien.\u00a0Ils fournissent des glucides pour l&rsquo;\u00e9nergie, des fibres, du calcium, du fer et des vitamines B. Dans l\u2019id\u00e9al, il faudrait un produit c\u00e9r\u00e9alier complet (125g\/jour). Une bonne id\u00e9e, c&rsquo;est de remplacer le pain blanc par du pain complet, aller vers des c\u00e9r\u00e9ales qu&rsquo;on ne conna\u00eet pas, remplacer le riz blanc par du riz complet, en gros, remplacer le raffin\u00e9 par du complet.<\/li>\n<li><strong>Fruits et l\u00e9gumes<\/strong>\u00a0: 2 fruits et l\u00e9gumes (250g et 300g\/jour), 4 fruits \u00e0 coque et graines (15 \u00e0 25g\/jour, on retrouve certaines graisses dans ces fruits, comme les omega 3, des graisses qui ont un r\u00f4le protecteur au niveau cardiovasculaire)<\/li>\n<li><strong>Produits laitiers ou substituts<\/strong>\u00a0: comme le lait, le fromage et le yaourt, apportent des vitamines, des min\u00e9raux et surtout du calcium. Si vous \u00e9vitez les produits laitiers, ceux-ci peuvent \u00eatre remplac\u00e9s par des alternatives enrichies au soja, aux noix, au riz, \u00e0 l&rsquo;avoine ou \u00e0 la noix de coco. V\u00e9rifiez les \u00e9tiquettes nutritionnelles car toutes ces alternatives ne sont pas enrichies en calcium et les produits biologiques le sont rarement.<\/li>\n<li><strong>Haricots, l\u00e9gumineuses, noix, poisson, \u0153ufs et viande<\/strong>\u00a0: fournissent des prot\u00e9ines, des min\u00e9raux et des vitamines (en particulier le fer et la vitamine B12 provenant de la viande). Vous pouvez remplacer la viande par des l\u00e9gumineuses (haricots, lentilles, etc.) une fois par semaine, et manger du poisson une \u00e0 deux fois par semaine. De plus, \u00e9vitez de ne manger que de la viande rouge ou transform\u00e9e qui favorise certains cancers.<\/li>\n<\/ul>\n<p>Les aliments riches en mati\u00e8res grasses et en sucre doivent \u00eatre consomm\u00e9s moins souvent et en petites quantit\u00e9s, tout comme le sel et les cubes de bouillon (qui favorisent l\u2019hypertension). A la place, enrichissez vos plats d\u2019\u00e9pices et d\u2019herbes aromatiques.<\/p>\n","background_color":false},{"acf_fc_layout":"doubleblock","content_block_left":"<h2>Que peut faire la di\u00e9t\u00e9ticienne pour m\u2019aider\u00a0?<\/h2>\n<p>Si vous \u00eates suivi dans un centre de r\u00e9f\u00e9rence VIH, vous pouvez consulter une di\u00e9t\u00e9ticienne gratuitement. L\u2019objectif de la di\u00e9t\u00e9ticienne n\u2019est pas de vous emp\u00eacher de manger, mais de vous aider \u00e0 vous sentir mieux (par exemple, si vous avez des difficult\u00e9s \u00e0 faire des efforts physiques). Vous pouvez vous y rendre sur rendez-vous \u00e0 votre demande ou recommandation de l\u2019\u00e9quipe soignante. Dans le cadre d\u2019un \u00e9quilibre alimentaire qui vise la perte de poids, la di\u00e9t\u00e9ticienne tiendra compte de divers facteurs :<\/p>\n<ul>\n<li>Le contexte socio-\u00e9conomique et psychologique (\u00e9motionnel). L&rsquo;alimentation est aussi un plaisir, parfois elle joue le r\u00f4le de r\u00e9confort, de psychologue\u00a0;<\/li>\n<li>Le manque d&rsquo;activit\u00e9 physique ;<\/li>\n<li>Une alimentation trop riche\u00a0;<\/li>\n<li>les m\u00e9dicaments et les traitements multiples\u00a0;<\/li>\n<li>la grossesse et la m\u00e9nopause\u00a0;<\/li>\n<li>l&rsquo;arr\u00eat du tabac.<\/li>\n<\/ul>\n","background_color_left":true,"content_block_right":"<p>Elle va \u00e9galement vous donner des conseils pour pr\u00e9venir le diab\u00e8te et les maladies cardiovasculaires, les risques \u00e9tant plus importants pour les personnes vivant avec le VIH.<\/p>\n<p>La nouvelle approche est de manger tout en se respectant. Il faut se baser sur ses sensations, r\u00e9apprendre \u00e0 s&rsquo;arr\u00eater au bon moment pour ne pas manger trop, manger en pleine conscience (sans regarder son gsm, la t\u00e9l\u00e9, etc.) pour prendre plus de plaisir et mieux s\u2019\u00e9couter. Il faut aussi \u00e9viter de se donner de faux espoirs et s&rsquo;accepter comment on est avec son \u00e2ge et sa situation actuelle.<\/p>\n<p>Gr\u00e2ce \u00e0 du mat\u00e9riel plus performant, on peut savoir si une personne perd de la graisse ou de la masse musculaire. C&rsquo;est important, car pour les personnes qui vieillissent, il ne faut pas qu&rsquo;elles trop de masse musculaire qui risque de vous fragiliser et augmente le risque de chute. En g\u00e9n\u00e9ral, quelqu&rsquo;un qui a une bonne masse musculaire a des os de meilleure qualit\u00e9 et r\u00e9duit ses risques de d\u00e9velopper de l\u2019ost\u00e9oporose.<\/p>\n","background_color_right":false},{"acf_fc_layout":"textfull","text":"<h2>Consommer des substances r\u00e9cr\u00e9atives<\/h2>\n<h3><strong>Le tabac, un frein \u00e0 une bonne sant\u00e9<\/strong><\/h3>\n<p><strong>En tant que personne vivant avec le VIH, vous \u00eates plus \u00e0 risque de d\u00e9velopper des maladies si vous fumez<\/strong> (maladies cardiovasculaires, hypertension, maladies pulmonaires, cancers, etc.) et donc de raccourcir votre esp\u00e9rance de vie. Le tabac est \u00e9galement \u00e0 l\u2019origine de troubles divers tels que des probl\u00e8mes de peau, de dent, de fertilit\u00e9 ou de libido.<\/p>\n","background_color":false},{"acf_fc_layout":"textfull","text":"<p>Des <a href=\"https:\/\/www.aidsmap.com\/news\/feb-2019\/smoking-cholesterol-blood-pressure-are-more-important-causes-disease-hiv-people\">\u00e9tudes<\/a> ont montr\u00e9 que le tabagisme est le principal facteur de risque des <a href=\"https:\/\/www.vivreaveclevih.org\/fr\/cancers-et-vih-infos-et-prevention-des-risques\/\">cancers<\/a> non li\u00e9s au sida (comme le cancer du foie) et qu&rsquo;un diagnostic de cancer sur quatre chez les personnes vivant avec le VIH aurait \u00e9t\u00e9 \u00e9vit\u00e9 en ne fumant pas.<\/p>\n","background_color":true},{"acf_fc_layout":"textfull","text":"<blockquote><p><strong>Arr\u00eater de fumer est donc essentiel pour am\u00e9liorer votre qualit\u00e9 de vie au quotidien mais aussi pour r\u00e9duire vos risques de comorbidit\u00e9s li\u00e9es au tabac et de d\u00e9c\u00e8s.<\/strong> Une orientation vers un\u00b7e tabacologue ou un\u00b7e psychologue de votre Centre de r\u00e9f\u00e9rence VIH peut vous aider \u00e0 arr\u00eater. Vous pouvez \u00e9galement en parlez \u00e0 votre m\u00e9decin traitant\u00b7e, passer par des services d\u2019aide comme <a href=\"https:\/\/www.tabacstop.be\/\">Tabacstop<\/a>.<\/p><\/blockquote>\n<p>Ces professionnel\u00b7les pourront vous aider \u00e0 identifier les raisons qui vous poussent \u00e0 fumer et ainsi mieux vous accompagner dans l\u2019arr\u00eat du tabac. En effet, certaines \u00e9tudes ont montr\u00e9 qu\u2019il \u00e9tait <strong>plus efficace de combiner un traitement contre l\u2019anxi\u00e9t\u00e9 ou la d\u00e9pression avec l\u2019arr\u00eat du tabac que l\u2019arr\u00eat du tabac seul<\/strong>.<\/p>\n<p>Mieux vaut \u00e9galement arr\u00eater de fumer si vous envisagez de <strong>tomber enceinte<\/strong>, car le tabac agit sur le bon d\u00e9roulement de <a href=\"https:\/\/www.vivreaveclevih.org\/fr\/protection\/proteger-son-enfant-durant-la-grossesse\/\">la grossesse<\/a> avec des risques plus \u00e9lev\u00e9 d\u2019accouchement pr\u00e9matur\u00e9, mais il agit aussi sur le d\u00e9veloppement du f\u0153tus avec des risques de malformation. Parlez-en \u00e0 votre m\u00e9decin.<\/p>\n","background_color":false},{"acf_fc_layout":"text2cols","background_color":false,"title":"","col_left":"<h3><strong>Un petit verre de temps en temps\u00a0?<\/strong><\/h3>\n<p><strong>Comme pour le tabac, l\u2019alcool est plus nocif pour les personnes vivant avec le VIH que pour le reste de la population g\u00e9n\u00e9rale. Il est donc recommand\u00e9 de boire mod\u00e9r\u00e9ment<\/strong>, c\u2019est-\u00e0-dire pas plus d\u2019un verre de vin par jour ou 4 \u00e0 5 bouteilles de bi\u00e8re par semaine. A long terme, une consommation excessive d\u2019alcool peut entrainer des probl\u00e8mes de sant\u00e9 tels que des maladies cardiovasculaires, de l\u2019hypertension, des maladies du foie, des troubles sexuels ou des troubles alimentaires. Faites particuli\u00e8rement attention \u00e0 votre foie, car il joue un grand r\u00f4le dans l\u2019assimilation de votre traitement contre le VIH. En cas de foie endommag\u00e9 par une consommation excessive d\u2019alcool, vous pourriez moins bien supporter votre traitement. Sachez \u00e9galement que m\u00eame \u00e0 petite dose l\u2019alcool peut aggraver des l\u00e9sions au foie en cas d\u2019infection par une <a href=\"https:\/\/www.vivreaveclevih.org\/fr\/ist\/les-hepatites-b-et-c\/\">h\u00e9patite C ou B<\/a>, c\u2019est pourquoi il est n\u00e9cessaire de traiter une h\u00e9patite si vous en avez contract\u00e9 une.<\/p>\n","col_right":"<p><strong>L\u2019alcool est \u00e0 proscrire en cas de grossesse car il repr\u00e9sente un danger pour la sant\u00e9 du f\u0153tus !<\/strong><\/p>\n<p>Si vous avez des probl\u00e8mes d\u2019addiction \u00e0 l\u2019alcool, parlez-en \u00e0 un\u00b7e professionnel\u00b7le de la sant\u00e9 de votre Centre de r\u00e9f\u00e9rence VIH. En plus des probl\u00e8mes physiques, l\u2019alcool induit \u00e9galement des probl\u00e8mes cognitifs (perte de m\u00e9moire, mauvaise coordination, irr\u00e9gularit\u00e9 dans la prise de vos m\u00e9dicaments, etc.), d\u2019ordre psychologiques (agressivit\u00e9, tristesse voire d\u00e9pression) et socio-\u00e9conomique (financiers, relationnel, etc).<\/p>\n<blockquote><p>Si vous ne savez pas comment aborder le sujet, vous pouvez \u00e9galement vous tourner vers une aide ext\u00e9rieure comme <a href=\"https:\/\/aide-alcool.be\/\">Aide Alcool<\/a>.<\/p><\/blockquote>\n"},{"acf_fc_layout":"imagetext","image":11195,"text":"<h3><strong>Et les drogues r\u00e9cr\u00e9atives\u00a0?<\/strong><\/h3>\n<p>A certains moments de la vie, certaines personnes se tournent vers les drogues r\u00e9cr\u00e9atives. <strong>Il faut savoir que leur consommation peut perturber l\u2019adh\u00e9sion \u00e0 votre traitement (oubli de prendre votre traitement, manque de vigilance)<\/strong>. Le fait de mal prendre votre traitement peut conduire \u00e0 un \u00e9chec th\u00e9rapeutique (votre traitement ne contr\u00f4le plus le virus et la <a href=\"https:\/\/www.vivreaveclevih.org\/fr\/vih\/la-charge-virale-cest-quoi\/\">charge virale<\/a> remonte) voire \u00e0 une r\u00e9sistance de votre virus au traitement que vous preniez.<\/p>\n","background_color":false,"link_image":""},{"acf_fc_layout":"textfull","text":"<blockquote><p>Si vous pensez avoir un probl\u00e8me d\u2019addiction, vous pouvez vous tourner vers <a href=\"https:\/\/infordrogues.be\/\">Infor-Drogues<\/a> ou <a href=\"https:\/\/www.modusvivendi-be.org\/?nouvel-article-27\">Modus Vivendi<\/a> pour obtenir du soutien.<\/p><\/blockquote>\n","background_color":false},{"acf_fc_layout":"textfull","text":"<h3><strong>Un sommeil de qualit\u00e9 pour une vie de qualit\u00e9<\/strong><\/h3>\n<p>Le sommeil est important pour votre sant\u00e9 physique et mentale. Sans un bon sommeil, vous \u00eates plus \u00e0 risque de d\u00e9velopper des pathologies (telles que les maladies cardiaques) et des troubles psychologiques (comme la d\u00e9pression ou l\u2019anxi\u00e9t\u00e9). Il existe un certain nombre de troubles du sommeil\u00a0: insomnies, somnambulisme, terreurs nocturnes, cauchemars et hallucination, etc. <strong>Ces troubles ne sont pas une fatalit\u00e9 et ils peuvent \u00eatre trait\u00e9s avec un bon accompagnement, c\u2019est pourquoi il est important d\u2019en parler \u00e0 votre m\u00e9decin sp\u00e9cialiste du VIH.<\/strong><\/p>\n","background_color":false},{"acf_fc_layout":"doubleblock","content_block_left":"<p>Il est important de rechercher les causes. Parmi elles, il y a notamment\u00a0:<\/p>\n<ul>\n<li>l\u2019inqui\u00e9tude, l\u2019anxi\u00e9t\u00e9 ou la d\u00e9pression<\/li>\n<li>les facteurs externes comme la temp\u00e9rature de la pi\u00e8ce, la lumi\u00e8re ou le bruit<\/li>\n<li>une carence alimentaire<\/li>\n<li>la consommation abusive d\u2019alcool ou d\u2019excitants (drogue, th\u00e9, caf\u00e9, \u00e9cran t\u00e9l\u00e9)<\/li>\n<li>une maladie physique<\/li>\n<li>des syndromes tels que les jambes sans repos (envie irr\u00e9sistible de bouger les jambes) et l\u2019apn\u00e9e du sommeil (difficult\u00e9s \u00e0 respirer)<\/li>\n<li>les effets ind\u00e9sirables des traitements<\/li>\n<\/ul>\n","background_color_left":false,"content_block_right":"<p>Il existe un certain nombre de choses pratiques que vous pouvez faire pour mieux dormir et, dans certains cas, des m\u00e9dicaments sous avis m\u00e9dical peuvent aider. Vous pourriez par exemple\u00a0:<\/p>\n<ul>\n<li>Vous mettre en bonne condition avant le coucher\u00a0: ne pas regarder d\u2019\u00e9cran (TV, ordinateur, tablette et GSM, en effet la lumi\u00e8re bleue produit par les \u00e9crans provoquent fatigue, trouble de la concentration et maux de t\u00eate, entre autres), ne pas consommer de stimulants, se coucher d\u00e8s qu\u2019on est fatigu\u00e9\u00b7e, etc.<\/li>\n<li>Vous relaxer en soir\u00e9e avec un bain chaud ou une boisson relaxante (tisane, lait, etc.)<\/li>\n<li>Exercez une activit\u00e9 physique et de bien-\u00eatre adapt\u00e9e \u00e0 votre \u00e9tat de sant\u00e9 (marche, yoga, qi gong, etc.), participez aux\u00a0<strong><a href=\"https:\/\/www.vivreaveclevih.org\/fr\/activites\/premier-accueil\/\">activit\u00e9s pour personnes vivant avec le VIH<\/a> d<\/strong>ans les associations.<\/li>\n<li>Essayer des compl\u00e9ments alimentaires, des rem\u00e8des \u00e0 base de plante ou des m\u00e9dicaments SUR AVIS MEDICAL UNIQUEMENT, car certains peuvent interf\u00e9rer avec l\u2019action de vos traitements (comme le millepertuis)<\/li>\n<li>Adapter la prise de votre traitement avec l\u2019avis de votre m\u00e9decin sp\u00e9cialiste du VIH<\/li>\n<\/ul>\n","background_color_right":false},{"acf_fc_layout":"textfull","text":"<h3><strong>J\u2019ai beau dormir, je me sens toujours fatigu\u00e9\u00b7e\u2026<\/strong><\/h3>\n<p>La fatigue est un probl\u00e8me courant qui touche beaucoup de monde et qui peut avoir un impact majeur sur votre quotidien. Souvent, elle est due \u00e0 un sommeil insuffisant ou de mauvaise qualit\u00e9, mais elle peut aussi \u00eatre caus\u00e9e par une mauvaise alimentation, les traitements, le VIH ou une autre maladie.<\/p>\n<ul>\n<li><strong>La mauvaise alimentation<\/strong>\u00a0: bien manger donne l\u2019\u00e9nergie n\u00e9cessaire au corps pour fonctionner, mais il se peut que vous n\u2019absorbiez pas correctement tous les nutriments et les vitamines dont vous avez besoin, et que, par cons\u00e9quent, vous soyez en carence. Les Centres de r\u00e9f\u00e9rence VIH propose des consultations avec un\u00b7e di\u00e9t\u00e9ticien\u00b7ne, n\u2019h\u00e9sitez donc pas \u00e0 prendre rendez-vous pour vous faire accompagner.<\/li>\n<li><strong><a href=\"https:\/\/www.vivreaveclevih.org\/fr\/traitement\/vih\/les-traitements-contre-le-vih\/\">Les traitements<\/a> et le <a href=\"https:\/\/www.vivreaveclevih.org\/fr\/vih\/le-vih-cest-quoi\/\">VIH<\/a><\/strong>\u00a0: la pr\u00e9sence du VIH dans le corps provoque une forte r\u00e9ponse immunitaire et donc une inflammation chronique qui peut fatiguer la personne, ce qui est d\u2019autant plus vrai si la charge virale est \u00e9lev\u00e9e. Votre traitement est donc sens\u00e9 vous aider \u00e0 combattre le virus et donc \u00e0 \u00eatre moins fatigu\u00e9\u00b7e, mais ils peuvent aussi contribuer \u00e0 cette fatigue \u00e0 cause des effets ind\u00e9sirables qui troublent le sommeil (r\u00eaves perturbants, insomnies, etc.). Si vous pensez que votre traitement est \u00e0 l\u2019origine de votre fatigue, parlez-en \u00e0 votre m\u00e9decin sp\u00e9cialiste du VIH.<\/li>\n<li><strong>Les autres maladies<\/strong>\u00a0: l\u2019apn\u00e9e du sommeil, les sympt\u00f4mes de la m\u00e9nopause, les infections virales comme la grippe ou la COVID-19 provoquent une fatigue qui peut durer des semaines, d\u2019autres maladies comme les maladies cardiaques ou le diab\u00e8te peuvent \u00e9galement causer de la fatigue, tout comme les traitements destin\u00e9s \u00e0 traiter ces maladies.<\/li>\n<\/ul>\n<p>Votre sant\u00e9 mentale joue \u00e9galement un grand r\u00f4le dans votre fatigue.<\/p>\n","background_color":false}]},"_links":{"self":[{"href":"https:\/\/www.vivreaveclevih.org\/fr\/wp-json\/wp\/v2\/pages\/11191","targetHints":{"allow":["GET"]}}],"collection":[{"href":"https:\/\/www.vivreaveclevih.org\/fr\/wp-json\/wp\/v2\/pages"}],"about":[{"href":"https:\/\/www.vivreaveclevih.org\/fr\/wp-json\/wp\/v2\/types\/page"}],"author":[{"embeddable":true,"href":"https:\/\/www.vivreaveclevih.org\/fr\/wp-json\/wp\/v2\/users\/4"}],"replies":[{"embeddable":true,"href":"https:\/\/www.vivreaveclevih.org\/fr\/wp-json\/wp\/v2\/comments?post=11191"}],"version-history":[{"count":7,"href":"https:\/\/www.vivreaveclevih.org\/fr\/wp-json\/wp\/v2\/pages\/11191\/revisions"}],"predecessor-version":[{"id":11681,"href":"https:\/\/www.vivreaveclevih.org\/fr\/wp-json\/wp\/v2\/pages\/11191\/revisions\/11681"}],"wp:attachment":[{"href":"https:\/\/www.vivreaveclevih.org\/fr\/wp-json\/wp\/v2\/media?parent=11191"}],"curies":[{"name":"wp","href":"https:\/\/api.w.org\/{rel}","templated":true}]}}