{"id":11719,"date":"2024-10-14T12:16:36","date_gmt":"2024-10-14T10:16:36","guid":{"rendered":"https:\/\/www.vivreaveclevih.org\/?page_id=11719"},"modified":"2025-05-12T09:47:22","modified_gmt":"2025-05-12T07:47:22","slug":"groupe-hope","status":"publish","type":"page","link":"https:\/\/www.vivreaveclevih.org\/fr\/groupe-hope\/","title":{"rendered":"Groupe Hope+"},"content":{"rendered":"","protected":false},"excerpt":{"rendered":"","protected":false},"author":4,"featured_media":0,"parent":0,"menu_order":0,"comment_status":"closed","ping_status":"closed","template":"","meta":{"_acf_changed":false,"footnotes":""},"class_list":["post-11719","page","type-page","status-publish","hentry"],"acf":{"sidebar":211,"contenu_flexible":[{"acf_fc_layout":"textfull","text":"<p class=\"cvGsUA direction-ltr align-start para-style-body\"><span class=\"OYPEnA font-feature-liga-off font-feature-clig-off font-feature-calt-off text-decoration-none text-strikethrough-none\">En tant qu&rsquo;expert\u00b7es de notre propre vie, nous, jeunes membres du groupe HOPE<sup>+<\/sup>,<\/span> <span class=\"OYPEnA font-feature-liga-off font-feature-clig-off font-feature-calt-off text-decoration-none text-strikethrough-none\">nous sommes donn\u00e9s pour mission de renforcer nos capacit\u00e9s entre pair\u00b7es afin d\u2019am\u00e9liorer la qualit\u00e9 de vie et le bien-\u00eatre des jeunes vivant avec le vih, et les rendre acteurs\u00b7trices de leur sant\u00e9 (physique, mentale, affective et sociale).<\/span><\/p>\n<p class=\"cvGsUA direction-ltr align-start para-style-body\"><span class=\"OYPEnA font-feature-liga-off font-feature-clig-off font-feature-calt-off text-decoration-none text-strikethrough-none\">Les conditions pour devenir membre sont :<\/span><\/p>\n<ul>\n<li><span class=\"OYPEnA font-feature-liga-off font-feature-clig-off font-feature-calt-off text-decoration-none text-strikethrough-none\">vivre avec le vih<\/span><\/li>\n<li><span class=\"OYPEnA font-feature-liga-off font-feature-clig-off font-feature-calt-off text-decoration-none text-strikethrough-none\">\u00eatre majeur (maximum 35 ans)<\/span><\/li>\n<li><span class=\"OYPEnA font-feature-liga-off font-feature-clig-off font-feature-calt-off text-decoration-none text-strikethrough-none\">adh\u00e9rer aux valeurs du groupe et respecter sa charte <\/span>(elle te sera transmise lors de la prise de contact)<\/li>\n<\/ul>\n<p class=\"cvGsUA direction-ltr align-start para-style-body\"><span class=\"OYPEnA font-feature-liga-off font-feature-clig-off font-feature-calt-off text-decoration-none text-strikethrough-none\">Les activit\u00e9s du groupe ont lieu 1x\/mois, \u00e0 bruxelles, et parfois en wallonie ou en flandre :\u00a0<\/span><\/p>\n<ul>\n<li>pour des moments de convivialit\u00e9 (journ\u00e9e \u00e0 la mer, pique-nique dans un parc, etc)<\/li>\n<li>pour des ateliers \u00e0 th\u00e8mes avec des professionnel\u00b7les de la sant\u00e9 aptes \u00e0 r\u00e9pondre \u00e0 nos pr\u00e9occupations<\/li>\n<li>pour des r\u00e9unions de travail\/groupe de parole<\/li>\n<\/ul>\n","background_color":false},{"acf_fc_layout":"textimage","text":"<h2 class=\"cvGsUA direction-ltr align-center para-style-body\" style=\"text-align: center;\"><span class=\"OYPEnA font-feature-liga-off font-feature-clig-off font-feature-calt-off text-decoration-none text-strikethrough-none\">N\u2019attends plus et rejoins-nous <\/span><span class=\"OYPEnA font-feature-liga-off font-feature-clig-off font-feature-calt-off text-decoration-none text-strikethrough-none\">d\u00e8s\u00a0 \u00a0maintenant !<\/span><\/h2>\n<p class=\"cvGsUA direction-ltr align-center para-style-body\" style=\"text-align: center;\"><strong><span class=\"OYPEnA font-feature-liga-off font-feature-clig-off font-feature-calt-off text-decoration-underline text-strikethrough-none\">Contacte-nous<\/span><\/strong><\/p>\n<p class=\"cvGsUA direction-ltr align-center para-style-body\" style=\"text-align: center;\"><span class=\"OYPEnA font-feature-liga-off font-feature-clig-off font-feature-calt-off text-decoration-none text-strikethrough-none\">Par t\u00e9l\u00e9phone au 0032484 73 50 81 ou 02 733 72 99<\/span><\/p>\n<p class=\"cvGsUA direction-ltr align-center para-style-body\" style=\"text-align: center;\">Par email \u00e0 <a href=\"mailto:hopebelgique42@gmail.com\">hopebelgique42<span class=\"OYPEnA font-feature-liga-off font-feature-clig-off font-feature-calt-off text-decoration-none text-strikethrough-none\">@gmail.com<\/span><\/a><\/p>\n<p class=\"cvGsUA direction-ltr align-center para-style-body\" style=\"text-align: center;\"><span class=\"OYPEnA font-feature-liga-off font-feature-clig-off font-feature-calt-off text-decoration-none text-strikethrough-none\">Plateforme pr\u00e9vention sida<\/span><\/p>\n<p class=\"cvGsUA direction-ltr align-center para-style-body\" style=\"text-align: center;\"><span class=\"OYPEnA font-feature-liga-off font-feature-clig-off font-feature-calt-off text-decoration-none text-strikethrough-none\">Place de la vieille halle aux bl\u00e9s 28\/29, 1000 Bruxelles<\/span><\/p>\n<p style=\"text-align: right;\"><em><span class=\"OYPEnA font-feature-liga-off font-feature-clig-off font-feature-calt-off text-decoration-none text-strikethrough-none\">HOPE<sup>+<\/sup> est un groupe de jeunes vivant avec le VIH soutenu par la Plateforme pr\u00e9vention sida.<\/span><\/em><\/p>\n","image":12008,"background_color":false,"link_image":""}]},"_links":{"self":[{"href":"https:\/\/www.vivreaveclevih.org\/fr\/wp-json\/wp\/v2\/pages\/11719","targetHints":{"allow":["GET"]}}],"collection":[{"href":"https:\/\/www.vivreaveclevih.org\/fr\/wp-json\/wp\/v2\/pages"}],"about":[{"href":"https:\/\/www.vivreaveclevih.org\/fr\/wp-json\/wp\/v2\/types\/page"}],"author":[{"embeddable":true,"href":"https:\/\/www.vivreaveclevih.org\/fr\/wp-json\/wp\/v2\/users\/4"}],"replies":[{"embeddable":true,"href":"https:\/\/www.vivreaveclevih.org\/fr\/wp-json\/wp\/v2\/comments?post=11719"}],"version-history":[{"count":7,"href":"https:\/\/www.vivreaveclevih.org\/fr\/wp-json\/wp\/v2\/pages\/11719\/revisions"}],"predecessor-version":[{"id":12009,"href":"https:\/\/www.vivreaveclevih.org\/fr\/wp-json\/wp\/v2\/pages\/11719\/revisions\/12009"}],"wp:attachment":[{"href":"https:\/\/www.vivreaveclevih.org\/fr\/wp-json\/wp\/v2\/media?parent=11719"}],"curies":[{"name":"wp","href":"https:\/\/api.w.org\/{rel}","templated":true}]}}