{"id":12217,"date":"2026-03-24T12:02:25","date_gmt":"2026-03-24T11:02:25","guid":{"rendered":"https:\/\/www.vivreaveclevih.org\/?page_id=12217"},"modified":"2026-03-24T12:31:00","modified_gmt":"2026-03-24T11:31:00","slug":"recolte-de-temoignages-de-discriminations-vecues-en-tant-que-personne-vivant-avec-le-vih","status":"publish","type":"page","link":"https:\/\/www.vivreaveclevih.org\/fr\/recolte-de-temoignages-de-discriminations-vecues-en-tant-que-personne-vivant-avec-le-vih\/","title":{"rendered":"R\u00e9colte de t\u00e9moignages de discriminations v\u00e9cues en tant que personne vivant avec le VIH"},"content":{"rendered":"","protected":false},"excerpt":{"rendered":"","protected":false},"author":4,"featured_media":0,"parent":0,"menu_order":0,"comment_status":"closed","ping_status":"closed","template":"","meta":{"_acf_changed":false,"footnotes":""},"class_list":["post-12217","page","type-page","status-publish","hentry"],"acf":{"sidebar":false,"contenu_flexible":[{"acf_fc_layout":"textfull","text":"<h3>Vous estimez avoir \u00e9t\u00e9 victime d\u2019une discrimination ou d\u2019un traitement inappropri\u00e9 (<em>un refus de soin, un report de rendez-vous, du rejet, des propos inadapt\u00e9, etc&#8230;<\/em>), en ligne ou dans la vraie vie ?<\/h3>\n<p><strong>Nous vous invitons \u00e0 nous raconter votre histoire, nous faire part de ce qui vous a mis\u00b7e mal \u00e0 l\u2019aise et ce de fa\u00e7on anonyme.<\/strong><\/p>\n<p><strong>Nous vous garantissons que ces informations seront gard\u00e9es dans le seul but de nourrir nos actions de plaidoyer et notre combat de lutte contre les discriminations envers les PVVIH, ce sans que votre identit\u00e9 ne soit r\u00e9v\u00e9l\u00e9e.<\/strong><\/p>\n<p><b><span class=\"\">Unia<\/span><\/b><span class=\"\">\u00a0est une institution publique ind\u00e9pendante qui lutte contre la discrimination et d\u00e9fend l\u2019\u00e9galit\u00e9 des chances en Belgique. Ce service enregistre les plaintes, accueille les victimes et les conseille apr\u00e8s avoir analys\u00e9 les situations rapport\u00e9es. Unia peut vous soutenir dans vos d\u00e9marches, vous apporter un soutien individuel, mener des conciliations et \u00e9ventuellement, dans certains cas, d\u00e9poser plainte devant les tribunaux, avec l\u2019accord de la victime.<\/span><\/p>\n<p><a class=\"btn-center\" href=\"https:\/\/www.vivreaveclevih.org\/fr\/mes-droits\/victime-de-discrimination-que-faire\/\">victime de discrimination ? Que faire ?<\/a><\/p>\n<p><strong>D\u2019avance, nous vous remercions pour votre confiance.<\/strong><\/p>\n","background_color":true},{"acf_fc_layout":"textfull","text":"\n<div class=\"wpcf7 no-js\" id=\"wpcf7-f12213-o1\" lang=\"fr-FR\" dir=\"ltr\" data-wpcf7-id=\"12213\">\n<div class=\"screen-reader-response\"><p role=\"status\" aria-live=\"polite\" aria-atomic=\"true\"><\/p> <ul><\/ul><\/div>\n<form action=\"\/fr\/wp-json\/wp\/v2\/pages\/12217#wpcf7-f12213-o1\" method=\"post\" class=\"wpcf7-form init\" aria-label=\"Formulaire de contact\" novalidate=\"novalidate\" data-status=\"init\">\n<fieldset class=\"hidden-fields-container\"><input type=\"hidden\" name=\"_wpcf7\" value=\"12213\" \/><input type=\"hidden\" name=\"_wpcf7_version\" value=\"6.1.5\" \/><input type=\"hidden\" name=\"_wpcf7_locale\" value=\"fr_FR\" \/><input type=\"hidden\" name=\"_wpcf7_unit_tag\" value=\"wpcf7-f12213-o1\" \/><input type=\"hidden\" name=\"_wpcf7_container_post\" value=\"0\" \/><input type=\"hidden\" name=\"_wpcf7_posted_data_hash\" value=\"\" \/><input type=\"hidden\" name=\"_wpcf7_recaptcha_response\" value=\"\" \/>\n<\/fieldset>\n<h3>Les questions suivantes sont importantes pour mieux comprendre votre situation\u00a0:\n<\/h3>\n<fieldset>\n\t<legend>\u00c2ge\u00a0:\n\t<\/legend>\n\t<p><span class=\"wpcf7-form-control-wrap\" data-name=\"your-age\"><select class=\"wpcf7-form-control wpcf7-select wpcf7-validates-as-required\" aria-required=\"true\" aria-invalid=\"false\" name=\"your-age\"><option value=\"10\">10<\/option><option value=\"11\">11<\/option><option value=\"12\">12<\/option><option value=\"13\">13<\/option><option value=\"14\">14<\/option><option value=\"15\">15<\/option><option value=\"16\">16<\/option><option value=\"17\">17<\/option><option value=\"18\">18<\/option><option value=\"19\">19<\/option><option value=\"20\">20<\/option><option value=\"21\">21<\/option><option value=\"22\">22<\/option><option value=\"23\">23<\/option><option value=\"24\">24<\/option><option value=\"25\">25<\/option><option value=\"26\">26<\/option><option value=\"27\">27<\/option><option value=\"28\">28<\/option><option value=\"29\">29<\/option><option value=\"30\">30<\/option><option value=\"31\">31<\/option><option value=\"32\">32<\/option><option value=\"33\">33<\/option><option value=\"34\">34<\/option><option value=\"35\">35<\/option><option value=\"36\">36<\/option><option value=\"37\">37<\/option><option value=\"38\">38<\/option><option value=\"39\">39<\/option><option value=\"40\">40<\/option><option value=\"41\">41<\/option><option value=\"42\">42<\/option><option value=\"43\">43<\/option><option value=\"44\">44<\/option><option value=\"45\">45<\/option><option value=\"46\">46<\/option><option value=\"47\">47<\/option><option value=\"48\">48<\/option><option value=\"49\">49<\/option><option value=\"50\">50<\/option><option value=\"51\">51<\/option><option value=\"52\">52<\/option><option value=\"53\">53<\/option><option value=\"54\">54<\/option><option value=\"55\">55<\/option><option value=\"56\">56<\/option><option value=\"57\">57<\/option><option value=\"58\">58<\/option><option value=\"59\">59<\/option><option value=\"60\">60<\/option><option value=\"61\">61<\/option><option value=\"62\">62<\/option><option value=\"63\">63<\/option><option value=\"64\">64<\/option><option value=\"65\">65<\/option><option value=\"66\">66<\/option><option value=\"67\">67<\/option><option value=\"68\">68<\/option><option value=\"69\">69<\/option><option value=\"70\">70<\/option><option value=\"71\">71<\/option><option value=\"72\">72<\/option><option value=\"73\">73<\/option><option value=\"74\">74<\/option><option value=\"75\">75<\/option><option value=\"76\">76<\/option><option value=\"77\">77<\/option><option value=\"78\">78<\/option><option value=\"79\">79<\/option><option value=\"80\">80<\/option><option value=\"81\">81<\/option><option value=\"82\">82<\/option><option value=\"83\">83<\/option><option value=\"84\">84<\/option><option value=\"85\">85<\/option><option value=\"86\">86<\/option><option value=\"87\">87<\/option><option value=\"88\">88<\/option><option value=\"89\">89<\/option><option value=\"90\">90<\/option><option value=\"91\">91<\/option><option value=\"92\">92<\/option><option value=\"93\">93<\/option><option value=\"94\">94<\/option><option value=\"95\">95<\/option><option value=\"96\">96<\/option><option value=\"97\">97<\/option><option value=\"98\">98<\/option><option value=\"99\">99<\/option><option value=\"100\">100<\/option><\/select><\/span>\n\t<\/p>\n<\/fieldset>\n<fieldset>\n\t<legend>Vous \u00eates :\n\t<\/legend>\n\t<p><span class=\"wpcf7-form-control-wrap\" data-name=\"your-genre\"><span class=\"wpcf7-form-control wpcf7-radio\"><span class=\"wpcf7-list-item first\"><label><input type=\"radio\" name=\"your-genre\" value=\"Un homme\" \/><span class=\"wpcf7-list-item-label\">Un homme<\/span><\/label><\/span><span class=\"wpcf7-list-item\"><label><input type=\"radio\" name=\"your-genre\" value=\"Une femme\" \/><span class=\"wpcf7-list-item-label\">Une femme<\/span><\/label><\/span><span class=\"wpcf7-list-item\"><label><input type=\"radio\" name=\"your-genre\" value=\"Une personne non-binaire\" \/><span class=\"wpcf7-list-item-label\">Une personne non-binaire<\/span><\/label><\/span><span class=\"wpcf7-list-item\"><label><input type=\"radio\" name=\"your-genre\" value=\"Autre\" \/><span class=\"wpcf7-list-item-label\">Autre<\/span><\/label><\/span><span class=\"wpcf7-list-item last\"><label><input type=\"radio\" name=\"your-genre\" value=\"Je pr\u00e9f\u00e8re ne pas r\u00e9pondre\" \/><span class=\"wpcf7-list-item-label\">Je pr\u00e9f\u00e8re ne pas r\u00e9pondre<\/span><\/label><\/span><\/span><\/span>\n\t<\/p>\n<\/fieldset>\n<fieldset>\n\t<legend>De quelle origine culturelle ou communautaire vous sentez-vous proche ? :\n\t<\/legend>\n\t<p><span class=\"wpcf7-form-control-wrap\" data-name=\"your-origine\"><span class=\"wpcf7-form-control wpcf7-checkbox wpcf7-validates-as-required\"><span class=\"wpcf7-list-item first\"><label><input type=\"checkbox\" name=\"your-origine[]\" value=\"Belge\" \/><span class=\"wpcf7-list-item-label\">Belge<\/span><\/label><\/span><span class=\"wpcf7-list-item\"><label><input type=\"checkbox\" name=\"your-origine[]\" value=\"Europ\u00e9en\u00b7ne\" \/><span class=\"wpcf7-list-item-label\">Europ\u00e9en\u00b7ne<\/span><\/label><\/span><span class=\"wpcf7-list-item\"><label><input type=\"checkbox\" name=\"your-origine[]\" value=\"Afrodescendant\u00b7e\" \/><span class=\"wpcf7-list-item-label\">Afrodescendant\u00b7e<\/span><\/label><\/span><span class=\"wpcf7-list-item\"><label><input type=\"checkbox\" name=\"your-origine[]\" value=\"Latino\" \/><span class=\"wpcf7-list-item-label\">Latino<\/span><\/label><\/span><span class=\"wpcf7-list-item\"><label><input type=\"checkbox\" name=\"your-origine[]\" value=\"Carib\u00e9en\u00b7e\" \/><span class=\"wpcf7-list-item-label\">Carib\u00e9en\u00b7e<\/span><\/label><\/span><span class=\"wpcf7-list-item\"><label><input type=\"checkbox\" name=\"your-origine[]\" value=\"Maghr\u00e9bin\u00b7e\" \/><span class=\"wpcf7-list-item-label\">Maghr\u00e9bin\u00b7e<\/span><\/label><\/span><span class=\"wpcf7-list-item last\"><label><input type=\"checkbox\" name=\"your-origine[]\" value=\"Autre\" \/><span class=\"wpcf7-list-item-label\">Autre<\/span><\/label><\/span><\/span><\/span>\n\t<\/p>\n<\/fieldset>\n<fieldset>\n\t<legend>Quelle est votre orientation sexuelle ? :\n\t<\/legend>\n\t<p><span class=\"wpcf7-form-control-wrap\" data-name=\"your-orientation\"><span class=\"wpcf7-form-control wpcf7-checkbox wpcf7-validates-as-required wpcf7-exclusive-checkbox\"><span class=\"wpcf7-list-item first\"><label><input type=\"checkbox\" name=\"your-orientation\" value=\"H\u00e9t\u00e9rosexuel\u00b7le\" \/><span class=\"wpcf7-list-item-label\">H\u00e9t\u00e9rosexuel\u00b7le<\/span><\/label><\/span><span class=\"wpcf7-list-item\"><label><input type=\"checkbox\" name=\"your-orientation\" value=\"Homosexuel\u00b7le\" \/><span class=\"wpcf7-list-item-label\">Homosexuel\u00b7le<\/span><\/label><\/span><span class=\"wpcf7-list-item\"><label><input type=\"checkbox\" name=\"your-orientation\" value=\"Bisexuel\u00b7le\" \/><span class=\"wpcf7-list-item-label\">Bisexuel\u00b7le<\/span><\/label><\/span><span class=\"wpcf7-list-item\"><label><input type=\"checkbox\" name=\"your-orientation\" value=\"Autre\" \/><span class=\"wpcf7-list-item-label\">Autre<\/span><\/label><\/span><span class=\"wpcf7-list-item\"><label><input type=\"checkbox\" name=\"your-orientation\" value=\"Je ne sais pas\" \/><span class=\"wpcf7-list-item-label\">Je ne sais pas<\/span><\/label><\/span><span class=\"wpcf7-list-item last\"><label><input type=\"checkbox\" name=\"your-orientation\" value=\"Je ne souhaite pas r\u00e9pondre\" \/><span class=\"wpcf7-list-item-label\">Je ne souhaite pas r\u00e9pondre<\/span><\/label><\/span><\/span><\/span>\n\t<\/p>\n<\/fieldset>\n<fieldset>\n\t<legend>Quelle est votre composition familiale ? :\n\t<\/legend>\n\t<p><span class=\"wpcf7-form-control-wrap\" data-name=\"your-composition\"><span class=\"wpcf7-form-control wpcf7-checkbox wpcf7-validates-as-required wpcf7-exclusive-checkbox\"><span class=\"wpcf7-list-item first\"><label><input type=\"checkbox\" name=\"your-composition\" value=\"Isol\u00e9\" \/><span class=\"wpcf7-list-item-label\">Isol\u00e9<\/span><\/label><\/span><span class=\"wpcf7-list-item\"><label><input type=\"checkbox\" name=\"your-composition\" value=\"Monoparental\" \/><span class=\"wpcf7-list-item-label\">Monoparental<\/span><\/label><\/span><span class=\"wpcf7-list-item\"><label><input type=\"checkbox\" name=\"your-composition\" value=\"Couple sans enfant(s)\" \/><span class=\"wpcf7-list-item-label\">Couple sans enfant(s)<\/span><\/label><\/span><span class=\"wpcf7-list-item last\"><label><input type=\"checkbox\" name=\"your-composition\" value=\"Couple avec enfant(s)\" \/><span class=\"wpcf7-list-item-label\">Couple avec enfant(s)<\/span><\/label><\/span><\/span><\/span>\n\t<\/p>\n<\/fieldset>\n<fieldset>\n\t<legend>Quel est votre \u00e9tat civil ? :\n\t<\/legend>\n\t<p><span class=\"wpcf7-form-control-wrap\" data-name=\"your-etatcivil\"><span class=\"wpcf7-form-control wpcf7-checkbox wpcf7-validates-as-required wpcf7-exclusive-checkbox\"><span class=\"wpcf7-list-item first\"><label><input type=\"checkbox\" name=\"your-etatcivil\" value=\"C\u00e9libataire\" \/><span class=\"wpcf7-list-item-label\">C\u00e9libataire<\/span><\/label><\/span><span class=\"wpcf7-list-item\"><label><input type=\"checkbox\" name=\"your-etatcivil\" value=\"Mari\u00e9\u00b7e\" \/><span class=\"wpcf7-list-item-label\">Mari\u00e9\u00b7e<\/span><\/label><\/span><span class=\"wpcf7-list-item\"><label><input type=\"checkbox\" name=\"your-etatcivil\" value=\"Veuf\u00b7ve\" \/><span class=\"wpcf7-list-item-label\">Veuf\u00b7ve<\/span><\/label><\/span><span class=\"wpcf7-list-item\"><label><input type=\"checkbox\" name=\"your-etatcivil\" value=\"Divorc\u00e9\u00b7e\" \/><span class=\"wpcf7-list-item-label\">Divorc\u00e9\u00b7e<\/span><\/label><\/span><span class=\"wpcf7-list-item\"><label><input type=\"checkbox\" name=\"your-etatcivil\" value=\"S\u00e9par\u00e9\u00b7e\" \/><span class=\"wpcf7-list-item-label\">S\u00e9par\u00e9\u00b7e<\/span><\/label><\/span><span class=\"wpcf7-list-item last\"><label><input type=\"checkbox\" name=\"your-etatcivil\" value=\"Cohabitant\u00b7e l\u00e9gal\" \/><span class=\"wpcf7-list-item-label\">Cohabitant\u00b7e l\u00e9gal<\/span><\/label><\/span><\/span><\/span>\n\t<\/p>\n<\/fieldset>\n<fieldset>\n\t<h3>Pourriez-vous expliquer en d\u00e9tail le d\u00e9roulement des faits, ainsi que les d\u00e9marches effectu\u00e9es\u00a0apr\u00e8s ?\n\t<\/h3>\n\t<p><span class=\"wpcf7-form-control-wrap\" data-name=\"faits-demarches\"><textarea cols=\"40\" rows=\"10\" maxlength=\"2000\" class=\"wpcf7-form-control wpcf7-textarea wpcf7-validates-as-required\" aria-required=\"true\" aria-invalid=\"false\" name=\"faits-demarches\"><\/textarea><\/span>\n\t<\/p>\n<\/fieldset>\n<fieldset>\n\t<h3>Souhaiteriez-vous que votre cas soit signal\u00e9 aupr\u00e8s d\u2019UNIA de fa\u00e7on anonyme ou souhaiteriez-vous le faire de vous-m\u00eame ?\n\t<\/h3>\n\t<p><span class=\"wpcf7-form-control-wrap\" data-name=\"signalement-unia\"><span class=\"wpcf7-form-control wpcf7-radio\"><span class=\"wpcf7-list-item first\"><label><input type=\"radio\" name=\"signalement-unia\" value=\"Je souhaite que mon cas soit signal\u00e9 anonymement aupr\u00e8s d&#039;UNIA\" \/><span class=\"wpcf7-list-item-label\">Je souhaite que mon cas soit signal\u00e9 anonymement aupr\u00e8s d&#039;UNIA<\/span><\/label><\/span><span class=\"wpcf7-list-item last\"><label><input type=\"radio\" name=\"signalement-unia\" value=\"Je souhaite signaler moi-m\u00eame mon cas \u00e0 UNIA\" \/><span class=\"wpcf7-list-item-label\">Je souhaite signaler moi-m\u00eame mon cas \u00e0 UNIA<\/span><\/label><\/span><\/span><\/span>\n\t<\/p>\n<\/fieldset>\n<fieldset>\n\t<p><span class=\"wpcf7-form-control-wrap\" data-name=\"autorisation-informations\"><span class=\"wpcf7-form-control wpcf7-checkbox wpcf7-validates-as-required\"><span class=\"wpcf7-list-item first last\"><label><input type=\"checkbox\" name=\"autorisation-informations[]\" value=\"J&#039;autorise la Plateforme Pr\u00e9vention Sida \u00e0 utiliser mes informations pour que mon cas soit signal\u00e9 anonymement aupr\u00e8s d&#039;UNIA si je le souhaite\" \/><span class=\"wpcf7-list-item-label\">J&#039;autorise la Plateforme Pr\u00e9vention Sida \u00e0 utiliser mes informations pour que mon cas soit signal\u00e9 anonymement aupr\u00e8s d&#039;UNIA si je le souhaite<\/span><\/label><\/span><\/span><\/span>\n\t<\/p>\n<\/fieldset>\n<p>&nbsp;<br \/>\n<span id=\"wpcf7-69ff269a6eca9-wrapper\" class=\"wpcf7-form-control-wrap honeypot-34-wrap\" style=\"display:none !important; visibility:hidden !important;\"><label for=\"wpcf7-69ff269a6eca9-field\" class=\"hp-message\">Veuillez laisser ce champ vide.<\/label><input id=\"wpcf7-69ff269a6eca9-field\"  class=\"wpcf7-form-control wpcf7-text\" type=\"text\" name=\"honeypot-34\" value=\"\" size=\"40\" tabindex=\"-1\" autocomplete=\"new-password\" \/><\/span><br \/>\n<input class=\"wpcf7-form-control wpcf7-submit has-spinner\" type=\"submit\" value=\"Envoyer\" \/>\n<\/p><div class=\"wpcf7-response-output\" aria-hidden=\"true\"><\/div>\n<\/form>\n<\/div>\n\n","background_color":false},{"acf_fc_layout":"textfull","text":"<h3 style=\"text-align: center;\">Notre service est \u00e9galement \u00e0 votre disposition pour vous soutenir et vous accompagner par t\u00e9l\u00e9phone au 02\/733 72 99 ou au 0484\/73 50 81<\/h3>\n<h3 style=\"text-align: center;\">Signalement chez UNIA soit par t\u00e9l\u00e9phone au 0800 12 800 ou directement via le formulaire en ligne sur leur site internet :<\/h3>\n<p><a class=\"btn-center\" href=\"https:\/\/www.signalement.unia.be\/fr\/signale-le\">FAIRE UN SIGNALEMENT CHEZ UNIA<\/a><\/p>\n","background_color":true}]},"_links":{"self":[{"href":"https:\/\/www.vivreaveclevih.org\/fr\/wp-json\/wp\/v2\/pages\/12217","targetHints":{"allow":["GET"]}}],"collection":[{"href":"https:\/\/www.vivreaveclevih.org\/fr\/wp-json\/wp\/v2\/pages"}],"about":[{"href":"https:\/\/www.vivreaveclevih.org\/fr\/wp-json\/wp\/v2\/types\/page"}],"author":[{"embeddable":true,"href":"https:\/\/www.vivreaveclevih.org\/fr\/wp-json\/wp\/v2\/users\/4"}],"replies":[{"embeddable":true,"href":"https:\/\/www.vivreaveclevih.org\/fr\/wp-json\/wp\/v2\/comments?post=12217"}],"version-history":[{"count":7,"href":"https:\/\/www.vivreaveclevih.org\/fr\/wp-json\/wp\/v2\/pages\/12217\/revisions"}],"predecessor-version":[{"id":12225,"href":"https:\/\/www.vivreaveclevih.org\/fr\/wp-json\/wp\/v2\/pages\/12217\/revisions\/12225"}],"wp:attachment":[{"href":"https:\/\/www.vivreaveclevih.org\/fr\/wp-json\/wp\/v2\/media?parent=12217"}],"curies":[{"name":"wp","href":"https:\/\/api.w.org\/{rel}","templated":true}]}}