{"id":15,"date":"2019-08-26T09:37:54","date_gmt":"2019-08-26T07:37:54","guid":{"rendered":"https:\/\/www.vivreaveclevih.org\/?page_id=15"},"modified":"2025-05-20T12:09:12","modified_gmt":"2025-05-20T10:09:12","slug":"accueil","status":"publish","type":"page","link":"https:\/\/www.vivreaveclevih.org\/fr\/","title":{"rendered":"Accueil"},"content":{"rendered":"","protected":false},"excerpt":{"rendered":"","protected":false},"author":1,"featured_media":0,"parent":0,"menu_order":0,"comment_status":"closed","ping_status":"closed","template":"template-page\/homepage.php","meta":{"_acf_changed":false,"footnotes":""},"class_list":["post-15","page","type-page","status-publish","hentry"],"acf":{"faq_titre":"Questions fr\u00e9quentes","faq_cta":{"title":"Voir toutes les questions","url":"https:\/\/www.vivreaveclevih.org\/fr\/faq\/","target":""},"faq_image":101,"faq_no_result":"<h3>Vous n\u2019avez pas trouv\u00e9 ce que vous cherchiez ?<\/h3>\n<p>Les professionnel\u00b7les de la Plateforme Pr\u00e9vention Sida sont \u00e0 votre \u00e9coute<\/p>\n","faq_cta_contact":{"title":"Contactez-nous","url":"https:\/\/www.vivreaveclevih.org\/fr\/nous-contacter\/","target":""},"news_titre":"Actualit\u00e9s","news_lien":{"title":"Voir plus d'actus","url":"https:\/\/www.vivreaveclevih.org\/fr\/actualite\/?filter=news","target":""},"qui_titre":"Qui sommes-nous ?","qui_texte":"<p>La Plateforme Pr\u00e9vention Sida est une association belge travaillant, en R\u00e9gion Wallonne et en R\u00e9gion Bruxelloise, sur la pr\u00e9vention du VIH-Sida et des autres Infections Sexuellement Transmissibles (IST).<\/p>\n<p>Depuis 20 ans, la Plateforme Pr\u00e9vention Sida a pour mandat la cr\u00e9ation, la r\u00e9alisation et la diffusion des outils et des campagnes de pr\u00e9vention. En 2018 s\u2019est op\u00e9r\u00e9 un changement important avec la fusion avec SidAids Migrants\/SIREAS, le service de pr\u00e9vention des IST\/sida \u00e0 destination des migrants.<\/p>\n","qui_lien":{"title":"En savoir plus","url":"https:\/\/www.vivreaveclevih.org\/fr\/nous-connaitre\/","target":""},"qui_don":{"title":"Nous soutenir","url":"https:\/\/www.vivreaveclevih.org\/fr\/nous-soutenir\/","target":""},"hp_keys_facts":[{"hp_keys_facts_img":"pill","hp_keys_facts_chiffre":"18.316","hp_keys_facts_text":"patients infect\u00e9s par le VIH \u00e9taient sous traitement entre le 01\/01\/2023 et le 31\/12\/2023"},{"hp_keys_facts_img":"ist","hp_keys_facts_chiffre":"18.690","hp_keys_facts_text":"personnes vivaient avec le VIH en Belgique entre le 01\/01\/2023 et le 31\/12\/2023"},{"hp_keys_facts_img":"people","hp_keys_facts_chiffre":"39,9 millions","hp_keys_facts_text":"de personnes vivaient avec le VIH dans le monde entre le 01\/01\/2023 et le 31\/12\/2023"}],"qui_titre_2":"Les chiffres cl\u00e9s","liens":[{"cta_block_titre":"espace pro","cta_block_texte":"Les outils, activit\u00e9s et informations pour parler des IST\/du VIH et de la sant\u00e9 sexuelle avec vos publics","url":"https:\/\/preventionsida.org\/fr\/espace-pro\/","img":"https:\/\/www.vivreaveclevih.org\/wp-content\/uploads\/2019\/09\/pro.jpg"},{"cta_block_titre":"Cool and Safe","cta_block_texte":"Les activit\u00e9s, outils et informations m\u00e9dicales\/sociales pour les personnes d\u2019origine \u00e9trang\u00e8re vivant en Belgique","url":"https:\/\/www.cool-and-safe.org\/","img":"https:\/\/www.vivreaveclevih.org\/wp-content\/uploads\/2019\/09\/migrants.jpg"},{"cta_block_titre":"Plateforme Pr\u00e9vention Sida","cta_block_texte":"Les activit\u00e9s, outils et informations m\u00e9dicales\/sociales pour le grand public","url":"https:\/\/preventionsida.org\/fr\/","img":"https:\/\/www.vivreaveclevih.org\/wp-content\/uploads\/2019\/09\/vih.jpg"}],"liens_titre":"Vous avez un profil sp\u00e9cifique","sex_title":"Ma sant\u00e9 sexuelle","sex_block":[{"sex_block_titre":"O\u00f9 puis-je me faire <span>soigner<\/span>\u00a0?","sex_block_sous_titre":"\u00e0 Bruxelles et en Wallonie","sex_block_image":"location","sex_block_url":"https:\/\/www.vivreaveclevih.org\/fr\/depistage\/centres-de-soins\/"},{"sex_block_titre":"Je vis avec <span>le VIH<\/span>","sex_block_sous_titre":"","sex_block_image":"loupe","sex_block_url":"https:\/\/www.vivreaveclevih.org\/fr\/je-vis-avec-le-vih\/"},{"sex_block_titre":"Tester mes <span>connaissances<\/span> sur les IST\/VIH","sex_block_sous_titre":"","sex_block_image":"lightbulb","sex_block_url":"https:\/\/www.vivreaveclevih.org\/fr\/quiz\/"}]},"_links":{"self":[{"href":"https:\/\/www.vivreaveclevih.org\/fr\/wp-json\/wp\/v2\/pages\/15","targetHints":{"allow":["GET"]}}],"collection":[{"href":"https:\/\/www.vivreaveclevih.org\/fr\/wp-json\/wp\/v2\/pages"}],"about":[{"href":"https:\/\/www.vivreaveclevih.org\/fr\/wp-json\/wp\/v2\/types\/page"}],"author":[{"embeddable":true,"href":"https:\/\/www.vivreaveclevih.org\/fr\/wp-json\/wp\/v2\/users\/1"}],"replies":[{"embeddable":true,"href":"https:\/\/www.vivreaveclevih.org\/fr\/wp-json\/wp\/v2\/comments?post=15"}],"version-history":[{"count":4,"href":"https:\/\/www.vivreaveclevih.org\/fr\/wp-json\/wp\/v2\/pages\/15\/revisions"}],"predecessor-version":[{"id":12016,"href":"https:\/\/www.vivreaveclevih.org\/fr\/wp-json\/wp\/v2\/pages\/15\/revisions\/12016"}],"wp:attachment":[{"href":"https:\/\/www.vivreaveclevih.org\/fr\/wp-json\/wp\/v2\/media?parent=15"}],"curies":[{"name":"wp","href":"https:\/\/api.w.org\/{rel}","templated":true}]}}