{"id":258,"date":"2021-07-07T20:46:45","date_gmt":"2021-07-07T20:46:45","guid":{"rendered":"https:\/\/www.vivreaveclevih.org\/?page_id=258"},"modified":"2022-07-12T09:14:17","modified_gmt":"2022-07-12T07:14:17","slug":"comment-se-proteger-des-ist","status":"publish","type":"page","link":"https:\/\/www.vivreaveclevih.org\/fr\/ist\/comment-se-proteger-des-ist\/","title":{"rendered":"Comment se prot\u00e9ger des IST ?"},"content":{"rendered":"","protected":false},"excerpt":{"rendered":"","protected":false},"author":1,"featured_media":0,"parent":21,"menu_order":0,"comment_status":"closed","ping_status":"closed","template":"","meta":{"_acf_changed":false,"footnotes":""},"class_list":["post-258","page","type-page","status-publish","hentry"],"acf":{"sidebar":211,"contenu_flexible":[{"acf_fc_layout":"textfull","text":"<p>Le <a href=\"https:\/\/www.vivreaveclevih.org\/fr\/protection\/le-preservatif\/\"><strong>pr\u00e9servatif<\/strong><\/a> (et le <a href=\"https:\/\/www.vivreaveclevih.org\/fr\/protection\/le-carre-de-latex\/\"><strong>carr\u00e9 de latex<\/strong><\/a>) est un moyen incontournable pour se prot\u00e9ger de la plupart des <a href=\"https:\/\/www.vivreaveclevih.org\/fr\/ist\/les-ist-cest-quoi\/\"><strong>IST<\/strong><\/a>. Mais il n\u2019est pas le seul. Le <a href=\"https:\/\/www.vivreaveclevih.org\/fr\/depistage\/le-depistage-des-ist\/\"><strong>d\u00e9pistage<\/strong><\/a> et les <a href=\"https:\/\/www.vivreaveclevih.org\/fr\/traitement\/ist\/le-traitement-des-ist\/\"><strong>traitements<\/strong><\/a> jouent aussi un r\u00f4le capital dans la pr\u00e9vention des IST.<\/p>\n<p>En effet, savoir que l\u2019on est infect\u00e9\u00b7e par une IST permet non seulement d\u2019adapter son comportement pour ne pas transmettre l\u2019infection, mais aussi de b\u00e9n\u00e9ficier de traitements qui permettront de gu\u00e9rir et donc de ne pas infecter d\u2019autres personnes.<\/p>\n<p>D\u00e9pistage et traitement sont donc des outils qui permettent d\u2019\u00e9viter la transmission des infections, au m\u00eame titre que le pr\u00e9servatif. Attention cependant, certaines IST exigent une plus grande protection que le pr\u00e9servatif.<\/p>\n<p>&nbsp;<\/p>\n","background_color":false},{"acf_fc_layout":"textimage","text":"<p>En effet, les zones infect\u00e9es et contaminantes peuvent parfois ne pas \u00eatre enti\u00e8rement couvertes par le pr\u00e9servatif (dans le cas de l\u2019<strong><a href=\"https:\/\/www.vivreaveclevih.org\/fr\/ist\/lhpv\/\">HPV<\/a><\/strong> par exemple). De plus, certaines IST peuvent se transmettre par d\u2019autres voies que les relations sexuelles non prot\u00e9g\u00e9es (voir les modes de transmission sp\u00e9cifiques pour chaque infection dans les pages IST).<\/p>\n<p>Pour se prot\u00e9ger des <a href=\"https:\/\/www.vivreaveclevih.org\/fr\/ist\/les-hepatites-b-et-c\/\"><strong>h\u00e9patites A et B<\/strong><\/a>\u00a0ainsi que du <a href=\"https:\/\/www.vivreaveclevih.org\/fr\/ist\/lhpv\/\"><strong>HPV<\/strong><\/a> (papilloma virus), il existe des <a href=\"https:\/\/www.vivreaveclevih.org\/fr\/protection\/se-faire-vacciner\/\"><strong>vaccins<\/strong><\/a>. Parlez-en \u00e0 votre m\u00e9decin.<\/p>\n","image":395,"background_color":false,"link_image":""},{"acf_fc_layout":"textfull","text":"<blockquote>\n<ul>\n<li><strong><a href=\"https:\/\/www.vivreaveclevih.org\/fr\/protection\/le-preservatif\/\">Tout sur le pr\u00e9servatif (externe et interne)<\/a><\/strong><\/li>\n<li><a href=\"https:\/\/www.vivreaveclevih.org\/fr\/protection\/le-carre-de-latex\/\"><strong>Tout sur le carr\u00e9 de latex<\/strong><\/a><\/li>\n<li><strong><a href=\"https:\/\/www.vivreaveclevih.org\/fr\/depistage\/le-depistage-des-ist\/\">Tout sur le d\u00e9pistage des IST<\/a><\/strong><\/li>\n<li><a href=\"https:\/\/www.vivreaveclevih.org\/fr\/traitement\/ist\/le-traitement-des-ist\/\"><strong>Tout sur les traitements des IST<\/strong><\/a><\/li>\n<\/ul>\n<\/blockquote>\n","background_color":false},{"acf_fc_layout":"textfull","text":"<h2>Quelques conseils suppl\u00e9mentaires\u2026<\/h2>\n<ul>\n<li><strong>Pour la p\u00e9n\u00e9tration vaginale et anale avec les doigts :<\/strong> veillez \u00e0 ce que la peau des doigts ne pr\u00e9sente pas de l\u00e9sions (\u00e9corchures, blessures), et qu\u2019ils aient \u00e9t\u00e9 nettoy\u00e9s avant toute p\u00e9n\u00e9tration (certaines IST peuvent en effet se transmettre via des doigts contamin\u00e9s, comme le HPV).<\/li>\n<\/ul>\n<ul>\n<li><strong>Pour la fellation, le cunnilingus et l\u2019anulingus,<\/strong> la meilleure protection est d\u2019utiliser soit un pr\u00e9servatif, soit un carr\u00e9 de latex. Si ce n\u2019est pas possible, il est important de vous assurer qu\u2019il n\u2019y ait pas de plaies (ou sang des r\u00e8gles) ou sympt\u00f4mes visibles (chancres, verrues, etc.) au niveau de la bouche, du p\u00e9nis, du vagin ou de l\u2019anus afin de r\u00e9duire les risques d\u2019infection \u00e0 une IST. On recommande \u00e9galement de ne pas partager le n\u00e9cessaire de toilette qui peut \u00eatre en contact avec du sang (rasoir, brosse \u00e0 dents, coupe-ongles).<\/li>\n<\/ul>\n","background_color":true}]},"_links":{"self":[{"href":"https:\/\/www.vivreaveclevih.org\/fr\/wp-json\/wp\/v2\/pages\/258","targetHints":{"allow":["GET"]}}],"collection":[{"href":"https:\/\/www.vivreaveclevih.org\/fr\/wp-json\/wp\/v2\/pages"}],"about":[{"href":"https:\/\/www.vivreaveclevih.org\/fr\/wp-json\/wp\/v2\/types\/page"}],"author":[{"embeddable":true,"href":"https:\/\/www.vivreaveclevih.org\/fr\/wp-json\/wp\/v2\/users\/1"}],"replies":[{"embeddable":true,"href":"https:\/\/www.vivreaveclevih.org\/fr\/wp-json\/wp\/v2\/comments?post=258"}],"version-history":[{"count":1,"href":"https:\/\/www.vivreaveclevih.org\/fr\/wp-json\/wp\/v2\/pages\/258\/revisions"}],"predecessor-version":[{"id":10344,"href":"https:\/\/www.vivreaveclevih.org\/fr\/wp-json\/wp\/v2\/pages\/258\/revisions\/10344"}],"up":[{"embeddable":true,"href":"https:\/\/www.vivreaveclevih.org\/fr\/wp-json\/wp\/v2\/pages\/21"}],"wp:attachment":[{"href":"https:\/\/www.vivreaveclevih.org\/fr\/wp-json\/wp\/v2\/media?parent=258"}],"curies":[{"name":"wp","href":"https:\/\/api.w.org\/{rel}","templated":true}]}}