{"id":260,"date":"2021-07-07T20:13:09","date_gmt":"2021-07-07T20:13:09","guid":{"rendered":"https:\/\/www.vivreaveclevih.org\/?page_id=260"},"modified":"2022-07-12T11:01:17","modified_gmt":"2022-07-12T09:01:17","slug":"les-signaux-dalarme","status":"publish","type":"page","link":"https:\/\/www.vivreaveclevih.org\/fr\/ist\/les-signaux-dalarme\/","title":{"rendered":"Les signaux d&rsquo;alarme"},"content":{"rendered":"","protected":false},"excerpt":{"rendered":"","protected":false},"author":1,"featured_media":0,"parent":21,"menu_order":0,"comment_status":"closed","ping_status":"closed","template":"","meta":{"_acf_changed":false,"footnotes":""},"class_list":["post-260","page","type-page","status-publish","hentry"],"acf":{"sidebar":211,"contenu_flexible":[{"acf_fc_layout":"textfull","text":"<p><strong>Les <a href=\"https:\/\/www.vivreaveclevih.org\/fr\/ist\/les-ist-cest-quoi\/\">IST<\/a> peuvent parfois, mais pas toujours, se manifester par des sympt\u00f4mes (des signes visibles de l\u2019infection). Si des sympt\u00f4mes apparaissent, ou si vous avez pris un risque d\u2019\u00eatre infect\u00e9\u00b7e par un\u00b7e IST, il est important de consulter un\u00b7e m\u00e9decin.<\/strong><\/p>\n","background_color":false},{"acf_fc_layout":"imagetext","image":3810,"text":"<h2>Les principaux sympt\u00f4mes des IST sont :<\/h2>\n<ul>\n<li>\u00c9coulement anormal par le vagin, le p\u00e9nis ou l\u2019anus, parfois\u00a0douloureux (sensation de br\u00fblure). Souvent il est minime\u00a0et ne fait pas tr\u00e8s mal.<\/li>\n<li>Br\u00fblures, d\u00e9mangeaisons, boutons ou verrues au niveau\u00a0des organes sexuels ou de l\u2019anus.<\/li>\n<li>Chancre (petit bouton avec un trou indolore) sur la peau et les muqueuses (vagin, p\u00e9nis, gland, testicules, anus, bouche).<\/li>\n<li>Sensation de br\u00fblure en urinant.<\/li>\n<li>Rougeurs des muqueuses (organes g\u00e9nitaux, anus, gorge).<\/li>\n<li>Douleurs pendant ou apr\u00e8s les rapports sexuels.<\/li>\n<li>Douleurs au vagin, au m\u00e9at urinaire (orifice \u00e0 l\u2019extr\u00e9mit\u00e9\u00a0du gland) et\/ou au bas ventre, ganglions gonfl\u00e9s, fi\u00e8vre.<\/li>\n<\/ul>\n","background_color":false,"link_image":""},{"acf_fc_layout":"imagefull","image":false,"text":"<blockquote><p>Un seul de ces sympt\u00f4mes doit vous amener \u00e0 consulter\u00a0un\u00b7e m\u00e9decin ! Vous pouvez vous rendre chez votre m\u00e9decin g\u00e9n\u00e9raliste, dans\u00a0un centre de planning familial ou une maison m\u00e9dicale, ou\u00a0encore dans un h\u00f4pital.<\/p><\/blockquote>\n"},{"acf_fc_layout":"textfull","text":"<p>Mais attention<strong>, les IST sont souvent asymptomatiques, <\/strong>c\u2019est-\u00e0-dire que l\u2019on peut \u00eatre contamin\u00e9\u00b7e sans pour autant pr\u00e9senter de signes visibles de l\u2019infection. <strong>On peut \u00eatre infect\u00e9\u00b7e par une IST sans que cela se voie.<\/strong> Une IST peut donc passer inaper\u00e7ue.<\/p>\n<ul>\n<li>Il est important de vous prot\u00e9ger et de prot\u00e9ger votre\u00b7vos partenaire\u00b7s apr\u00e8s une prise de risque, d\u2019aller vous <strong><a href=\"https:\/\/www.vivreaveclevih.org\/fr\/depistage\/le-depistage-des-ist\/\">faire d\u00e9pister<\/a><\/strong> et, si n\u00e9cessaire, de suivre un traitement adapt\u00e9.<\/li>\n<li>Si vous avez \u00e9t\u00e9 infect\u00e9\u00b7e par une IST, informez votre\u00b7vos partenaire\u00b7s, qu\u2019il\u00b7s ou elle\u00b7s puisse\u00b7nt \u00eatre soign\u00e9\u00b7e\u00b7s \u00e9galement\u00a0!<\/li>\n<\/ul>\n<p>&nbsp;<\/p>\n","background_color":true}]},"_links":{"self":[{"href":"https:\/\/www.vivreaveclevih.org\/fr\/wp-json\/wp\/v2\/pages\/260","targetHints":{"allow":["GET"]}}],"collection":[{"href":"https:\/\/www.vivreaveclevih.org\/fr\/wp-json\/wp\/v2\/pages"}],"about":[{"href":"https:\/\/www.vivreaveclevih.org\/fr\/wp-json\/wp\/v2\/types\/page"}],"author":[{"embeddable":true,"href":"https:\/\/www.vivreaveclevih.org\/fr\/wp-json\/wp\/v2\/users\/1"}],"replies":[{"embeddable":true,"href":"https:\/\/www.vivreaveclevih.org\/fr\/wp-json\/wp\/v2\/comments?post=260"}],"version-history":[{"count":2,"href":"https:\/\/www.vivreaveclevih.org\/fr\/wp-json\/wp\/v2\/pages\/260\/revisions"}],"predecessor-version":[{"id":10772,"href":"https:\/\/www.vivreaveclevih.org\/fr\/wp-json\/wp\/v2\/pages\/260\/revisions\/10772"}],"up":[{"embeddable":true,"href":"https:\/\/www.vivreaveclevih.org\/fr\/wp-json\/wp\/v2\/pages\/21"}],"wp:attachment":[{"href":"https:\/\/www.vivreaveclevih.org\/fr\/wp-json\/wp\/v2\/media?parent=260"}],"curies":[{"name":"wp","href":"https:\/\/api.w.org\/{rel}","templated":true}]}}