{"id":265,"date":"2019-09-11T10:20:38","date_gmt":"2019-09-11T08:20:38","guid":{"rendered":"https:\/\/www.vivreaveclevih.org\/?page_id=265"},"modified":"2022-05-24T12:18:37","modified_gmt":"2022-05-24T10:18:37","slug":"la-chlamydia","status":"publish","type":"page","link":"https:\/\/www.vivreaveclevih.org\/fr\/ist\/la-chlamydia\/","title":{"rendered":"La chlamydia"},"content":{"rendered":"","protected":false},"excerpt":{"rendered":"","protected":false},"author":1,"featured_media":0,"parent":21,"menu_order":0,"comment_status":"closed","ping_status":"closed","template":"","meta":{"_acf_changed":false,"footnotes":""},"class_list":["post-265","page","type-page","status-publish","hentry"],"acf":{"sidebar":211,"contenu_flexible":[{"acf_fc_layout":"textimage","text":"<p><strong>La chlamydia est en forte augmentation, c\u2019est l&rsquo;IST la plus fr\u00e9quemment diagnostiqu\u00e9e. En Belgique 1 jeune sur 20 est infect\u00e9\u00b7e par la chlamydia, surtout les filles entre 15 et 29 ans.<\/strong><\/p>\n<h2>Vaccin<\/h2>\n<p>Non<\/p>\n<p>&nbsp;<\/p>\n<h2>Sympt\u00f4mes<\/h2>\n<p>Ils peuvent appara\u00eetre de 1 \u00e0 3 semaines apr\u00e8s la contamination (mais dans la majorit\u00e9 des cas, il n\u2019y a pas de sympt\u00f4mes visible du tout) :<\/p>\n<ul>\n<li><strong>Pertes vaginales anormales<\/strong><\/li>\n<li><strong>\u00c9coulement clair par le vagin, le p\u00e9nis ou l&rsquo;anus<\/strong><\/li>\n<li><strong>Rougeurs des muqueuses (gorge, vagin, m\u00e9at urinaire, anus)<\/strong><\/li>\n<li><strong>Une sensation douloureuse de br\u00fblure au moment d&rsquo;uriner<\/strong><\/li>\n<\/ul>\n<p>La chlamydia peut \u00e9galement provoquer une infection de la gorge ou du rectum avec douleur, \u00e9coulement de pus, t\u00e9nesme (tension douloureuse au niveau de l&rsquo;anus et du col de la vessie)\u00a0et\u00a0constipation.<\/p>\n","image":10685,"background_color":false,"link_image":""},{"acf_fc_layout":"textfull","text":"<h2>D\u00e9pistage<\/h2>\n<p>Examen m\u00e9dical, frottis pour les filles (pr\u00e9l\u00e8vement m\u00e9dical sans douleur pour faire un examen au microscope) et pr\u00e9l\u00e8vement d\u2019urine (gar\u00e7ons).<\/p>\n<p>Possibilit\u00e9 de d\u00e9pistage sur base d&rsquo;un premier jet urinaire pour les filles et les gar\u00e7ons (urine du matin, ne pas avoir urin\u00e9 dans les deux heures qui pr\u00e9c\u00e8dent).<\/p>\n<p>Si vous avez pris un risque, il est tr\u00e8s important de faire un test de d\u00e9pistage, \u00e9tant donn\u00e9 que la chlamydia est tr\u00e8s souvent sans sympt\u00f4mes visibles, et que non trait\u00e9e, elle peut\u00a0\u00eatre une cause de st\u00e9rilit\u00e9 chez les femmes, mais aussi d&rsquo;infection des testicules, de l&rsquo;ut\u00e9rus, des trompes, ou encore d\u2019arthrite, ou de conjonctivite.<\/p>\n","background_color":false},{"acf_fc_layout":"imagetext","image":472,"text":"<h2>Traitement<\/h2>\n<p>Antibiotiques appropri\u00e9s (le traitement ne prot\u00e8ge pas contre une nouvelle infection).<\/p>\n<h2>Modes de transmission sp\u00e9cifiques<\/h2>\n<p>Contacts sexuels non prot\u00e9g\u00e9s : p\u00e9n\u00e9tration vaginale, anale, fellation, cunnilingus, anulingus, caresses sexuelles.<\/p>\n<p>Par transmission de la m\u00e8re \u00e0 l&rsquo;enfant lors de l&rsquo;accouchement.<\/p>\n<h2>Mode de protection<\/h2>\n<ul>\n<li><a href=\"https:\/\/www.vivreaveclevih.org\/fr\/protection\/le-preservatif\/\">Pr\u00e9servatif<\/a><\/li>\n<li><a href=\"https:\/\/www.vivreaveclevih.org\/fr\/protection\/le-carre-de-latex\/\">Carr\u00e9 de latex<\/a><\/li>\n<\/ul>\n","background_color":false,"link_image":"\/wp-content\/uploads\/2019\/10\/PPS_Outils_LesIST_Flyers_Chlamy.pdf"},{"acf_fc_layout":"video","video_id":"eBaUstjmvso"}]},"_links":{"self":[{"href":"https:\/\/www.vivreaveclevih.org\/fr\/wp-json\/wp\/v2\/pages\/265","targetHints":{"allow":["GET"]}}],"collection":[{"href":"https:\/\/www.vivreaveclevih.org\/fr\/wp-json\/wp\/v2\/pages"}],"about":[{"href":"https:\/\/www.vivreaveclevih.org\/fr\/wp-json\/wp\/v2\/types\/page"}],"author":[{"embeddable":true,"href":"https:\/\/www.vivreaveclevih.org\/fr\/wp-json\/wp\/v2\/users\/1"}],"replies":[{"embeddable":true,"href":"https:\/\/www.vivreaveclevih.org\/fr\/wp-json\/wp\/v2\/comments?post=265"}],"version-history":[{"count":1,"href":"https:\/\/www.vivreaveclevih.org\/fr\/wp-json\/wp\/v2\/pages\/265\/revisions"}],"predecessor-version":[{"id":10686,"href":"https:\/\/www.vivreaveclevih.org\/fr\/wp-json\/wp\/v2\/pages\/265\/revisions\/10686"}],"up":[{"embeddable":true,"href":"https:\/\/www.vivreaveclevih.org\/fr\/wp-json\/wp\/v2\/pages\/21"}],"wp:attachment":[{"href":"https:\/\/www.vivreaveclevih.org\/fr\/wp-json\/wp\/v2\/media?parent=265"}],"curies":[{"name":"wp","href":"https:\/\/api.w.org\/{rel}","templated":true}]}}