{"id":267,"date":"2019-09-11T10:20:53","date_gmt":"2019-09-11T08:20:53","guid":{"rendered":"https:\/\/www.vivreaveclevih.org\/?page_id=267"},"modified":"2022-07-12T11:20:59","modified_gmt":"2022-07-12T09:20:59","slug":"lhpv","status":"publish","type":"page","link":"https:\/\/www.vivreaveclevih.org\/fr\/ist\/lhpv\/","title":{"rendered":"Le HPV"},"content":{"rendered":"","protected":false},"excerpt":{"rendered":"","protected":false},"author":1,"featured_media":0,"parent":21,"menu_order":0,"comment_status":"closed","ping_status":"closed","template":"","meta":{"_acf_changed":false,"footnotes":""},"class_list":["post-267","page","type-page","status-publish","hentry"],"acf":{"sidebar":211,"contenu_flexible":[{"acf_fc_layout":"imagetext","image":10687,"text":"<p>Les <strong>Papillomavirus humains <\/strong>(HPV) sont <strong>une famille de\u00a0virus qui infectent la peau et les muqueuses<\/strong>. Il en existe\u00a0plus de <strong>200 types <\/strong>: certains provoquent des <strong>condylomes\u00a0<\/strong>(verrues g\u00e9nitales, anales et dans la gorge) tandis que\u00a0d\u2019autres, plus graves, peuvent <strong>\u00eatre \u00e0 l\u2019origine de cancers\u00a0<\/strong>(col de l\u2019ut\u00e9rus, vagin, vulve, anus, p\u00e9nis, bouche et gorge).<\/p>\n<p>Plus de <strong>700 cas de cancer du col l\u2019ut\u00e9rus sont diagnostiqu\u00e9s chaque ann\u00e9e\u00a0en Belgique<\/strong>. Pratiquement la totalit\u00e9 d\u2019entre eux sont dus \u00e0 une infection\u00a0chronique par le HPV.\u00a0Plus ou moins <strong>80% de la population sexuellement active <\/strong>est un jour\u00a0<strong>confront\u00e9e \u00e0 une infection par le HPV<\/strong>, dont la majorit\u00e9 entre 15 et 24 ans.\u00a0Dans la plupart des cas, <strong>le virus dispara\u00eet sans rien faire apr\u00e8s 1 ou 1,5 an\u00a0<\/strong>gr\u00e2ce \u00e0 l&rsquo;immunit\u00e9 naturelle.<\/p>\n<p>&nbsp;<\/p>\n<p><a class=\"readmore\" href=\"https:\/\/www.vivreaveclevih.org\/fr\/quizz\/quiz-hpv\/\">Testez vos connaissances sur le HPV<\/a><\/p>\n","background_color":false,"link_image":""},{"acf_fc_layout":"video","video_id":"DqgFlc-AuEg"},{"acf_fc_layout":"textfull","text":"<h2>Vaccins<\/h2>\n<p>2 vaccins sont disponibles actuellement en Belgique. Ils se diff\u00e9rencient par\u00a0leur \u00ab <strong>valence <\/strong>\u00bb, c\u2019est-\u00e0-dire le <strong>nombre de types diff\u00e9rents de HPV contre\u00a0lesquels ils prot\u00e8gent<\/strong>.<\/p>\n<p>Le vaccin <strong>2-valent <\/strong>prot\u00e8ge contre les HPV 16 et 18, c\u2019est-\u00e0-dire contre les\u00a0HPV responsables de <strong>70% des cancers du col de l&rsquo;ut\u00e9rus <\/strong>et de la <strong>majorit\u00e9\u00a0des cancers de l\u2019anus<\/strong>.<\/p>\n<p>Le vaccin <strong>9-valent <\/strong>prot\u00e8ge contre les HPV 6, 11, 16, 18, 31, 33, 45, 52 et\u00a058 qui sont responsables des <strong>condylomes <\/strong>et de <strong>90% des cancers du col de\u00a0l&rsquo;ut\u00e9rus <\/strong>et de <strong>tous les cancers anaux<\/strong>.<\/p>\n<p>Ces vaccins contre le HPV sont <strong>administr\u00e9s en 2 injections (avant 15 ans) <\/strong>ou\u00a0<strong>3 injections (\u00e0 partir de 15 ans) <\/strong>dans la partie sup\u00e9rieure du bras. La vaccination\u00a0contre le HPV est g\u00e9n\u00e9ralement bien tol\u00e9r\u00e9e, seule une l\u00e9g\u00e8re douleur\u00a0et une irritation au niveau du site d\u2019injection ainsi que des maux de t\u00eate sont\u00a0parfois rapport\u00e9s. <strong>Il convient n\u00e9anmoins de lire la notice du vaccin choisi\u00a0pour toute \u00e9ventuelle contre-indication ou effet ind\u00e9sirable<\/strong>.<\/p>\n","background_color":false},{"acf_fc_layout":"textfull","text":"<h2 style=\"text-align: center;\">Voir le REPLAY de notre Live Facebook \u00ab\u00a0Les vaccins contre les IST\u00a0\u00bb<\/h2>\n<p>&nbsp;<\/p>\n<p align=\"center\"><iframe loading=\"lazy\" title=\"YouTube video player\" src=\"https:\/\/www.youtube.com\/embed\/8rsyarRF2VM\" width=\"560\" height=\"315\" frameborder=\"0\" allowfullscreen=\"allowfullscreen\"><\/iframe><\/p>\n","background_color":true},{"acf_fc_layout":"text2cols","background_color":false,"title":"Quand faire le vaccin ? ","col_left":"<p>Pour obtenir une <strong>efficacit\u00e9 optimale du vaccin<\/strong>, que l\u2019on soit une fille ou un\u00a0gar\u00e7on, il ne faut <strong>pas avoir \u00e9t\u00e9 infect\u00e9\u00b7e par le virus<\/strong>. D\u2019o\u00f9 l\u2019importance de se\u00a0faire vacciner <strong>lorsque l\u2019on est jeune, avant les premiers contacts sexuels<\/strong>.<\/p>\n<p>Si vous avez d\u00e9j\u00e0 eu des rapports sexuels, vous pouvez envisager la vaccination\u00a0avec votre m\u00e9decin. Il <strong>est possible que vous soyez infect\u00e9\u00b7e par un type\u00a0ou plusieurs types de HPV pr\u00e9sent\u00b7s dans le vaccin<\/strong>. Dans ce cas, le vaccin\u00a0<strong>vous prot\u00e8ge uniquement contre les types de HPV par lesquels vous n&rsquo;avez\u00a0pas \u00e9t\u00e9 infect\u00e9\u00b7e<\/strong>. N\u2019h\u00e9sitez pas \u00e0 en parler avec votre m\u00e9decin.<\/p>\n<p>Pour les filles\/femmes, il est <strong>n\u00e9cessaire de poursuivre le d\u00e9pistage par frottis\u00a0vaginal m\u00eame apr\u00e8s la vaccination<\/strong>, celle-ci ne prot\u00e9geant pas contre tous\u00a0les types de HPV.<\/p>\n<p>En F\u00e9d\u00e9ration Wallonie-Bruxelles, <strong>il y a plusieurs mani\u00e8res de se faire vacciner\u00a0que l\u2019on soit une fille ou un gar\u00e7on<\/strong>.<\/p>\n<p><strong>Gratuitement<\/strong>, via la vaccination scolaire (Promotion Sant\u00e9 \u00e0 l\u2019\u00c9cole),\u00a0<strong>pour les filles et les gar\u00e7ons de 13-14 ans <\/strong>(ou tout\u00b7e \u00e9l\u00e8ve inscrit\u00b7e en 1\u00e8re\u00a0diff\u00e9renci\u00e9e, en 2\u00e8me secondaire ou de 13-14 ans dans l&rsquo;enseignement\u00a0sp\u00e9cialis\u00e9). Si vous le souhaitez, <strong>votre m\u00e9decin traitant peut \u00e9galement\u00a0vacciner, mais dans ce cas les frais de consultation sont \u00e0 votre\u00a0charge <\/strong>(le vaccin est aussi gratuit). Pour ce groupe d\u2019\u00e2ge, le sch\u00e9ma vaccinal\u00a0consiste \u00e0 injecter 2 doses \u00e0 6 mois d\u2019intervalle.<\/p>\n","col_right":"<p><strong>Une vaccination de rattrapage <\/strong>est conseill\u00e9e pour les filles et les gar\u00e7ons\u00a0de 15 \u00e0 26 ans, sur base individuelle (prescription m\u00e9dicale). Dans\u00a0ce cas, on recommande 3 doses (la deuxi\u00e8me dose 2 mois apr\u00e8s la premi\u00e8re\u00a0et la derni\u00e8re 5 \u00e0 12 mois plus tard). V\u00e9rifiez aupr\u00e8s de votre\u00a0m\u00e9decin les \u00e9ventuels remboursements auxquels vous avez droit.<\/p>\n<p>Comme les infections par le HPV et les l\u00e9sions pr\u00e9canc\u00e9reuses et canc\u00e9reuses\u00a0associ\u00e9es sont plus fr\u00e9quentes chez les hommes ayant des relations\u00a0sexuelles avec d\u2019autres hommes ou en cas d\u2019affaiblissement du\u00a0syst\u00e8me immunitaire, <strong>il est conseill\u00e9 aux personnes vivant avec le VIH\u00a0et aux hommes ayant des relations sexuelles avec d\u2019autres hommes\u00a0de se faire vacciner contre le HPV<\/strong>. Actuellement, ces vaccins ne sont\u00a0pas rembours\u00e9s pour ces deux publics. Au 31\/08\/2019, cela co\u00fbte environ\u00a069\u20ac\/dose pour le vaccin 2-valent et environ 135\u20ac\/dose pour le\u00a0vaccin 9-valent.<\/p>\n<p>Pour toute vaccination, <strong>un remboursement \u00e0 hauteur de 25\u20ac par an\u00a0est possible aupr\u00e8s de votre mutuelle <\/strong>en \u00e9change de l&rsquo;attestation\u00a0d&rsquo;achat du vaccin aupr\u00e8s d&rsquo;une pharmacie.<\/p>\n"},{"acf_fc_layout":"textfull","text":"<h2>Sympt\u00f4mes<\/h2>\n<h3>Pour les condylomes :<\/h3>\n<p>Des <strong>petites verrues indolores<\/strong>, ayant un aspect de\u00a0chou-fleur, apparaissent sur les <strong>organes g\u00e9nitaux<\/strong>, l\u2019<strong>anus <\/strong>ou la <strong>gorge <\/strong>au plus\u00a0t\u00f4t <strong>6 semaines apr\u00e8s la contamination<\/strong>. Attention, ces verrues peuvent passer\u00a0inaper\u00e7ues mais <strong>elles sont n\u00e9anmoins tr\u00e8s contagieuses<\/strong>.<\/p>\n<h3>Pour les cancers :<\/h3>\n<p>Quand l&rsquo;infection au HPV persiste, il peut y avoir <strong>apparition\u00a0de l\u00e9sions pr\u00e9canc\u00e9reuses<\/strong>, invisibles \u00e0 l&rsquo;oeil nu et peu symptomatiques.\u00a0Ces l\u00e9sions peuvent appara\u00eetre <strong>jusqu&rsquo;\u00e0 10 ans apr\u00e8s l&rsquo;infection <\/strong>et peuvent\u00a0se d\u00e9velopper sur le col de l&rsquo;ut\u00e9rus chez la femme, ainsi que sur les zones\u00a0g\u00e9nitales, anales et oropharyng\u00e9es (langue et amygdales) tant chez l&rsquo;homme\u00a0que la femme.<\/p>\n<p>Les personnes vivant avec le VIH sont plus \u00e0 risque d\u2019avoir des infections par HPV, et de d\u00e9velopper des l\u00e9sions pr\u00e9canc\u00e9reuses ou canc\u00e9reuses induites par HPV. Avoir une charge virale du VIH ind\u00e9tectable et arr\u00eater de fumer permet de diminuer le risque d\u2019infection et de l\u00e9sions pr\u00e9canc\u00e9reuses li\u00e9es \u00e0 l\u2019HPV.<\/p>\n<blockquote><p>Vous pouvez \u00eatre porteur\u00b7teuse d\u2019un HPV sans avoir le moindre signe ou\u00a0sympt\u00f4me visible, vous pouvez d\u00e8s lors transmettre le virus sans le savoir.<em>\u00a0<\/em><\/p><\/blockquote>\n","background_color":false},{"acf_fc_layout":"imagefull","image":498,"text":""},{"acf_fc_layout":"text2cols","background_color":false,"title":"D\u00e9pistage","col_left":"<h3>Pour les condylomes :<\/h3>\n<p><strong>Examen m\u00e9dical visuel <\/strong>des parties g\u00e9nitales et de\u00a0l\u2019anus et examen ORL pour la bouche et la gorge.<\/p>\n<h3>Pour le cancer du col de l\u2019ut\u00e9rus :<\/h3>\n<p><strong>Frottis <\/strong>(pr\u00e9l\u00e8vement m\u00e9dical sans douleur\u00a0d\u2019un liquide ou de cellules de l\u2019organisme en vue d\u2019un examen microscopique)\u00a0pour le d\u00e9pistage des l\u00e9sions pr\u00e9canc\u00e9reuses. Un frottis r\u00e9gulier permet\u00a0de diminuer le risque de cancer du col de l\u2019ut\u00e9rus. <strong>60% des d\u00e9c\u00e8s caus\u00e9s\u00a0par le cancer du col de l\u2019ut\u00e9rus peuvent \u00eatre \u00e9vit\u00e9s gr\u00e2ce au frottis<\/strong>.\u00a0En Belgique, on recommande \u00e0 toutes les <strong>femmes de 25 \u00e0 65 ans <\/strong>d\u2019effectuer\u00a0r\u00e9guli\u00e8rement un <strong>frottis de d\u00e9pistage<\/strong>. Ce frottis est <strong>rembours\u00e9 <\/strong>\u00e0 raison\u00a0d\u2019<strong>une fois tous les 3 ans<\/strong>.<\/p>\n","col_right":"<h3>Pour le cancer anal :<\/h3>\n<p>Qui touche plus les hommes qui ont des relations sexuelles avec d\u2019autres hommes et les femmes qui ont d\u00e9j\u00e0 eu des l\u00e9sions du col, <strong>il existe des moyens de d\u00e9pistage chez le sp\u00e9cialiste<\/strong>. Parlez-en \u00e0 votre\u00a0m\u00e9decin.<\/p>\n<h3>Pour les l\u00e9sions pr\u00e9canc\u00e9reuses ailleurs :<\/h3>\n<p>Comme la zone ORL et les organes anog\u00e9nitaux externes ou interne (canal anal), il n\u2019existe pas encore de techniques de d\u00e9pistage facilement r\u00e9alisable <strong>hormis un examen clinique approfondi<\/strong>.<\/p>\n"},{"acf_fc_layout":"text2cols","background_color":false,"title":"Traitement","col_left":"<h3>Pour les condylomes :<\/h3>\n<p>Verrues soign\u00e9es gr\u00e2ce \u00e0 <strong>une cr\u00e8me <\/strong>et si besoin,\u00a0<strong>extraction locale des verrues ou traitement au laser<\/strong>. Attention, les verrues\u00a0g\u00e9nitales et de la gorge peuvent <strong>r\u00e9appara\u00eetre<\/strong>; mais heureusement, elles\u00a0peuvent aussi s\u2019att\u00e9nuer ou dispara\u00eetre spontan\u00e9ment. Chaque ann\u00e9e, en\u00a0Belgique, il y a environ 18.000 femmes et hommes qui ont des condylomes.\u00a090% de ces verrues peuvent \u00eatre \u00e9vit\u00e9es gr\u00e2ce au vaccin anti-HPV.<\/p>\n","col_right":"<h3>Pour les cancers :<\/h3>\n<p>L\u2019infection chronique par le HPV peut provoquer des <strong>l\u00e9sions\u00a0pr\u00e9canc\u00e9reuses qui peuvent passer inaper\u00e7ues<\/strong>. Chez une majorit\u00e9 des\u00a0personnes infect\u00e9es par le HPV, ces l\u00e9sions vont <strong>r\u00e9gresser toutes seules<\/strong>,\u00a0sans traitement. Mais ces l\u00e9sions pr\u00e9canc\u00e9reuses <strong>peuvent aussi \u00e9voluer vers\u00a0un cancer<\/strong>; il est donc important de <strong>d\u00e9pister ces l\u00e9sions \u00e0 un stade pr\u00e9coce\u00a0<\/strong>car on peut les traiter avant qu&rsquo;elles ne se transforment en cancer par une\u00a0petite intervention chirurgicale ou encore des traitements locaux. Si le diagnostic\u00a0se fait \u00e0 un stade plus tardif de cancer, <strong>un traitement par chirurgie<\/strong>,\u00a0<strong>radioth\u00e9rapie <\/strong>ou <strong>chimioth\u00e9rapie <\/strong>sera propos\u00e9.<\/p>\n"},{"acf_fc_layout":"textfull","text":"<h2>Modes de transmission sp\u00e9cifiques<\/h2>\n<p><strong>Par contact sexuel <\/strong>(oral, anal, vaginal, p\u00e9nis).<\/p>\n<p><strong>Par contact cutan\u00e9 <\/strong>avec les condylomes et\/ou les l\u00e9sions pr\u00e9canc\u00e9reuses\u00a0lors de frottements ou caresses sexuelles (<strong>transmission par les\u00a0doigts<\/strong>).<\/p>\n<p><strong>Par transmission de la m\u00e8re \u00e0 l\u2019enfant <\/strong>lors de l\u2019accouchement. Ceci\u00a0est sans cons\u00e9quence pour le nouveau n\u00e9 car l&rsquo;infection est transitoire.<\/p>\n","background_color":false},{"acf_fc_layout":"textimage","text":"<h2>Mode de protection<\/h2>\n<p><a href=\"https:\/\/www.vivreaveclevih.org\/fr\/protection\/le-preservatif\/\"><strong>Pr\u00e9servatif<\/strong><\/a><strong> pour les p\u00e9n\u00e9trations <\/strong>(vaginales, anales) <strong>et la fellation\u00a0<\/strong>(mais pas toujours efficace \u00e0 100% car des l\u00e9sions peuvent d\u00e9passer\u00a0de la zone couverte par le pr\u00e9servatif).<\/p>\n<p><a href=\"https:\/\/www.vivreaveclevih.org\/fr\/protection\/le-carre-de-latex\/\"><strong>Carr\u00e9 de latex<\/strong><\/a><strong> pour le cunnilingus et l\u2019anulingus<\/strong>.<\/p>\n<p><strong>\u00c9viter tout contact <\/strong>de la bouche et des doigts avec les verrues et avec\u00a0les l\u00e9sions pr\u00e9canc\u00e9reuses.<\/p>\n<p><strong>La <a href=\"https:\/\/www.vivreaveclevih.org\/fr\/protection\/se-faire-vacciner-contre-certaines-ist\/\">vaccination<\/a> contre le HPV est un moyen de pr\u00e9vention efficace<\/strong>. Il\u00a0existe des vaccins contre les types de HPV les plus courants et les plus\u00a0dangereux. De cette mani\u00e8re, m\u00eame en cas de contact avec le virus HPV,\u00a0des anticorps le d\u00e9truiront naturellement et emp\u00eacheront l\u2019infection de\u00a0se propager.<\/p>\n<p>&nbsp;<\/p>\n<p><a class=\"btn\" href=\"https:\/\/preventionsida.org\/fr\/ressources\/campagne-le-hpv\/\">D\u00e9couvrir la campagne sur le HPV<\/a><\/p>\n","image":462,"background_color":false,"link_image":"\/wp-content\/uploads\/2019\/10\/PPS_Outils_LesIST_Flyers_HPV.pdf"},{"acf_fc_layout":"textfull","text":"<h4>les t\u00e9moignages de Dana\u00e9, Nathalie, Fr\u00e9d\u00e9ric, Birgit et Patrick<\/h4>\n<p align=\"center\"><iframe loading=\"lazy\" title=\"YouTube video player\" src=\"https:\/\/www.youtube.com\/embed\/videoseries?list=PLigquY2TMTT6g-p1g2B-T16DjTdktBk3i\" width=\"560\" height=\"315\" frameborder=\"0\" allowfullscreen=\"allowfullscreen\"><\/iframe><\/p>\n","background_color":false},{"acf_fc_layout":"imagetext","image":2048,"text":"<p><a class=\"btn-center\" href=\"https:\/\/www.vivreaveclevih.org\/wp-content\/uploads\/2019\/09\/PPS_Outils_LeHPV_Brochure.pdf\">T\u00c9L\u00c9CHARGEZ LA BROCHURE SUR LE HPV<\/a><\/p>\n<p>&nbsp;<\/p>\n<p>Toutes les infos utiles sur le HPV en une brochure ! Quelles modes de transmissions? Comment s&rsquo;en prot\u00e9ger ? Le d\u00e9pistage et les vaccins&#8230;<\/p>\n<p><span style=\"color: #006f90;\"><strong>Vous \u00eates professionel.les ?<\/strong><\/span> Commandez la brochure, l&rsquo;affiche et le quiz HPV via l&rsquo;<strong><a href=\"https:\/\/preventionsida.org\/fr\/espace-pro\/\">Espace Pro<\/a><\/strong><\/p>\n","background_color":false,"link_image":""},{"acf_fc_layout":"video","video_id":"33eDqveXBFY"}]},"_links":{"self":[{"href":"https:\/\/www.vivreaveclevih.org\/fr\/wp-json\/wp\/v2\/pages\/267","targetHints":{"allow":["GET"]}}],"collection":[{"href":"https:\/\/www.vivreaveclevih.org\/fr\/wp-json\/wp\/v2\/pages"}],"about":[{"href":"https:\/\/www.vivreaveclevih.org\/fr\/wp-json\/wp\/v2\/types\/page"}],"author":[{"embeddable":true,"href":"https:\/\/www.vivreaveclevih.org\/fr\/wp-json\/wp\/v2\/users\/1"}],"replies":[{"embeddable":true,"href":"https:\/\/www.vivreaveclevih.org\/fr\/wp-json\/wp\/v2\/comments?post=267"}],"version-history":[{"count":2,"href":"https:\/\/www.vivreaveclevih.org\/fr\/wp-json\/wp\/v2\/pages\/267\/revisions"}],"predecessor-version":[{"id":10774,"href":"https:\/\/www.vivreaveclevih.org\/fr\/wp-json\/wp\/v2\/pages\/267\/revisions\/10774"}],"up":[{"embeddable":true,"href":"https:\/\/www.vivreaveclevih.org\/fr\/wp-json\/wp\/v2\/pages\/21"}],"wp:attachment":[{"href":"https:\/\/www.vivreaveclevih.org\/fr\/wp-json\/wp\/v2\/media?parent=267"}],"curies":[{"name":"wp","href":"https:\/\/api.w.org\/{rel}","templated":true}]}}