{"id":43,"date":"2019-08-27T16:42:41","date_gmt":"2019-08-27T14:42:41","guid":{"rendered":"https:\/\/www.vivreaveclevih.org\/?page_id=43"},"modified":"2025-01-08T15:21:39","modified_gmt":"2025-01-08T14:21:39","slug":"nous-connaitre","status":"publish","type":"page","link":"https:\/\/www.vivreaveclevih.org\/fr\/nous-connaitre\/","title":{"rendered":"Nous conna\u00eetre"},"content":{"rendered":"","protected":false},"excerpt":{"rendered":"","protected":false},"author":1,"featured_media":0,"parent":0,"menu_order":0,"comment_status":"closed","ping_status":"closed","template":"","meta":{"_acf_changed":false,"footnotes":""},"class_list":["post-43","page","type-page","status-publish","hentry"],"acf":{"contenu_flexible":[{"acf_fc_layout":"textimage","text":"<p><strong>La Plateforme Pr\u00e9vention Sida<\/strong> est une association belge francophone travaillant sur la pr\u00e9vention du <strong>VIH-Sida<\/strong> et des autres <strong>Infections Sexuellement Transmissibles (IST)<\/strong> en Wallonie et \u00e0 Bruxelles.<\/p>\n<p>Cr\u00e9\u00e9e en 1999, la Plateforme Pr\u00e9vention Sida est une des associations centrales en Belgique dans la pr\u00e9vention du <a href=\"https:\/\/www.vivreaveclevih.org\/fr\/vih\/le-vih-cest-quoi\/\"><strong>VIH<\/strong><\/a> et des <strong><a href=\"https:\/\/www.vivreaveclevih.org\/fr\/ist\/les-ist-cest-quoi\/\">IST<\/a><\/strong>, dans la lutte contre les <a href=\"https:\/\/www.vivreaveclevih.org\/fr\/mes-droits\/victime-de-discrimination-que-faire\/\"><strong>discriminations<\/strong><\/a> des personnes vivant avec le VIH et dans la promotion de leur bien-\u00eatre.<\/p>\n","image":4929,"background_color":false,"link_image":""},{"acf_fc_layout":"text2cols","background_color":false,"title":"","col_left":"<p>En 2018 s\u2019est op\u00e9r\u00e9 un changement important avec la fusion avec SidAids-Migrants\/SIREAS, le service de pr\u00e9vention des IST\/sida \u00e0 destination du public afro-latino-carib\u00e9en.<\/p>\n<p><strong>Les avanc\u00e9es m\u00e9dicales ont \u00e9t\u00e9 extr\u00eamement importantes ces derni\u00e8res ann\u00e9es<\/strong>, tant au niveau des traitements qu\u2019au niveau des <strong>strat\u00e9gies de pr\u00e9vention<\/strong>. Avec des r\u00e9sultats concrets. En Belgique, les personnes vivant avec le VIH sont consid\u00e9r\u00e9es comme des patient\u00b7es atteint\u00b7es d\u2019une maladie chronique, avec laquelle on peut vivre de tr\u00e8s nombreuses ann\u00e9es, pour autant que l\u2019on prenne correctement son <a href=\"https:\/\/www.vivreaveclevih.org\/fr\/traitement\/vih\/les-traitements-contre-le-vih\/\"><strong>traitement<\/strong><\/a>. Ensuite, m\u00eame si le pr\u00e9servatif reste essentiel, il existe aujourd\u2019hui un consensus scientifique mondial affirmant qu\u2019<strong>une personne vivant avec le VIH dont<\/strong> <strong>la charge virale est ind\u00e9tectable gr\u00e2ce \u00e0 son traitement ne transmet plus le VIH lors de rapports sexuels sans pr\u00e9servatif<\/strong>.<\/p>\n<p>Il est donc essentiel d\u2019actualiser ses connaissances et de se tenir inform\u00e9\u00b7e r\u00e9guli\u00e8rement afin de b\u00e9n\u00e9ficier des progr\u00e8s de la science et de la m\u00e9decine.<\/p>\n<p>Nous mettons en \u0153uvre le principe GIPA dans toutes nos actions pour les personnes vivant avec le VIH. <strong>Le principe GIPA de l\u2019ONUSIDA<\/strong> veille \u00e0 ce que les personnes vivant avec le VIH soient des partenaires \u00e0 part enti\u00e8re en participant aux processus de d\u00e9cisions qui affectent leur propre vie.<\/p>\n","col_right":"<p>En partageant leur v\u00e9cu, les personnes vivant avec le VIH peuvent nous aider \u00e0 am\u00e9liorer les programmes de pr\u00e9vention et leur efficacit\u00e9, \u00e0 changer l&rsquo;image et les perceptions que la population g\u00e9n\u00e9rale a des personnes vivant avec le VIH et \u00e0 lutter contre les discriminations.<\/p>\n<p>Notre service cherche \u00e0 atteindre et \u00e0 aller au-del\u00e0 des <strong>objectifs 90-90-90 de l\u2019ONUSIDA<\/strong> qui visent \u00e0 mettre fin \u00e0 l&rsquo;\u00e9pid\u00e9mie de VIH en mettant l&rsquo;accent sur le d\u00e9pistage du VIH et la mise sous traitement, car ce sont les personnes qui ignorent encore leur statut s\u00e9rologique qui v\u00e9hiculent le VIH. Les objectifs 90-90-90 visent \u00e0 ce que \u00e0 l\u2019horizon 2020 :<\/p>\n<ul>\n<li>90% des personnes vivant avec le VIH connaissent leur statut s\u00e9rologique<\/li>\n<li>90% de toutes les personnes infect\u00e9es par le VIH d\u00e9pist\u00e9es re\u00e7oivent un traitement antir\u00e9troviral durable<\/li>\n<li>90% des personnes recevant un traitement antir\u00e9troviral ont une charge virale durablement supprim\u00e9e<\/li>\n<li>90% des patient\u00b7es contr\u00f4l\u00e9\u00b7es pr\u00e9sentent une bonne qualit\u00e9 de vie relative \u00e0 la sant\u00e9.<\/li>\n<\/ul>\n<p>En effet, \u00e0 l\u2019heure o\u00f9 l\u2019esp\u00e9rance de vie des PVVIH trait\u00e9es et contr\u00f4l\u00e9es est voisine de celle de la population g\u00e9n\u00e9rale, la question de la qualit\u00e9 de vie devient une priorit\u00e9 dans nos actions.<\/p>\n"},{"acf_fc_layout":"textfull","text":"<h2>Nos domaines d\u2019expertise<\/h2>\n<ul>\n<li>Le cadre d\u2019action Sant\u00e9 Positive, Dignit\u00e9 et Pr\u00e9vention qui met en lumi\u00e8re l\u2019importance du positionnement de la personne s\u00e9ropositive <strong>au centre de la prise en charge de sa sant\u00e9 et de son bien-\u00eatre<\/strong><\/li>\n<li>Les enjeux d\u2019une bonne <strong>sant\u00e9 et d\u2019une bonne <a href=\"https:\/\/www.vivreaveclevih.org\/fr\/vivre-avec-le-vih\/prendre-soin-de-moi\/\">hygi\u00e8ne de vie<\/a><\/strong> lorsque l\u2019on vit avec une maladie chronique<\/li>\n<li>La mise en pratique de la <strong>litt\u00e9ratie en sant\u00e9<\/strong><\/li>\n<\/ul>\n<ul>\n<li><strong>Le travail de proximit\u00e9<\/strong> aupr\u00e8s des personnes vivant avec le VIH et les Centres de r\u00e9f\u00e9rence VIH<\/li>\n<li>La <strong>pr\u00e9vention des IST et des comorbidit\u00e9s<\/strong> associ\u00e9es \u00e0 l\u2019<strong><a href=\"https:\/\/www.vivreaveclevih.org\/fr\/vivre-avec-le-vih\/vieillir-avec\/\">\u00e2ge<\/a><\/strong><\/li>\n<\/ul>\n<ul>\n<li>Les questions de <strong>discrimination<\/strong>\u00a0en lien avec l\u2019\u00e9tat de sant\u00e9 dont le VIH<\/li>\n<\/ul>\n<h2>Nos objectifs<\/h2>\n<ul>\n<li>Am\u00e9liorer la qualit\u00e9 de vie, le bien-\u00eatre et la sant\u00e9 physique, mentale et sexuelle des PVVIH, et leur permettre de <strong>devenir des acteurs\u00b7trices de leur sant\u00e9<\/strong><\/li>\n<li>Renforcer les capacit\u00e9s des PVVIH dans <strong>la lutte contre la stigmatisation et la discrimination<\/strong> dont elles pourraient faire l\u2019objet (dans leur environnement de vie et dans les services dont elles b\u00e9n\u00e9ficient)<\/li>\n<li><strong>Lutter contre l\u2019isolement, la solitude<\/strong> et toutes autres formes de rejets pouvant compromettre la vie des PVVIH et celles de leurs proches (au niveau personnel, familial, communautaire, soci\u00e9tal, professionnel, etc.)<\/li>\n<li><strong>Am\u00e9liorer les connaissances<\/strong> des PVVIH sur le VIH, les traitements, les comorbidit\u00e9s et toutes autres informations pouvant contribuer \u00e0 leur bien-\u00eatre physique, psychologique et \u00e9motionnel<\/li>\n<li>Renforcer <strong>la solidarit\u00e9<\/strong> et le soutien entre PVVIH<\/li>\n<li>Renforcer et am\u00e9liorer <strong>la relation soignant\u00b7e\/soign\u00e9\u00b7e<\/strong><\/li>\n<li><strong>Lutter contre la fracture num\u00e9rique<\/strong><\/li>\n<\/ul>\n","background_color":false},{"acf_fc_layout":"textfull","text":"<h2>Nos publics<\/h2>\n<p>Nous proposons divers services et activit\u00e9s \u00e0 destination des\u00a0<strong>personnes vivant avec le VIH (PVVIH), leurs proches ainsi que des professionnel\u00b7les de la sant\u00e9 qui les accompagnent<\/strong>. Pour les professionnel\u00b7les qui travaillent aupr\u00e8s des personnes vivant avec le VIH, ces services et activit\u00e9s sont autant de ressources qui peuvent les aider dans leur travail d\u2019accompagnement des personnes vivant avec le VIH en termes de sant\u00e9, d\u2019isolement, de discrimination, de stigmatisation, etc.<\/p>\n<h2>Nos actions<\/h2>\n<ul>\n<li><strong>Groupe<\/strong> de communication, de r\u00e9flexion et d\u2019action sur la s\u00e9ropositivit\u00e9 (<strong><a href=\"https:\/\/www.vivreaveclevih.org\/fr\/activites\/actions-plus\/\">Actions plus<\/a><\/strong>)<\/li>\n<li><strong>Accompagnement collectif<\/strong> des personnes vivant avec le VIH (<strong><a href=\"https:\/\/www.vivreaveclevih.org\/fr\/activites\/lespace-mandela\/\">Espace Mandela<\/a><\/strong>)<\/li>\n<\/ul>\n<ul>\n<li><strong>Formations<\/strong> sur les diff\u00e9rents aspects de la vie avec le VIH<\/li>\n<li><strong>Sensibilisation aupr\u00e8s du grand public<\/strong> \u00e0 la vie avec le VIH et \u00e0 l\u2019importance de la solidarit\u00e9<\/li>\n<li>Production <strong>d\u2019outils d\u2019information et de pr\u00e9vention<\/strong> avec la participation des PVVIH<\/li>\n<li>Pr\u00e9sence <strong>sur le terrain<\/strong> aupr\u00e8s des Centres de r\u00e9f\u00e9rence VIH et des autres associations de patient\u00b7es<\/li>\n<\/ul>\n","background_color":false},{"acf_fc_layout":"textfull","text":"<h2>Nous contacter<\/h2>\n<p><strong>Plateforme Pr\u00e9vention Sida<\/strong><br \/>\n<a href=\"http:\/\/www.preventionsida.org\/\" target=\"_blank\" rel=\"noopener\">www.preventionsida.org<\/a><br \/>\n<a href=\"mailto:info@preventionsida.org\">info@preventionsida.org<\/a><\/p>\n<p>02\/733.72.99<br \/>\nPlace de la Vieille Halle aux Bl\u00e9s, 29<br \/>\n1000 Bruxelles<\/p>\n","background_color":false},{"acf_fc_layout":"multiplecol","multiple_title":"L\u2019\u00e9quipe","cols":[{"col_image":10154,"col_title":"Thierry Martin","col_content":"<p><strong>Directeur<br \/>\n<\/strong>Porte-parole, responsable des campagnes m\u00e9dias de la Journ\u00e9e Mondiale de Lutte contre le Sida (le 1er d\u00e9cembre)<br \/>\n<a href=\"mailto:th.martin@preventionsida.org\">th.martin@preventionsida.org<\/a><\/p>\n"},{"col_image":10151,"col_title":"Claire Delhove","col_content":"<p><strong>Responsable du projet Actions Plus<\/strong>,<br \/>\ngroupe de communication, de r\u00e9flexion et d\u2019action sur la s\u00e9ropositivit\u00e9.<br \/>\n<a href=\"mailto:c.delhove@preventionsida.org\">c.delhove@preventionsida.org<\/a><\/p>\n"},{"col_image":10152,"col_title":"Gr\u00e2ce Ntunzwenimana","col_content":"<p><strong>Responsable de l\u2019accueil et du projet Espace Mandela (accompagnement collectif des personnes vivant avec le VIH)<\/strong><a href=\"mailto:g.ntunzwenimana@preventionsida.org\"><br \/>\ng.ntunzwenimana@preventionsida.org<\/a><\/p>\n"}],"nb_items":""}],"sidebar":211},"_links":{"self":[{"href":"https:\/\/www.vivreaveclevih.org\/fr\/wp-json\/wp\/v2\/pages\/43","targetHints":{"allow":["GET"]}}],"collection":[{"href":"https:\/\/www.vivreaveclevih.org\/fr\/wp-json\/wp\/v2\/pages"}],"about":[{"href":"https:\/\/www.vivreaveclevih.org\/fr\/wp-json\/wp\/v2\/types\/page"}],"author":[{"embeddable":true,"href":"https:\/\/www.vivreaveclevih.org\/fr\/wp-json\/wp\/v2\/users\/1"}],"replies":[{"embeddable":true,"href":"https:\/\/www.vivreaveclevih.org\/fr\/wp-json\/wp\/v2\/comments?post=43"}],"version-history":[{"count":4,"href":"https:\/\/www.vivreaveclevih.org\/fr\/wp-json\/wp\/v2\/pages\/43\/revisions"}],"predecessor-version":[{"id":11811,"href":"https:\/\/www.vivreaveclevih.org\/fr\/wp-json\/wp\/v2\/pages\/43\/revisions\/11811"}],"wp:attachment":[{"href":"https:\/\/www.vivreaveclevih.org\/fr\/wp-json\/wp\/v2\/media?parent=43"}],"curies":[{"name":"wp","href":"https:\/\/api.w.org\/{rel}","templated":true}]}}