{"id":477,"date":"2019-09-11T17:39:44","date_gmt":"2019-09-11T15:39:44","guid":{"rendered":"https:\/\/www.vivreaveclevih.org\/?page_id=477"},"modified":"2023-11-13T11:43:11","modified_gmt":"2023-11-13T10:43:11","slug":"les-chiffres-des-ist","status":"publish","type":"page","link":"https:\/\/www.vivreaveclevih.org\/fr\/ist\/les-chiffres-des-ist\/","title":{"rendered":"Les chiffres des IST"},"content":{"rendered":"","protected":false},"excerpt":{"rendered":"","protected":false},"author":1,"featured_media":0,"parent":21,"menu_order":0,"comment_status":"closed","ping_status":"closed","template":"","meta":{"_acf_changed":false,"footnotes":""},"class_list":["post-477","page","type-page","status-publish","hentry"],"acf":{"sidebar":211,"contenu_flexible":[{"acf_fc_layout":"text2cols","background_color":false,"title":"Les IST, en bref...","col_left":"<ul>\n<li><strong>La <a href=\"https:\/\/www.vivreaveclevih.org\/fr\/ist\/la-chlamydia\/\">chlamydia<\/a><\/strong> est une IST qui concerne principalement les jeunes femmes entre 15 et 29 ans.<\/li>\n<li><strong>La <a href=\"https:\/\/www.vivreaveclevih.org\/fr\/ist\/la-syphilis\/\">syphilis<\/a><\/strong> est observ\u00e9e principalement chez les hommes de 20 \u00e0 65 ans.<\/li>\n<li><strong>La <a href=\"https:\/\/www.vivreaveclevih.org\/fr\/ist\/la-gonorrhee\/\">gonorrh\u00e9e<\/a><\/strong> est pr\u00e9sente principalement chez les hommes entre 20 et 39 ans.<\/li>\n<\/ul>\n","col_right":"<p>Depuis 2002, Sciensano \u2013 l\u2019ex-Institut Scientifique de Sant\u00e9 Publique (ISP)- surveille l\u2019\u00e9volution des IST diagnostiqu\u00e9es en Belgique. L\u2019Institut s\u2019appuie sur les chiffres fournis par un vaste r\u00e9seau de laboratoires d\u2019analyses m\u00e9dicales qui enregistrent les cas d\u2019IST dans les trois r\u00e9gions du pays.<\/p>\n<p><b>Le dernier rapport sur les IST donne la situation \u00e9pid\u00e9miologique jusqu&rsquo;au 31 d\u00e9cembre 2021<\/b>. Vous en trouverez les grandes lignes ci-dessous.<\/p>\n"},{"acf_fc_layout":"textfull","text":"<blockquote><p>Pour t\u00e9l\u00e9charger le rapport complet, cliquez <a href=\"https:\/\/www.sciensano.be\/sites\/default\/files\/report_sti_2021_fr_fin.pdf\" target=\"_blank\" rel=\"noopener\"><strong>ici<\/strong><strong>.<\/strong><\/a><\/p><\/blockquote>\n","background_color":false},{"acf_fc_layout":"textfull","text":"<h2>Toujours plus d&rsquo;IST diagnostiqu\u00e9es<\/h2>\n<p><strong><span style=\"color: #006f90;\">Apr\u00e8s une diminution des diagnostiques d&rsquo;IST durant le COVID, ceux-ci augmentent \u00e0 nouveau.<\/span><\/strong><br \/>\nLes tendances g\u00e9n\u00e9rales pour la chlamydia, la gonorrh\u00e9e et la syphilis en Belgique sont \u00e0 la hausse depuis plusieurs ann\u00e9es, avec une baisse temporaire en 2020 due \u00e0 l&rsquo;\u00e9pid\u00e9mie de COVID-19. Le nombre estim\u00e9 de diagnostics pour les trois IST est \u00e0 nouveau plus \u00e9lev\u00e9 en 2021 qu&rsquo;en 2019.Pour la Plateforme Pr\u00e9vention Sida et Sciensano, cette progression s\u2019explique par le nombre toujours plus \u00e9lev\u00e9 de tests de d\u00e9pistage r\u00e9alis\u00e9s.<\/p>\n","background_color":false},{"acf_fc_layout":"imagefull","image":11361,"text":""},{"acf_fc_layout":"textfull","text":"<h2>Plus d\u2019IST diagnostiqu\u00e9es mais pas d\u2019\u00e9pid\u00e9mie<\/h2>\n<p>Pour la Plateforme Pr\u00e9vention Sida et Sciensano, l\u2019augmentation observ\u00e9e depuis 2002 des diagnostics de chlamydia, gonorrh\u00e9e et syphilis n\u2019est pas la cons\u00e9quence d\u2019une recrudescence des IST dans notre pays. En effet, si les diagnostics d\u2019IST augmentent bel et bien, leur hausse est proportionnelle \u00e0 celle du nombre de tests de d\u00e9pistage r\u00e9alis\u00e9s au sein de la population.<\/p>\n<p><strong>En d\u2019autres termes, plus on r\u00e9alise de tests de d\u00e9pistage, plus d\u2019IST sont diagnostiqu\u00e9es.<\/strong><\/p>\n","background_color":false},{"acf_fc_layout":"textfull","text":"<h2>Chlamydia, gonorrh\u00e9e et syphilis en bref<\/h2>\n<p>Le nombre estim\u00e9 de diagnostics de<strong> <a href=\"https:\/\/www.vivreaveclevih.org\/fr\/ist\/la-chlamydia\/\">chlamydia<\/a> <\/strong>par population en Belgique \u00e9tait de 147\/100 000 en 2021. La chlamydia est davantage diagnostiqu\u00e9e chez les femmes que chez les hommes. En 2021, le nombre estim\u00e9 de diagnostics \u00e9tait de 154\/100 000 pour les femmes, contre 139\/100 000 pour les hommes. Pour les deux sexes, la tendance \u00e9tait similaire avec une augmentation constante de 2017 \u00e0 2019, une diminution en 2020 suivie d&rsquo;une l\u00e9g\u00e8re augmentation en 2021.<\/p>\n<p>Non trait\u00e9e, la chlamydia peut \u00eatre \u00e0 l\u2019origine de probl\u00e8mes d\u2019infertilit\u00e9 chez la femme.<\/p>\n","background_color":false},{"acf_fc_layout":"imagefull","image":11362,"text":""},{"acf_fc_layout":"textfull","text":"<p>Le nombre de diagnostics de <a href=\"https:\/\/www.vivreaveclevih.org\/fr\/ist\/la-gonorrhee\/\"><strong>gonorrh\u00e9e<\/strong><\/a> en Belgique est estim\u00e9 \u00e0 64\/100 000 habitants en 2021. La gonorrh\u00e9e est davantage diagnostiqu\u00e9e chez les hommes que chez les femmes. Au cours de la p\u00e9riode 2017-2021, nous avons observ\u00e9 une tendance \u00e0 la hausse tant chez les hommes que chez les femmes, le nombre estim\u00e9 de diagnostics chez les femmes restant inf\u00e9rieur.Chez les hommes, la gonorrh\u00e9e a \u00e9t\u00e9 principalement diagnostiqu\u00e9e entre 20 et 39 ans. Chez les femmes, la gonorrh\u00e9e a \u00e9t\u00e9 principalement diagnostiqu\u00e9e entre 20 et 29 ans.<\/p>\n","background_color":false},{"acf_fc_layout":"imagefull","image":11363,"text":""},{"acf_fc_layout":"textfull","text":"<p>Le nombre de diagnostics de <strong><a href=\"https:\/\/www.vivreaveclevih.org\/fr\/ist\/la-syphilis\/\">syphilis<\/a> <\/strong>en Belgique est estim\u00e9 \u00e0 40\/100 000 habitants en 2021. La syphilis est principalement diagnostiqu\u00e9e chez les hommes. Chez les hommes, on observe une augmentation constante de 2017 \u00e0 2019, une diminution en 2020 suivie d&rsquo;une augmentation en 2021. La syphilis a \u00e9t\u00e9 principalement enregistr\u00e9e chez les hommes \u00e2g\u00e9s de 20 \u00e0 65 ans.<\/p>\n","background_color":false},{"acf_fc_layout":"imagefull","image":11364,"text":""},{"acf_fc_layout":"textfull","text":"<h4>Il existe d&rsquo;autres IST : les h\u00e9patites B et C, le Papillomavirus (HPV), l&rsquo;herp\u00e8s g\u00e9nital, les mycoses vaginales et la balanite du gland.<br \/>\nElles ne sont pas abord\u00e9es ici mais il est important de s&rsquo;en prot\u00e9ger en ayant recours aux outils de La pr\u00e9vention combin\u00e9e des IST.<\/h4>\n","background_color":false},{"acf_fc_layout":"text2cols","background_color":false,"title":"Principaux facteurs de risque","col_left":"<p><b>La contamination par une IST est principalement li\u00e9e \u00e0 des relations sexuelles sans pr\u00e9servatif. Nous constatons, en effet, via nos actions\u00a0de terrain une tendance \u00e0 la baise de l&rsquo;utilisation du pr\u00e9servatif qui est pourtant un outil incontournable pour se prot\u00e9ger des IST.<\/b><br \/>\nPar ailleurs, il est important de rappeler que r\u00e9guli\u00e8rement des patient\u00b7es sont diagnostiqu\u00e9\u00b7es porteur\u00b7euses d\u2019une IST alors qu\u2019ils\u00b7elles ne signalaient aucune plainte ni sympt\u00f4me. Les IST se r\u00e9v\u00e8lent donc souvent asymptomatiques. De plus, \u00eatre infect\u00e9\u00b7e par une IST augmente le risque d\u2019infection par une autre IST; et une IST non trait\u00e9e peut avoir des cons\u00e9quences graves, comme la st\u00e9rilit\u00e9 par exemple.<\/p>\n<p><strong>La Plateforme Pr\u00e9vention Sida invite donc les patient\u00b7es \u00e0 demander proactivement un <a href=\"https:\/\/www.vivreaveclevih.org\/fr\/depistage\/le-depistage-des-ist\/\">d\u00e9pistage IST<\/a> \u00e0 leur m\u00e9decin s&rsquo;ils\u00b7elles ont des prises de risque ou multiplient les partenaires. Elle pr\u00e9conise \u00e9galement aux m\u00e9decins de proposer spontan\u00e9ment ce test \u00e0 leurs patient\u00b7es \u00e0 risque.<\/strong><\/p>\n","col_right":"<h3>Pr\u00e9servatif \u2013 d\u00e9pistage \u2013 traitements<\/h3>\n<p>L\u2019utilisation du <strong>pr\u00e9servatif<\/strong> (externe ou interne) et du lubrifiant \u00e0 base d\u2019eau est essentielle pour se prot\u00e9ger et prot\u00e9ger son\u00b7sa\u00b7ses partenaire\u00b7s, sans oublier le recours r\u00e9gulier \u00e0 un<strong> test de d\u00e9pistage<\/strong> des IST et le <strong>traitement<\/strong> de celles-ci en cas d\u2019infection. Il existe aussi des <strong><a href=\"https:\/\/www.vivreaveclevih.org\/fr\/protection\/se-faire-vacciner\/\">vaccins<\/a><\/strong> pour se prot\u00e9ger contre les souches les plus agressives du HPV et contre les h\u00e9patites A et B.<\/p>\n<p>Pour la Plateforme Pr\u00e9vention Sida, le d\u00e9pistage est un axe central dans les actions de pr\u00e9vention :<strong> savoir si on est infect\u00e9\u00b7e par une IST permet d\u2019adapter ses comportements<\/strong> (utiliser un pr\u00e9servatif, se soigner) afin de<strong> briser la chaine de contamination<\/strong> et ainsi d\u2019\u00e9viter de transmettre une IST. D\u2019autant plus que, souvent, les IST ne pr\u00e9sentent pas de sympt\u00f4mes visibles.<\/p>\n<p>Il ne faut donc pas h\u00e9siter <strong>\u00e0 demander un test de d\u00e9pistage des IST \u00e0 votre m\u00e9decin<\/strong> ou \u00e0 prendre rendez-vous directement dans un <strong><a href=\"https:\/\/preventionsida.org\/fr\/centres-de-depistage\/\">centre de d\u00e9pistage<\/a>.<\/strong><\/p>\n"}]},"_links":{"self":[{"href":"https:\/\/www.vivreaveclevih.org\/fr\/wp-json\/wp\/v2\/pages\/477","targetHints":{"allow":["GET"]}}],"collection":[{"href":"https:\/\/www.vivreaveclevih.org\/fr\/wp-json\/wp\/v2\/pages"}],"about":[{"href":"https:\/\/www.vivreaveclevih.org\/fr\/wp-json\/wp\/v2\/types\/page"}],"author":[{"embeddable":true,"href":"https:\/\/www.vivreaveclevih.org\/fr\/wp-json\/wp\/v2\/users\/1"}],"replies":[{"embeddable":true,"href":"https:\/\/www.vivreaveclevih.org\/fr\/wp-json\/wp\/v2\/comments?post=477"}],"version-history":[{"count":4,"href":"https:\/\/www.vivreaveclevih.org\/fr\/wp-json\/wp\/v2\/pages\/477\/revisions"}],"predecessor-version":[{"id":11366,"href":"https:\/\/www.vivreaveclevih.org\/fr\/wp-json\/wp\/v2\/pages\/477\/revisions\/11366"}],"up":[{"embeddable":true,"href":"https:\/\/www.vivreaveclevih.org\/fr\/wp-json\/wp\/v2\/pages\/21"}],"wp:attachment":[{"href":"https:\/\/www.vivreaveclevih.org\/fr\/wp-json\/wp\/v2\/media?parent=477"}],"curies":[{"name":"wp","href":"https:\/\/api.w.org\/{rel}","templated":true}]}}