{"id":60,"date":"2019-09-02T15:13:10","date_gmt":"2019-09-02T13:13:10","guid":{"rendered":"https:\/\/www.vivreaveclevih.org\/?page_id=60"},"modified":"2022-07-12T09:13:47","modified_gmt":"2022-07-12T07:13:47","slug":"les-ist-cest-quoi","status":"publish","type":"page","link":"https:\/\/www.vivreaveclevih.org\/fr\/ist\/les-ist-cest-quoi\/","title":{"rendered":"Les IST c&rsquo;est quoi ?"},"content":{"rendered":"","protected":false},"excerpt":{"rendered":"","protected":false},"author":1,"featured_media":0,"parent":21,"menu_order":0,"comment_status":"closed","ping_status":"closed","template":"","meta":{"_acf_changed":false,"footnotes":""},"class_list":["post-60","page","type-page","status-publish","hentry"],"acf":{"contenu_flexible":[{"acf_fc_layout":"textfull","text":"<p style=\"text-align: left;\">Les <a href=\"https:\/\/www.vivreaveclevih.org\/fr\/ist\/les-ist-cest-quoi\/\"><strong>IST<\/strong><\/a> sont des infections sexuellement transmissibles <b>provoqu\u00e9es par des bact\u00e9ries, des virus ou des parasites<\/b>.<\/p>\n<p style=\"text-align: left;\">Les principaux <a href=\"https:\/\/www.vivreaveclevih.org\/fr\/ist\/les-signaux-dalarmes\/\"><strong>sympt\u00f4mes des IST<\/strong><\/a> sont la fi\u00e8vre, des douleurs dans le bas ventre, des \u00e9coulements anormaux au niveau des organes g\u00e9nitaux, des rougeurs des organes g\u00e9nitaux, des \u00e9ruptions cutan\u00e9es, un chancre (petit bouton avec un trou non douloureux)\u2026 Mais attention, <strong>souvent, les IST n\u2019ont pas de sympt\u00f4mes visibles,<\/strong> c\u2019est-\u00e0-dire qu\u2019aucun signe ext\u00e9rieur ne montre la pr\u00e9sence de l\u2019infection.<\/p>\n<p><strong>Le fait d\u2019\u00eatre sous\u00a0<\/strong><a href=\"https:\/\/www.vivreaveclevih.org\/fr\/traitement\/vih\/les-traitements-contre-le-vih\/\"><strong>traitement<\/strong><\/a><strong>\u00a0et d\u2019avoir une\u00a0<a href=\"https:\/\/www.vivreaveclevih.org\/fr\/vih\/la-charge-virale-cest-quoi\/\">charge virale ind\u00e9tectable<\/a>\u00a0ne vous prot\u00e8ge pas contre les autres\u00a0<\/strong><a href=\"https:\/\/www.vivreaveclevih.org\/fr\/ist\/les-ist-cest-quoi\/\"><strong>infections sexuellement transmissibles\u00a0<\/strong><\/a><strong>(IST).<\/strong>\u00a0Il faut continuer \u00e0 vous en prot\u00e9ger, ces IST pouvant avoir des cons\u00e9quences n\u00e9fastes pour votre sant\u00e9. De plus, le fait d\u2019\u00eatre infect\u00e9\u00b7e par le VIH augmente le risque d\u2019\u00eatre infect\u00e9\u00b7e par une autre IST et d\u2019avoir plus de complications. N\u2019arr\u00eatez donc pas d\u2019utiliser le\u00a0<a href=\"https:\/\/www.vivreaveclevih.org\/fr\/protection\/le-preservatif\/\"><strong>pr\u00e9servatif<\/strong><\/a> si vous n\u2019\u00eates pas s\u00fbr de l\u2019\u00e9tat de sant\u00e9 de votre\u00b7vos partenaire\u00b7s.<\/p>\n<p><strong>Aujourd\u2019hui, les personnes vivant avec le <a href=\"https:\/\/www.vivreaveclevih.org\/fr\/vih\/le-vih-cest-quoi\/\">VIH<\/a> qui ont une <a href=\"https:\/\/www.vivreaveclevih.org\/fr\/protection\/indetectable-intransmissible-ou-ii\/\">charge virale ind\u00e9tectable<\/a> gr\u00e2ce \u00e0 leur <a href=\"https:\/\/www.vivreaveclevih.org\/fr\/traitement\/vih\/les-traitements-contre-le-vih\/\">traitement<\/a>, ne transmettent pas le VIH, qu\u2019il y ait ou non une autre IST associ\u00e9e<\/strong>. La r\u00e9ponse au <a href=\"https:\/\/www.vivreaveclevih.org\/fr\/traitement\/ist\/le-traitement-des-ist\/\"><strong>traitement contre les IST<\/strong><\/a> est en g\u00e9n\u00e9ral similaire \u00e0 celle des personnes s\u00e9ron\u00e9gatives. Le probl\u00e8me est que les IST sont en augmentation, et qu\u2019il reste donc tr\u00e8s important de se prot\u00e9ger. Lorsqu\u2019un couple s\u00e9rodiff\u00e9rent d\u00e9cide de ne plus utiliser le pr\u00e9servatif, il est important de se faire d\u00e9pister pour les autres IST. Un conseil relatif aux IST fait partie int\u00e9grante de toute consultation relative au VIH ou \u00e0 la contraception. Par ailleurs, les personnes s\u00e9ron\u00e9gatives souffrant d\u2019une IST ont un risque accru d\u2019acqu\u00e9rir le VIH si elles sont en contact avec ce virus.<\/p>\n<blockquote>\n<p style=\"text-align: left;\">Vous pouvez donc \u00eatre infect\u00e9\u00b7e par une IST sans le savoir.<\/p>\n<\/blockquote>\n","background_color":false},{"acf_fc_layout":"text2cols","background_color":false,"title":"","col_left":"<p style=\"text-align: left;\">Concr\u00e8tement, les IST se transmettent principalement d\u2019une personne \u00e0 une autre <b>lors de relations sexuelles sans <a href=\"https:\/\/www.vivreaveclevih.org\/fr\/protection\/le-preservatif\/\">pr\u00e9servatif <\/a><\/b>: p\u00e9n\u00e9tration vaginale et anale, fellation, cunnilingus, anulingus, caresse\/masturbation sexe contre sexe, etc.<\/p>\n<p style=\"text-align: left;\">Un simple contact entre muqueuses peut aussi \u00eatre \u00e0 l\u2019origine d\u2019une infection par une IST. Certaines IST se transmettent aussi lors du baiser et des caresses.<\/p>\n<p style=\"text-align: left;\">Attention, \u00eatre <b>infect\u00e9\u00b7e\u00a0par une IST peut augmenter le risque d\u2019infection par une\u00a0autre IST<\/b>. En effet, les IST fragilisent les muqueuses qui deviennent alors de plus grandes \u00ab portes d\u2019entr\u00e9e \u00bb pour les autres IST.<\/p>\n","col_right":"<p style=\"text-align: left;\" align=\"justify\">Il est pr\u00e9f\u00e9rable d\u2019\u00e9viter d\u2019\u00eatre infect\u00e9\u00b7e par plusieurs IST en m\u00eame temps car cela complique le traitement m\u00e9dical, notamment celui contre le VIH.<\/p>\n<p style=\"text-align: left;\" align=\"justify\">La <b>plupart des IST peuvent \u00eatre gu\u00e9ries <\/b>sans laisser de s\u00e9quelles si elles sont soign\u00e9es \u00e0 temps. Il ne faut pas laisser ces infections sans traitement car non trait\u00e9es, elles peuvent avoir des cons\u00e9quences graves (st\u00e9rilit\u00e9, cancer, etc.), d&rsquo;autant plus pour les personnes vivant avec le VIH plus sensibles aux complications. Certaines IST comme l&rsquo;h\u00e9patite B, peuvent \u00eatre trait\u00e9es sans pour autant \u00eatre gu\u00e9ries. On parle alors de maladies chroniques (qui restent dans le temps).<\/p>\n"},{"acf_fc_layout":"imagefull","image":313,"text":""},{"acf_fc_layout":"textfull","text":"<p style=\"text-align: left;\" align=\"justify\">Un <a href=\"\/fr\/depistage\/le-depistage-des-ist\/\"><strong>d\u00e9pistage r\u00e9gulier<\/strong><\/a> est donc recommand\u00e9 pour toutes les IST si vous changez r\u00e9guli\u00e8rement de partenaire\u00b7s, cela afin d\u2019assurer une prise en charge m\u00e9dicale rapide et d\u2019\u00e9viter de transmettre le virus \u00e0 d\u2019autres personnes.<\/p>\n<blockquote>\n<ul>\n<li style=\"text-align: left;\"><b>Plus t\u00f4t les IST sont d\u00e9pist\u00e9es, mieux\u00a0elles peuvent \u00eatre soign\u00e9es<\/b>.<\/li>\n<li style=\"text-align: left;\">Si vous avez \u00e9t\u00e9 infect\u00e9\u00b7e par une IST, <b>informez votre\u00b7vos\u00a0partenaire\u00b7s<\/b> pour qu\u2019il\u00b7s ou elle\u00b7s puisse\u00b7nt \u00eatre trait\u00e9\u00b7e\u00b7s \u00e9galement\u00a0!<\/li>\n<\/ul>\n<\/blockquote>\n","background_color":false},{"acf_fc_layout":"video","video_id":"c1do6CNYIAc"},{"acf_fc_layout":"textfull","text":"<h2 style=\"text-align: left;\">Quelques <a href=\"https:\/\/www.vivreaveclevih.org\/fr\/ist\/les-chiffres-des-ist\/\">chiffres sur les IST<\/a> en Belgique<\/h2>\n<ul>\n<li>La <a href=\"https:\/\/www.vivreaveclevih.org\/fr\/ist\/la-chlamydia\/\"><strong>chlamydia<\/strong> <\/a>est une IST qui concerne principalement\u00a0les jeunes femmes de moins de 30 ans.<\/li>\n<li>La <strong><a href=\"https:\/\/www.vivreaveclevih.org\/fr\/ist\/la-syphilis\/\">syphilis<\/a><\/strong> est observ\u00e9e principalement chez les hommes ayant des rapports sexuels avec des hommes de 20 \u00e0 59 ans.<\/li>\n<li>La <strong><a href=\"https:\/\/www.vivreaveclevih.org\/fr\/ist\/la-gonorrhee\/\">gonorrh\u00e9e<\/a><\/strong> est pr\u00e9sente principalement chez les hommes entre 20 et 39 ans.<\/li>\n<li style=\"text-align: left;\">Le nombre de nouvelles infections \u00e0 <a href=\"https:\/\/www.vivreaveclevih.org\/fr\/ist\/les-hepatites-b-et-c\/\"><strong>l\u2019h\u00e9patite<\/strong> <strong>C<\/strong><\/a> est estim\u00e9 \u00e0 1500 cas par an.<\/li>\n<li style=\"text-align: left;\">Plus de 700 cas de cancer du col l\u2019ut\u00e9rus sont diagnostiqu\u00e9s\u00a0chaque ann\u00e9e. Pratiquement la totalit\u00e9\u00a0d\u2019entre eux sont dus \u00e0 une infection par le <strong><a href=\"https:\/\/www.vivreaveclevih.org\/fr\/ist\/lhpv\/\">HPV<\/a>.<\/strong><\/li>\n<\/ul>\n","background_color":true}],"sidebar":211},"_links":{"self":[{"href":"https:\/\/www.vivreaveclevih.org\/fr\/wp-json\/wp\/v2\/pages\/60","targetHints":{"allow":["GET"]}}],"collection":[{"href":"https:\/\/www.vivreaveclevih.org\/fr\/wp-json\/wp\/v2\/pages"}],"about":[{"href":"https:\/\/www.vivreaveclevih.org\/fr\/wp-json\/wp\/v2\/types\/page"}],"author":[{"embeddable":true,"href":"https:\/\/www.vivreaveclevih.org\/fr\/wp-json\/wp\/v2\/users\/1"}],"replies":[{"embeddable":true,"href":"https:\/\/www.vivreaveclevih.org\/fr\/wp-json\/wp\/v2\/comments?post=60"}],"version-history":[{"count":2,"href":"https:\/\/www.vivreaveclevih.org\/fr\/wp-json\/wp\/v2\/pages\/60\/revisions"}],"predecessor-version":[{"id":10771,"href":"https:\/\/www.vivreaveclevih.org\/fr\/wp-json\/wp\/v2\/pages\/60\/revisions\/10771"}],"up":[{"embeddable":true,"href":"https:\/\/www.vivreaveclevih.org\/fr\/wp-json\/wp\/v2\/pages\/21"}],"wp:attachment":[{"href":"https:\/\/www.vivreaveclevih.org\/fr\/wp-json\/wp\/v2\/media?parent=60"}],"curies":[{"name":"wp","href":"https:\/\/api.w.org\/{rel}","templated":true}]}}