{"id":69,"date":"2019-09-03T13:11:47","date_gmt":"2019-09-03T11:11:47","guid":{"rendered":"https:\/\/www.vivreaveclevih.org\/?page_id=69"},"modified":"2021-09-06T14:29:35","modified_gmt":"2021-09-06T12:29:35","slug":"centres-de-soins","status":"publish","type":"page","link":"https:\/\/www.vivreaveclevih.org\/fr\/depistage\/centres-de-soins\/","title":{"rendered":"Centres de Soins VIH"},"content":{"rendered":"<form id=\"globuleOpenStreetMapForm\" action=\"\" method=\"POST\"><input type=\"text\" name=\"q\" value=\"\"><input type=\"submit\" value=\"Search\"><\/form><div id=\"map\" style=\"height:500px;width:100%;\"><\/div>\n<div id=\"globuleOpenStreetMapResults\" class=\"ShopWrapper\"><article id=\"post-9743\" class=\"post-9743 places type-places status-publish hentry\" >\n\t<header class=\"entry-header\">\n\t\t<h3 class=\"entry-title\">\n\t\t\tCentre de r\u00e9f\u00e9rence VIH &#8211; CHU Charleroi\t\t<\/h3>\n\t<\/header>\n\t<div class=\"body\">\n\t\t\t\t<\/div>\n\t<div class=\"content\" itemprop=\"description\">\n\t\t<p><span>Chauss\u00e9e de Bruxelles, 140<\/span><\/p>\n\t\t<p><span>6042 Lodelinsart<\/span><\/p>\n\t\t<p><span>071\/92 23 07<\/span><\/p>\n\t\t<p><span><a href=\"mailto:\"><\/a><\/span><\/p>\n\t<\/div>\n<\/article>\n<article id=\"post-9745\" class=\"post-9745 places type-places status-publish hentry\" >\n\t<header class=\"entry-header\">\n\t\t<h3 class=\"entry-title\">\n\t\t\tCentre de r\u00e9f\u00e9rence VIH &#8211; CHU Dinant Godinne\t\t<\/h3>\n\t<\/header>\n\t<div class=\"body\">\n\t\t\t\t<\/div>\n\t<div class=\"content\" itemprop=\"description\">\n\t\t<p><span>Avenue Dr. Gaston Th\u00e9rasse, 1<\/span><\/p>\n\t\t<p><span>5530 Yvoir<\/span><\/p>\n\t\t<p><span>081\/42 20 81 \u2022 081\/42 38 00<\/span><\/p>\n\t\t<p><span><a href=\"mailto:\"><\/a><\/span><\/p>\n\t<\/div>\n<\/article>\n<article id=\"post-9735\" class=\"post-9735 places type-places status-publish hentry\" >\n\t<header class=\"entry-header\">\n\t\t<h3 class=\"entry-title\">\n\t\t\tCentre de r\u00e9f\u00e9rence VIH de l\u2019UCL -H\u00f4pital St-Luc\t\t<\/h3>\n\t<\/header>\n\t<div class=\"body\">\n\t\t\t\t<\/div>\n\t<div class=\"content\" itemprop=\"description\">\n\t\t<p><span>Avenue Hippocrate, 10<\/span><\/p>\n\t\t<p><span>1200 Woluw\u00e9-Saint-Lambert<\/span><\/p>\n\t\t<p><span>02\/764 21 98 \u2022 02\/764 19 02<\/span><\/p>\n\t\t<p><span><a href=\"mailto:\"><\/a><\/span><\/p>\n\t<\/div>\n<\/article>\n<article id=\"post-9737\" class=\"post-9737 places type-places status-publish hentry\" >\n\t<header class=\"entry-header\">\n\t\t<h3 class=\"entry-title\">\n\t\t\tCentre de r\u00e9f\u00e9rence VIH de l\u2019ULB \u2013 CHU St-Pierre \u2013  MIA\t\t<\/h3>\n\t<\/header>\n\t<div class=\"body\">\n\t\t\t<p>B\u00e2timent 900 (ancien CETIM) &#8211; CHU Saint-Pierre- Site Porte de Hal<\/p>\n\t<\/div>\n\t<div class=\"content\" itemprop=\"description\">\n\t\t<p><span>Rue haute, 322<\/span><\/p>\n\t\t<p><span>1000 Bruxelles<\/span><\/p>\n\t\t<p><span>02\/535 31 77 <\/span><\/p>\n\t\t<p><span><a href=\"mailto:\"><\/a><\/span><\/p>\n\t<\/div>\n<\/article>\n<article id=\"post-9741\" class=\"post-9741 places type-places status-publish hentry\" >\n\t<header class=\"entry-header\">\n\t\t<h3 class=\"entry-title\">\n\t\t\tCentre de r\u00e9f\u00e9rence VIH de l\u2019UZ VUB\t\t<\/h3>\n\t<\/header>\n\t<div class=\"body\">\n\t\t\t\t<\/div>\n\t<div class=\"content\" itemprop=\"description\">\n\t\t<p><span>Avenue du Laarbeek, 101<\/span><\/p>\n\t\t<p><span>1090 Bruxelles<\/span><\/p>\n\t\t<p><span>02\/477 60 01<\/span><\/p>\n\t\t<p><span><a href=\"mailto:\"><\/a><\/span><\/p>\n\t<\/div>\n<\/article>\n<article id=\"post-9747\" class=\"post-9747 places type-places status-publish hentry\" >\n\t<header class=\"entry-header\">\n\t\t<h3 class=\"entry-title\">\n\t\t\tCentre de r\u00e9f\u00e9rence VIH du CHU de Li\u00e8ge\t\t<\/h3>\n\t<\/header>\n\t<div class=\"body\">\n\t\t\t<p>Le service se situe au 5<sup>\u00e8me<\/sup> \u00e9tage<\/p>\n\t<\/div>\n\t<div class=\"content\" itemprop=\"description\">\n\t\t<p><span>Quai Godefroid Kurth, 45<\/span><\/p>\n\t\t<p><span>4020 Li\u00e8ge<\/span><\/p>\n\t\t<p><span>04\/270 31 90<\/span><\/p>\n\t\t<p><span><a href=\"mailto:\"><\/a><\/span><\/p>\n\t<\/div>\n<\/article>\n<article id=\"post-9739\" class=\"post-9739 places type-places status-publish hentry\" >\n\t<header class=\"entry-header\">\n\t\t<h3 class=\"entry-title\">\n\t\t\tCentre de r\u00e9f\u00e9rence VIH H\u00f4pital Erasme\t\t<\/h3>\n\t<\/header>\n\t<div class=\"body\">\n\t\t\t\t<\/div>\n\t<div class=\"content\" itemprop=\"description\">\n\t\t<p><span>Route de Lennik, 808<\/span><\/p>\n\t\t<p><span>1070 Bruxelles<\/span><\/p>\n\t\t<p><span>02\/555 74 84<\/span><\/p>\n\t\t<p><span><a href=\"mailto:\"><\/a><\/span><\/p>\n\t<\/div>\n<\/article>\n<article id=\"post-10174\" class=\"post-10174 places type-places status-publish hentry\" >\n\t<header class=\"entry-header\">\n\t\t<h3 class=\"entry-title\">\n\t\t\tCentre Hospitalier EpiCURA\t\t<\/h3>\n\t<\/header>\n\t<div class=\"body\">\n\t\t\t<p>Site Hornu<\/p>\n\t<\/div>\n\t<div class=\"content\" itemprop=\"description\">\n\t\t<p><span>Route de Mons, 63<\/span><\/p>\n\t\t<p><span>7301 Hornu<\/span><\/p>\n\t\t<p><span>078\/15 01 70<\/span><\/p>\n\t\t<p><span><a href=\"mailto:\"><\/a><\/span><\/p>\n\t<\/div>\n<\/article>\n<article id=\"post-10176\" class=\"post-10176 places type-places status-publish hentry\" >\n\t<header class=\"entry-header\">\n\t\t<h3 class=\"entry-title\">\n\t\t\tCentre Hospitalier EpiCURA\t\t<\/h3>\n\t<\/header>\n\t<div class=\"body\">\n\t\t\t<p>Site Ath<\/p>\n\t<\/div>\n\t<div class=\"content\" itemprop=\"description\">\n\t\t<p><span>Rue Maria Thom\u00e9e, 1<\/span><\/p>\n\t\t<p><span>7800 Ath<\/span><\/p>\n\t\t<p><span>078\/15 01 70<\/span><\/p>\n\t\t<p><span><a href=\"mailto:\"><\/a><\/span><\/p>\n\t<\/div>\n<\/article>\n<article id=\"post-10168\" class=\"post-10168 places type-places status-publish hentry\" >\n\t<header class=\"entry-header\">\n\t\t<h3 class=\"entry-title\">\n\t\t\tCentre Hospitalier Peltzer \u2013 La Tourelle Verviers\t\t<\/h3>\n\t<\/header>\n\t<div class=\"body\">\n\t\t\t\t<\/div>\n\t<div class=\"content\" itemprop=\"description\">\n\t\t<p><span>Rue du Parc, 29<\/span><\/p>\n\t\t<p><span>4800 Verviers<\/span><\/p>\n\t\t<p><span>087\/21 29 58<\/span><\/p>\n\t\t<p><span><a href=\"mailto:\"><\/a><\/span><\/p>\n\t<\/div>\n<\/article>\n<article id=\"post-10164\" class=\"post-10164 places type-places status-publish hentry\" >\n\t<header class=\"entry-header\">\n\t\t<h3 class=\"entry-title\">\n\t\t\tCHR de la Citadelle de Li\u00e8ge\t\t<\/h3>\n\t<\/header>\n\t<div class=\"body\">\n\t\t\t\t<\/div>\n\t<div class=\"content\" itemprop=\"description\">\n\t\t<p><span>Boulevard du 12\u00e8me de Ligne, 1<\/span><\/p>\n\t\t<p><span>4000 Li\u00e8ge<\/span><\/p>\n\t\t<p><span>04\/225 62 44<\/span><\/p>\n\t\t<p><span><a href=\"mailto:\"><\/a><\/span><\/p>\n\t<\/div>\n<\/article>\n<article id=\"post-10170\" class=\"post-10170 places type-places status-publish hentry\" >\n\t<header class=\"entry-header\">\n\t\t<h3 class=\"entry-title\">\n\t\t\tCHR Sambre &#038; Meuse de Namur\t\t<\/h3>\n\t<\/header>\n\t<div class=\"body\">\n\t\t\t\t<\/div>\n\t<div class=\"content\" itemprop=\"description\">\n\t\t<p><span>Avenue Albert 1er, 185<\/span><\/p>\n\t\t<p><span>5000 Namur<\/span><\/p>\n\t\t<p><span>081\/72 61 11<\/span><\/p>\n\t\t<p><span><a href=\"mailto:\"><\/a><\/span><\/p>\n\t<\/div>\n<\/article>\n<article id=\"post-10172\" class=\"post-10172 places type-places status-publish hentry\" >\n\t<header class=\"entry-header\">\n\t\t<h3 class=\"entry-title\">\n\t\t\tCHU Ambroise-Par\u00e9e de Mons\t\t<\/h3>\n\t<\/header>\n\t<div class=\"body\">\n\t\t\t\t<\/div>\n\t<div class=\"content\" itemprop=\"description\">\n\t\t<p><span>Boulevard Pr\u00e9sident Kennedy, 2<\/span><\/p>\n\t\t<p><span>7000 Mons<\/span><\/p>\n\t\t<p><span>065\/41 41 41<\/span><\/p>\n\t\t<p><span><a href=\"mailto:\"><\/a><\/span><\/p>\n\t<\/div>\n<\/article>\n<article id=\"post-11969\" class=\"post-11969 places type-places status-publish hentry\" >\n\t<header class=\"entry-header\">\n\t\t<h3 class=\"entry-title\">\n\t\t\tCHU Brugmann &#8211; site Horta\t\t<\/h3>\n\t<\/header>\n\t<div class=\"body\">\n\t\t\t<p>Prise de rendez-vous en ligne sur le site <a href=\"https:\/\/rosa.be\/fr\/hp\/philippe-clevenbergh\/\">ROSA<\/a><\/p>\n\t<\/div>\n\t<div class=\"content\" itemprop=\"description\">\n\t\t<p><span>Place Van Gehuchten, 4<\/span><\/p>\n\t\t<p><span>1020 Bruxelles<\/span><\/p>\n\t\t<p><span>+32 2 477 35 08<\/span><\/p>\n\t\t<p><span><a href=\"mailto:secretariat-infectio@chu-brugmann.be\">secretariat-infectio@chu-brugmann.be<\/a><\/span><\/p>\n\t<\/div>\n<\/article>\n<article id=\"post-11971\" class=\"post-11971 places type-places status-publish hentry\" >\n\t<header class=\"entry-header\">\n\t\t<h3 class=\"entry-title\">\n\t\t\tCHU Brugmann &#8211; site Paul Brien\t\t<\/h3>\n\t<\/header>\n\t<div class=\"body\">\n\t\t\t<p>Prise de rendez-vous en ligne sur le site <a href=\"https:\/\/rosa.be\/fr\/hp\/philippe-clevenbergh\/\">ROSA<\/a><\/p>\n\t<\/div>\n\t<div class=\"content\" itemprop=\"description\">\n\t\t<p><span>Rue du Foyer Schaerbeekois, 36<\/span><\/p>\n\t\t<p><span>1030 Schaerbeek<\/span><\/p>\n\t\t<p><span>+32 2 477 35 08<\/span><\/p>\n\t\t<p><span><a href=\"mailto:secretariat-infectio@chu-brugmann.be\">secretariat-infectio@chu-brugmann.be<\/a><\/span><\/p>\n\t<\/div>\n<\/article>\n<article id=\"post-10166\" class=\"post-10166 places type-places status-publish hentry\" >\n\t<header class=\"entry-header\">\n\t\t<h3 class=\"entry-title\">\n\t\t\tClinique Saint-Joseph de Li\u00e8ge\t\t<\/h3>\n\t<\/header>\n\t<div class=\"body\">\n\t\t\t\t<\/div>\n\t<div class=\"content\" itemprop=\"description\">\n\t\t<p><span>Rue de Hesbaye, 75<\/span><\/p>\n\t\t<p><span>4000 Li\u00e8ge<\/span><\/p>\n\t\t<p><span>04\/224 98 60<\/span><\/p>\n\t\t<p><span><a href=\"mailto:\"><\/a><\/span><\/p>\n\t<\/div>\n<\/article>\n<article id=\"post-9751\" class=\"post-9751 places type-places status-publish hentry\" >\n\t<header class=\"entry-header\">\n\t\t<h3 class=\"entry-title\">\n\t\t\tHIV Referentiecentrum AZ Sint-Jan Brugge\t\t<\/h3>\n\t<\/header>\n\t<div class=\"body\">\n\t\t\t\t<\/div>\n\t<div class=\"content\" itemprop=\"description\">\n\t\t<p><span>Ruddershove, 10<\/span><\/p>\n\t\t<p><span>8000 Brugge<\/span><\/p>\n\t\t<p><span>050\/45 23 12<\/span><\/p>\n\t\t<p><span><a href=\"mailto:\"><\/a><\/span><\/p>\n\t<\/div>\n<\/article>\n<article id=\"post-9753\" class=\"post-9753 places type-places status-publish hentry\" >\n\t<header class=\"entry-header\">\n\t\t<h3 class=\"entry-title\">\n\t\t\tHIV Referentiecentrum Gent\t\t<\/h3>\n\t<\/header>\n\t<div class=\"body\">\n\t\t\t<p>Entr\u00e9e 69 (P2, route 690)<\/p>\n\t<\/div>\n\t<div class=\"content\" itemprop=\"description\">\n\t\t<p><span>Corneel Heymanslaan, 10<\/span><\/p>\n\t\t<p><span>9000 Gent<\/span><\/p>\n\t\t<p><span>09\/332.23.50<\/span><\/p>\n\t\t<p><span><a href=\"mailto:\"><\/a><\/span><\/p>\n\t<\/div>\n<\/article>\n<article id=\"post-9749\" class=\"post-9749 places type-places status-publish hentry\" >\n\t<header class=\"entry-header\">\n\t\t<h3 class=\"entry-title\">\n\t\t\tHIV Referentiecentrum Instituut voor Tropische Geneeskunde\t\t<\/h3>\n\t<\/header>\n\t<div class=\"body\">\n\t\t\t\t<\/div>\n\t<div class=\"content\" itemprop=\"description\">\n\t\t<p><span>Kronenburgstraat, 43\/3<\/span><\/p>\n\t\t<p><span>2000 Anvers<\/span><\/p>\n\t\t<p><span>03\/247 64 65<\/span><\/p>\n\t\t<p><span><a href=\"mailto:\"><\/a><\/span><\/p>\n\t<\/div>\n<\/article>\n<article id=\"post-9757\" class=\"post-9757 places type-places status-publish hentry\" >\n\t<header class=\"entry-header\">\n\t\t<h3 class=\"entry-title\">\n\t\t\tHIV Referentiecentrum Jessa Zeikenhuis &#8211; Campus Virga Jesse\t\t<\/h3>\n\t<\/header>\n\t<div class=\"body\">\n\t\t\t\t<\/div>\n\t<div class=\"content\" itemprop=\"description\">\n\t\t<p><span>Stadsomvaart, 11<\/span><\/p>\n\t\t<p><span>3500 Hasselt<\/span><\/p>\n\t\t<p><span>011\/33 55 11<\/span><\/p>\n\t\t<p><span><a href=\"mailto:\"><\/a><\/span><\/p>\n\t<\/div>\n<\/article>\n<article id=\"post-9755\" class=\"post-9755 places type-places status-publish hentry\" >\n\t<header class=\"entry-header\">\n\t\t<h3 class=\"entry-title\">\n\t\t\tHIV Referentiecentrum, Campus Gasthuisberg\t\t<\/h3>\n\t<\/header>\n\t<div class=\"body\">\n\t\t\t\t<\/div>\n\t<div class=\"content\" itemprop=\"description\">\n\t\t<p><span>Herestraat, 49<\/span><\/p>\n\t\t<p><span>3000 Leuven<\/span><\/p>\n\t\t<p><span>016\/34 47 75<\/span><\/p>\n\t\t<p><span><a href=\"mailto:\"><\/a><\/span><\/p>\n\t<\/div>\n<\/article>\n<article id=\"post-10162\" class=\"post-10162 places type-places status-publish hentry\" >\n\t<header class=\"entry-header\">\n\t\t<h3 class=\"entry-title\">\n\t\t\tH\u00f4pital d\u2019Etterbeek-Ixelles\t\t<\/h3>\n\t<\/header>\n\t<div class=\"body\">\n\t\t\t\t<\/div>\n\t<div class=\"content\" itemprop=\"description\">\n\t\t<p><span>Rue Jean Paquot, 63<\/span><\/p>\n\t\t<p><span>1050 Bruxelles<\/span><\/p>\n\t\t<p><span>02\/641 41 11<\/span><\/p>\n\t\t<p><span><a href=\"mailto:\"><\/a><\/span><\/p>\n\t<\/div>\n<\/article>\n<\/div>\n","protected":false},"excerpt":{"rendered":"","protected":false},"author":1,"featured_media":0,"parent":30,"menu_order":0,"comment_status":"closed","ping_status":"closed","template":"","meta":{"_acf_changed":false,"footnotes":""},"class_list":["post-69","page","type-page","status-publish","hentry"],"acf":{"contenu_flexible":[{"acf_fc_layout":"textfull","text":"\n<div class=\"wpcf7 no-js\" id=\"wpcf7-f1735-o1\" lang=\"fr-FR\" dir=\"ltr\" data-wpcf7-id=\"1735\">\n<div class=\"screen-reader-response\"><p role=\"status\" aria-live=\"polite\" aria-atomic=\"true\"><\/p> <ul><\/ul><\/div>\n<form action=\"\/fr\/wp-json\/wp\/v2\/pages\/69#wpcf7-f1735-o1\" method=\"post\" class=\"wpcf7-form init\" aria-label=\"Formulaire de contact\" novalidate=\"novalidate\" data-status=\"init\">\n<fieldset class=\"hidden-fields-container\"><input type=\"hidden\" name=\"_wpcf7\" value=\"1735\" \/><input type=\"hidden\" name=\"_wpcf7_version\" value=\"6.1.5\" \/><input type=\"hidden\" name=\"_wpcf7_locale\" value=\"fr_FR\" \/><input type=\"hidden\" name=\"_wpcf7_unit_tag\" value=\"wpcf7-f1735-o1\" \/><input type=\"hidden\" name=\"_wpcf7_container_post\" value=\"0\" \/><input type=\"hidden\" name=\"_wpcf7_posted_data_hash\" value=\"\" \/><input type=\"hidden\" name=\"_wpcf7_recaptcha_response\" value=\"\" \/>\n<\/fieldset>\n<h2>Commandez vos pr\u00e9servatifs gratuits\n<\/h2>\n<div>\n\t<p>La Plateforme pr\u00e9vention sida peut vous envoyer gratuitement quelques pr\u00e9servatifs chez vous. Cette offre est uniquement valable pour des envois en Belgique car la Plateforme Pr\u00e9vention Sida est une asbl belge ayant une mission sur le territoire de la Communaut\u00e9 fran\u00e7aise de Belgique. Notre mission n\u2019est donc pas internationale.\n\t<\/p>\n<\/div>\n<p><label>Votre nom (obligatoire)<br \/>\n<span class=\"wpcf7-form-control-wrap\" data-name=\"your-name\"><input size=\"40\" maxlength=\"400\" class=\"wpcf7-form-control wpcf7-text wpcf7-validates-as-required\" autocomplete=\"family-name\" aria-required=\"true\" aria-invalid=\"false\" value=\"\" type=\"text\" name=\"your-name\" \/><\/span> <\/label>\n<\/p>\n<p><label>Votre pr\u00e9nom (obligatoire)<br \/>\n<span class=\"wpcf7-form-control-wrap\" data-name=\"your-firstname\"><input size=\"40\" maxlength=\"400\" class=\"wpcf7-form-control wpcf7-text wpcf7-validates-as-required\" autocomplete=\"given-name\" aria-required=\"true\" aria-invalid=\"false\" value=\"\" type=\"text\" name=\"your-firstname\" \/><\/span> <\/label>\n<\/p>\n<p><label>Votre adresse de messagerie (obligatoire)<br \/>\n<span class=\"wpcf7-form-control-wrap\" data-name=\"your-email\"><input size=\"40\" maxlength=\"400\" class=\"wpcf7-form-control wpcf7-email wpcf7-validates-as-required wpcf7-text wpcf7-validates-as-email\" aria-required=\"true\" aria-invalid=\"false\" value=\"\" type=\"email\" name=\"your-email\" \/><\/span> <\/label>\n<\/p>\n<p><label>Rue\/num\u00e9ro (obligatoire)<br \/>\n<span class=\"wpcf7-form-control-wrap\" data-name=\"your-street\"><input size=\"40\" maxlength=\"400\" class=\"wpcf7-form-control wpcf7-text wpcf7-validates-as-required\" aria-required=\"true\" aria-invalid=\"false\" value=\"\" type=\"text\" name=\"your-street\" \/><\/span> <\/label>\n<\/p>\n<p><label>Code postal (obligatoire)<br \/>\n<span class=\"wpcf7-form-control-wrap\" data-name=\"your-postcode\"><input size=\"40\" maxlength=\"400\" class=\"wpcf7-form-control wpcf7-text wpcf7-validates-as-required\" aria-required=\"true\" aria-invalid=\"false\" value=\"\" type=\"text\" name=\"your-postcode\" \/><\/span> <\/label>\n<\/p>\n<p><label>Ville (obligatoire)<br \/>\n<span class=\"wpcf7-form-control-wrap\" data-name=\"your-city\"><input size=\"40\" maxlength=\"400\" class=\"wpcf7-form-control wpcf7-text wpcf7-validates-as-required\" aria-required=\"true\" aria-invalid=\"false\" value=\"\" type=\"text\" name=\"your-city\" \/><\/span> <\/label>\n<\/p>\n<p><span class=\"wpcf7-form-control-wrap\" data-name=\"acceptance-856\"><span class=\"wpcf7-form-control wpcf7-acceptance\"><span class=\"wpcf7-list-item\"><label><input type=\"checkbox\" name=\"acceptance-856\" value=\"1\" aria-invalid=\"false\" \/><span class=\"wpcf7-list-item-label\">Je ne suis pas un robot<\/span><\/label><\/span><\/span><\/span>\n<\/p>\n<p><label><span class=\"wpcf7-form-control-wrap\" data-name=\"mailchimp\"><span class=\"wpcf7-form-control wpcf7-checkbox\"><span class=\"wpcf7-list-item first last\"><input type=\"checkbox\" name=\"mailchimp[]\" value=\"Oui, je veux recevoir le Safe Sex News par email\" \/><span class=\"wpcf7-list-item-label\">Oui, je veux recevoir le Safe Sex News par email<\/span><\/span><\/span><\/span><\/label>\n<\/p>\n<p><span class=\"wpcf7-form-control-wrap\" data-name=\"acceptance-gdpr\"><span class=\"wpcf7-form-control wpcf7-acceptance\"><span class=\"wpcf7-list-item\"><label><input type=\"checkbox\" name=\"acceptance-gdpr\" value=\"1\" aria-invalid=\"false\" \/><span class=\"wpcf7-list-item-label\">J'accepte la <a href=\"https:\/\/www.vivreaveclevih.org\/fr\/conditions-generales-utilisation\/\" target=\"_blank\">politique de confidentialit\u00e9<\/a> de l'asbl Plate-Forme Pr\u00e9vention Sida.*<\/span><\/label><\/span><\/span><\/span>\n<\/p>\n<p><span id=\"wpcf7-69f43910e7f0c-wrapper\" class=\"wpcf7-form-control-wrap custom-website-wrap\" style=\"display:none !important; visibility:hidden !important;\"><label for=\"wpcf7-69f43910e7f0c-field\" class=\"hp-message\">Veuillez laisser ce champ vide.<\/label><input id=\"wpcf7-69f43910e7f0c-field\"  class=\"wpcf7-form-control wpcf7-text\" type=\"text\" name=\"custom-website\" value=\"\" size=\"40\" tabindex=\"-1\" autocomplete=\"new-password\" \/><\/span>\n<\/p>\n<p><input class=\"wpcf7-form-control wpcf7-submit has-spinner\" type=\"submit\" value=\"Envoyer\" \/>\n<\/p><div class=\"wpcf7-response-output\" aria-hidden=\"true\"><\/div>\n<\/form>\n<\/div>\n\n","background_color":false}],"sidebar":false},"_links":{"self":[{"href":"https:\/\/www.vivreaveclevih.org\/fr\/wp-json\/wp\/v2\/pages\/69","targetHints":{"allow":["GET"]}}],"collection":[{"href":"https:\/\/www.vivreaveclevih.org\/fr\/wp-json\/wp\/v2\/pages"}],"about":[{"href":"https:\/\/www.vivreaveclevih.org\/fr\/wp-json\/wp\/v2\/types\/page"}],"author":[{"embeddable":true,"href":"https:\/\/www.vivreaveclevih.org\/fr\/wp-json\/wp\/v2\/users\/1"}],"replies":[{"embeddable":true,"href":"https:\/\/www.vivreaveclevih.org\/fr\/wp-json\/wp\/v2\/comments?post=69"}],"version-history":[{"count":0,"href":"https:\/\/www.vivreaveclevih.org\/fr\/wp-json\/wp\/v2\/pages\/69\/revisions"}],"up":[{"embeddable":true,"href":"https:\/\/www.vivreaveclevih.org\/fr\/wp-json\/wp\/v2\/pages\/30"}],"wp:attachment":[{"href":"https:\/\/www.vivreaveclevih.org\/fr\/wp-json\/wp\/v2\/media?parent=69"}],"curies":[{"name":"wp","href":"https:\/\/api.w.org\/{rel}","templated":true}]}}