{"id":7362,"date":"2020-09-21T16:31:59","date_gmt":"2020-09-21T14:31:59","guid":{"rendered":"https:\/\/www.vivreaveclevih.org\/?page_id=7362"},"modified":"2026-03-24T15:58:56","modified_gmt":"2026-03-24T14:58:56","slug":"proteger-son-enfant-durant-la-grossesse","status":"publish","type":"page","link":"https:\/\/www.vivreaveclevih.org\/fr\/protection\/proteger-son-enfant-durant-la-grossesse\/","title":{"rendered":"Prot\u00e9ger son enfant durant la grossesse"},"content":{"rendered":"","protected":false},"excerpt":{"rendered":"","protected":false},"author":2,"featured_media":0,"parent":25,"menu_order":0,"comment_status":"closed","ping_status":"closed","template":"","meta":{"_acf_changed":false,"footnotes":""},"class_list":["post-7362","page","type-page","status-publish","hentry"],"acf":{"sidebar":211,"contenu_flexible":[{"acf_fc_layout":"textfull","text":"<h1>Aujourd\u2019hui, les traitements permettent d\u2019avoir un\u00b7e enfant en bonne sant\u00e9 gr\u00e2ce \u00e0 la <a href=\"https:\/\/www.vivreaveclevih.org\/fr\/protection\/indetectable-intransmissible-ou-ii\/\">charge virale ind\u00e9tectable<\/a>.<\/h1>\n","background_color":false},{"acf_fc_layout":"video","video_id":"cjB_VLqBRQU"},{"acf_fc_layout":"textfull","text":"<p><strong>Avoir une charge virale ind\u00e9tectable emp\u00eache en effet la <a href=\"https:\/\/www.vivreaveclevih.org\/fr\/vih\/comment-se-transmet-le-vih\/\">transmission<\/a> du VIH \u00e0 votre b\u00e9b\u00e9<\/strong>, d\u2019o\u00f9 la n\u00e9cessit\u00e9 d\u2019avoir une charge virale ind\u00e9tectable avant la conception et de <strong>poursuivre votre <a href=\"https:\/\/www.vivreaveclevih.org\/fr\/traitement\/vih\/les-traitements-contre-le-vih\/\">traitement<\/a> durant la grossesse<\/strong> afin de maintenir cette charge sous le seuil de d\u00e9tectabilit\u00e9. D\u00e8s le d\u00e9sir d\u2019enfant, parlez-en \u00e0 votre m\u00e9decin et \u00e0 votre gyn\u00e9cologue pour b\u00e9n\u00e9ficier d\u2019un accompagnement ad\u00e9quat et d\u2019un \u00e9ventuel changement de traitement si n\u00e9cessaire. Vous pouvez avoir un\u00b7e enfant de mani\u00e8re naturelle (par auto-ins\u00e9mination ou par relation sexuelle non prot\u00e9g\u00e9e : voir ci-dessous couples s\u00e9rodiscordants) ou avec la m\u00e9thode de Procr\u00e9ation M\u00e9dicalement Assist\u00e9e (PMA) qui, en Belgique, est aussi accessible aux personnes vivant avec le VIH.<\/p>\n<p>Il existe plusieurs fa\u00e7ons d\u2019avoir des enfants si vous avez des probl\u00e8mes de fertilit\u00e9 ou de procr\u00e9ation par voie naturelle, ou si vous \u00eates un couple homosexuel. Vous pourrez par exemple recourir \u00e0 l\u2019adoption. En Belgique, la loi sur l\u2019adoption est bien r\u00e9glement\u00e9e. <strong>Renseignez-vous aupr\u00e8s de l&rsquo;<a href=\"https:\/\/www.one.be\/public\/1-3-ans\/adoption\/le-service-one-adoption\/\">ONE<\/a><\/strong> (Office de la Naissance et de l&rsquo;Enfance) pour \u00eatre s\u00fbr\u00b7e que vous remplissez toutes les conditions exig\u00e9es.<\/p>\n<p><img loading=\"lazy\" decoding=\"async\" class=\"aligncenter wp-image-10189\" src=\"https:\/\/www.vivreaveclevih.org\/wp-content\/uploads\/2021\/09\/bulle7-1.png\" alt=\"\" width=\"670\" height=\"293\" srcset=\"https:\/\/www.vivreaveclevih.org\/wp-content\/uploads\/2021\/09\/bulle7-1.png 800w, https:\/\/www.vivreaveclevih.org\/wp-content\/uploads\/2021\/09\/bulle7-1-300x131.png 300w, https:\/\/www.vivreaveclevih.org\/wp-content\/uploads\/2021\/09\/bulle7-1-768x336.png 768w, https:\/\/www.vivreaveclevih.org\/wp-content\/uploads\/2021\/09\/bulle7-1-500x219.png 500w\" sizes=\"auto, (max-width: 670px) 100vw, 670px\" \/><\/p>\n","background_color":false},{"acf_fc_layout":"text2cols","background_color":false,"title":"Parents s\u00e9rodiscordants","col_left":"<ul>\n<li><strong>Homme s\u00e9ropositif et femme s\u00e9ron\u00e9gative <\/strong><\/li>\n<\/ul>\n<p>Vous d\u00e9sirez avoir des enfants par voie naturelle. En tant que futur p\u00e8re, il est n\u00e9cessaire de veiller \u00e0 ce que votre <strong><a href=\"https:\/\/www.vivreaveclevih.org\/fr\/vih\/la-charge-virale-cest-quoi\/\">charge virale<\/a><\/strong> soit ind\u00e9tectable avant de vous lancer dans votre projet de conception, ce afin d\u2019\u00e9viter de transmettre le VIH \u00e0 votre partenaire. <strong>En effet, le b\u00e9b\u00e9 ne peut \u00eatre contamin\u00e9 que si la personne qui le porte <\/strong>(m\u00e8re, m\u00e8re porteuse) <strong>est contamin\u00e9e par le VIH et que sa charge virale est d\u00e9tectable<\/strong>. Si votre charge virale est d\u00e9tectable et que vous avez des difficult\u00e9s \u00e0 prendre votre <a href=\"https:\/\/www.vivreaveclevih.org\/fr\/traitement\/vih\/les-traitements-contre-le-vih\/\"><strong>traitement<\/strong><\/a>, parlez-en \u00e0 votre m\u00e9decin pour qu\u2019il\u00b7elle vous aide. II\u00b7elle pourrait vous conseiller sur des moyens de procr\u00e9ation et de protection comme la <a href=\"https:\/\/www.vivreaveclevih.org\/fr\/?page_id=866\"><strong>PrEP<\/strong><\/a>, ou vous conseiller la procr\u00e9ation m\u00e9dicalement assist\u00e9e, la technique de lavage du sperme ou l\u2019ins\u00e9mination afin d\u2019\u00e9viter tout risque de contamination de la m\u00e8re et du b\u00e9b\u00e9.<\/p>\n<h5><strong>Que se passe-t-il si je deviens s\u00e9ropositive en cours de grossesse ?<\/strong><\/h5>\n<p>En Belgique, le traitement anti-VIH est administr\u00e9 d\u00e8s le diagnostic \u00e0 toutes personnes s\u00e9ropositives y compris les femmes enceintes. La d\u00e9couverte de votre s\u00e9ropositivit\u00e9 pendant la grossesse peut \u00eatre un moment difficile d\u2019o\u00f9 l\u2019importance de prendre contact avec un Centre de r\u00e9f\u00e9rence VIH pour un accompagnement adapt\u00e9 par une \u00e9quipe pluridisciplinaire comp\u00e9tente et exp\u00e9riment\u00e9e. Le\u00b7la m\u00e9decin vous donnera les informations et les conseils n\u00e9cessaires pour vous maintenir en bonne sant\u00e9 vous et votre b\u00e9b\u00e9. Si vous ne prenez pas de traitement, il y a en effet un risque de contamination \u00e0 votre b\u00e9b\u00e9.<\/p>\n<p>Au cas o\u00f9 vous souhaiteriez mettre fin \u00e0 votre grossesse, vous avez la possibilit\u00e9 de pratiquer l\u2019interruption volontaire de grossesse ou IVG dans un d\u00e9lai de 12 semaines \u00e0 compter du moment de la f\u00e9condation. Il suffit de vous rendre dans un centre de planning familial qui pratique les Interruptions Volontaires de Grossesse (IVG) et vous serez prise en charge par une \u00e9quipe pluridisciplinaire. Vous pouvez \u00e9galement en parler \u00e0 votre m\u00e9decin ou \u00e0 la\u00b7au psychologue du Centre de r\u00e9f\u00e9rence VIH pour obtenir un soutien.<\/p>\n","col_right":"<ul>\n<li><strong>Femme s\u00e9ropositive et homme s\u00e9ron\u00e9gatif <\/strong><\/li>\n<\/ul>\n<p>Vous d\u00e9sirez avoir des enfants par voie naturelle. <strong>En tant que future m\u00e8re, il est n\u00e9cessaire que votre <\/strong><strong>charge virale <\/strong><strong>soit ind\u00e9tectable avant la conception et que celle-ci reste sous le seuil de d\u00e9tectabilit\u00e9 pendant la <\/strong><strong>grossesse<\/strong><strong> afin d\u2019\u00e9viter la transmission du VIH \u00e0 votre b\u00e9b\u00e9<\/strong> (mais aussi \u00e0 votre partenaire). Parlez de votre d\u00e9sir d\u2019enfant \u00e0 votre m\u00e9decin sp\u00e9cialiste du VIH et \u00e0 votre gyn\u00e9cologue pour qu\u2019il\u00b7elle vous donne un traitement adapt\u00e9 aux femmes enceintes et qu\u2019il\u00b7elle effectue tous les tests et examens n\u00e9cessaires \u00e0 la bonne sant\u00e9 de votre b\u00e9b\u00e9.<\/p>\n<h5>Relations sexuelles non prot\u00e9g\u00e9es au sein d\u2019un couple s\u00e9rodiscordant.<\/h5>\n<p>Il a \u00e9t\u00e9 d\u00e9montr\u00e9 que <strong>le VIH ne se transmettait pas au sein d\u2019un couple s\u00e9rodiscordant si la personne VIH positive avait une charge virale ind\u00e9tectable depuis au moins 6 mois et prenait son traitement de mani\u00e8re rigoureuse<\/strong>. Il est aussi n\u00e9cessaire que la personne VIH-n\u00e9gative au sein du couple soit \u00e0 l\u2019aise avec le fait de ne pas utiliser de <strong><a href=\"https:\/\/www.vivreaveclevih.org\/fr\/protection\/le-preservatif\/\">pr\u00e9servatif<\/a><\/strong> pour les relations sexuelles. Parlez-en avec votre m\u00e9decin afin qu\u2019il\u00b7elle vous conseille \u00e0 ce sujet notamment lors d\u2019une consultation avec votre partenaire.<\/p>\n<p><img loading=\"lazy\" decoding=\"async\" class=\"aligncenter wp-image-10180\" src=\"https:\/\/www.vivreaveclevih.org\/wp-content\/uploads\/2021\/09\/bulle8.png\" alt=\"\" width=\"601\" height=\"263\" srcset=\"https:\/\/www.vivreaveclevih.org\/wp-content\/uploads\/2021\/09\/bulle8.png 800w, https:\/\/www.vivreaveclevih.org\/wp-content\/uploads\/2021\/09\/bulle8-300x131.png 300w, https:\/\/www.vivreaveclevih.org\/wp-content\/uploads\/2021\/09\/bulle8-768x336.png 768w, https:\/\/www.vivreaveclevih.org\/wp-content\/uploads\/2021\/09\/bulle8-500x219.png 500w\" sizes=\"auto, (max-width: 601px) 100vw, 601px\" \/><\/p>\n"},{"acf_fc_layout":"textfull","text":"<h2>Parents concordants<\/h2>\n<ul>\n<li><strong>Femme s\u00e9ropositive, homme s\u00e9ropositif <\/strong><\/li>\n<\/ul>\n<p>Vous d\u00e9sirez avoir des enfants par voie naturelle. Si vous \u00eates tous les deux porteurs du VIH, assurez-vous que vos deux charges virales soient ind\u00e9tectables et <strong>particuli\u00e8rement celle de la m\u00e8re pour \u00e9viter la transmission du VIH \u00e0 votre enfant<\/strong>. Au cas o\u00f9 la m\u00e8re a une charge virale d\u00e9tectable, parlez-en avec votre m\u00e9decin. Il\u00b7elle vous donnera les conseils \u00e0 suivre pour pr\u00e9server la sant\u00e9 de votre b\u00e9b\u00e9.<\/p>\n","background_color":false},{"acf_fc_layout":"doubleblock","content_block_left":"<h2>Suivi durant la grossesse et l&rsquo;accouchement<\/h2>\n<p>La s\u00e9ropositivit\u00e9 n\u2019augmente pas le risque de fausse couche et d\u2019accouchement pr\u00e9matur\u00e9. Il n\u2019y a pas non plus de r\u00e9percussion, pendant ou apr\u00e8s la grossesse, sur l\u2019\u00e9volution du VIH chez une femme s\u00e9ropositive.<\/p>\n<p>Comme toute autre femme enceinte, vous pourrez, si vous le souhaiter, participer aux s\u00e9ances d\u2019information organis\u00e9es par la maternit\u00e9 de votre h\u00f4pital ou de la consultation pr\u00e9natale. Vous pourrez aussi suivre des s\u00e9ances de pr\u00e9paration \u00e0 l&rsquo;accouchement (kin\u00e9sith\u00e9rapie pr\u00e9natale, haptonomie (m\u00e9thode de pr\u00e9paration \u00e0 l\u2019accouchement et de communication avec le b\u00e9b\u00e9).<\/p>\n","background_color_left":false,"content_block_right":"<p>L\u2019accouchement par voie naturelle est le plus souvent propos\u00e9 lorsque le virus est bien contr\u00f4l\u00e9, c\u2019est-\u00e0-dire que votre charge virale est ind\u00e9tectable. L\u2019accouchement par c\u00e9sarienne peut \u00eatre propos\u00e9 dans certaines situations comme en cas de charge virale d\u00e9tectable.<\/p>\n<p>Dans certains cas \u00e9galement, vous recevrez un traitement antir\u00e9troviral par perfusion intraveineuse d\u00e8s le d\u00e9but du travail. Vous recevrez \u00e9galement des m\u00e9dicaments pour \u00e9viter la mont\u00e9e de lait car l\u2019allaitement est fortement d\u00e9conseill\u00e9 en cas de s\u00e9ropositivit\u00e9 pour le VIH.<\/p>\n","background_color_right":false},{"acf_fc_layout":"imagetext","image":7366,"text":"<h2>Suivi apr\u00e8s l\u2019accouchement<\/h2>\n<p>Comme toute autre maman vous pourrez suivre des s\u00e9ances de r\u00e9\u00e9ducation du p\u00e9rin\u00e9e apr\u00e8s l&rsquo;accouchement, ce qui est vivement recommand\u00e9 pour \u00e9viter la descente d&rsquo;organes et retrouver du tonus musculaire. Vous devrez \u00e9galement continuer \u00e0 prendre votre traitement antir\u00e9troviral.<\/p>\n<p>L\u2019accouchement peut \u00eatre un moment <strong>\u00e9motionnellement intense<\/strong>. Vous pouvez \u00eatre partag\u00e9e entre la joie d\u2019avoir votre b\u00e9b\u00e9 et un baby blues d\u00fb \u00e0 la fatigue et \u00e0 la chute des hormones. Toutes ces \u00e9motions sont normales. N\u2019h\u00e9sitez pas \u00e0 parler \u00e0 un\u00b7e professionnel\u00b7le de la sant\u00e9 de tout ce qui reste sur votre c\u0153ur.<\/p>\n","background_color":false,"link_image":""},{"acf_fc_layout":"textfull","text":"<h2>Et le suivi du b\u00e9b\u00e9 apr\u00e8s la naissance ?<\/h2>\n<p>\u00c0 la naissance, votre enfant sera \u00e9galement <strong>mis\u00b7e sous traitement pr\u00e9ventif pendant 4 semaines<\/strong> via un sirop contenant un antir\u00e9troviral, afin de s\u2019assurer qu\u2019il\u00b7elle ne contracte pas l\u2019infection. Votre enfant continuera \u00e0 b\u00e9n\u00e9ficier d\u2019un suivi jusqu\u2019\u00e0 ses 2 ans, l\u2019occasion de surveiller les effets \u00e9ventuels des traitements auxquels il\u00b7elle a \u00e9t\u00e9 expos\u00e9\u00b7e in ut\u00e9ro. Le suivi sera interrompu \u00e0 ses 18-24 mois si votre enfant ne pr\u00e9sente aucun sympt\u00f4me d\u2019infection.<\/p>\n<ul>\n<li>\n<h6><strong>Puis-je allaiter mon enfant\u00a0?<\/strong><\/h6>\n<\/li>\n<\/ul>\n<h5>En Belgique, il n\u2019est actuellement pas recommand\u00e9 aux mamans vivant avec le VIH d\u2019allaiter leur b\u00e9b\u00e9.<\/h5>\n<p>C\u2019est toutefois possible, \u00e0 condition que la discussion soit entam\u00e9e entre les parents et les professionnel\u00b7les de la sant\u00e9 qui vous accompagnent, au plus t\u00f4t du projet de naissance (infectiologue, gyn\u00e9cologue, sage-femme, p\u00e9diatre). Vous devez en effet \u00eatre tenue au courant de tous les risques pour faire un choix \u00e9clair\u00e9, et cette d\u00e9cision doit \u00eatre inscrite dans votre dossier m\u00e9dical.<\/p>\n<p><a class=\"readmore\" href=\"https:\/\/www.vivreaveclevih.org\/fr\/allaiter-quand-on-a-le-vih\/\">Pour savoir comment allaiter avec le VIH, consultez notre article.<\/a><\/p>\n<p><img loading=\"lazy\" decoding=\"async\" class=\"aligncenter wp-image-7369\" src=\"https:\/\/www.vivreaveclevih.org\/wp-content\/uploads\/2020\/09\/pexels-cleyder-duque-4518006-scaled-e1600698628646.jpg\" alt=\"\" width=\"692\" height=\"538\" srcset=\"https:\/\/www.vivreaveclevih.org\/wp-content\/uploads\/2020\/09\/pexels-cleyder-duque-4518006-scaled-e1600698628646.jpg 1707w, https:\/\/www.vivreaveclevih.org\/wp-content\/uploads\/2020\/09\/pexels-cleyder-duque-4518006-scaled-e1600698628646-300x233.jpg 300w, https:\/\/www.vivreaveclevih.org\/wp-content\/uploads\/2020\/09\/pexels-cleyder-duque-4518006-scaled-e1600698628646-1024x796.jpg 1024w, https:\/\/www.vivreaveclevih.org\/wp-content\/uploads\/2020\/09\/pexels-cleyder-duque-4518006-scaled-e1600698628646-768x597.jpg 768w, https:\/\/www.vivreaveclevih.org\/wp-content\/uploads\/2020\/09\/pexels-cleyder-duque-4518006-scaled-e1600698628646-1536x1194.jpg 1536w, https:\/\/www.vivreaveclevih.org\/wp-content\/uploads\/2020\/09\/pexels-cleyder-duque-4518006-scaled-e1600698628646-500x389.jpg 500w\" sizes=\"auto, (max-width: 692px) 100vw, 692px\" \/><\/p>\n","background_color":false}]},"_links":{"self":[{"href":"https:\/\/www.vivreaveclevih.org\/fr\/wp-json\/wp\/v2\/pages\/7362","targetHints":{"allow":["GET"]}}],"collection":[{"href":"https:\/\/www.vivreaveclevih.org\/fr\/wp-json\/wp\/v2\/pages"}],"about":[{"href":"https:\/\/www.vivreaveclevih.org\/fr\/wp-json\/wp\/v2\/types\/page"}],"author":[{"embeddable":true,"href":"https:\/\/www.vivreaveclevih.org\/fr\/wp-json\/wp\/v2\/users\/2"}],"replies":[{"embeddable":true,"href":"https:\/\/www.vivreaveclevih.org\/fr\/wp-json\/wp\/v2\/comments?post=7362"}],"version-history":[{"count":5,"href":"https:\/\/www.vivreaveclevih.org\/fr\/wp-json\/wp\/v2\/pages\/7362\/revisions"}],"predecessor-version":[{"id":12234,"href":"https:\/\/www.vivreaveclevih.org\/fr\/wp-json\/wp\/v2\/pages\/7362\/revisions\/12234"}],"up":[{"embeddable":true,"href":"https:\/\/www.vivreaveclevih.org\/fr\/wp-json\/wp\/v2\/pages\/25"}],"wp:attachment":[{"href":"https:\/\/www.vivreaveclevih.org\/fr\/wp-json\/wp\/v2\/media?parent=7362"}],"curies":[{"name":"wp","href":"https:\/\/api.w.org\/{rel}","templated":true}]}}