{"id":849,"date":"2019-09-17T16:10:18","date_gmt":"2019-09-17T14:10:18","guid":{"rendered":"https:\/\/www.vivreaveclevih.org\/?page_id=849"},"modified":"2022-07-12T11:32:20","modified_gmt":"2022-07-12T09:32:20","slug":"indetectable-intransmissible-ou-ii","status":"publish","type":"page","link":"https:\/\/www.vivreaveclevih.org\/fr\/protection\/indetectable-intransmissible-ou-ii\/","title":{"rendered":"\u00abInd\u00e9tectable = Intransmissible\u00bb ou \u00ab i=i \u00bb"},"content":{"rendered":"","protected":false},"excerpt":{"rendered":"","protected":false},"author":1,"featured_media":0,"parent":25,"menu_order":0,"comment_status":"closed","ping_status":"closed","template":"","meta":{"_acf_changed":false,"footnotes":""},"class_list":["post-849","page","type-page","status-publish","hentry"],"acf":{"sidebar":211,"contenu_flexible":[{"acf_fc_layout":"imagefull","image":850,"text":""},{"acf_fc_layout":"textfull","text":"<h2>\u201cind\u00e9tectable = intransmissible\u201d, \u00e7a veut dire quoi ?<\/h2>\n<p>Cela veut dire qu\u2019<strong>une personne s\u00e9ropositive qui a une <a href=\"https:\/\/www.vivreaveclevih.org\/fr\/vih\/la-charge-virale-cest-quoi\/\">charge virale<\/a> ind\u00e9tectable gr\u00e2ce \u00e0 son traitement peut avoir des relations sexuelles avec son\u00b7sa partenaire sans pr\u00e9servatif sans aucun risque de transmettre le VIH<\/strong>, quelles que soient les pratiques (rapports vaginaux, anaux, oraux). En tant que personne vivant avec le VIH, vous pouvez donc aussi <strong>avoir des enfants s\u00e9ron\u00e9gatifs de mani\u00e8re naturelle<\/strong> (sans assistance m\u00e9dicale).<\/p>\n<blockquote><p>Ne plus avoir peur de transmettre le VIH lors des rapports sexuels, avoir une vie sexuelle satisfaisante, faire des projets de vie ou de famille : \u00e7a change tout !<\/p>\n<p>Attention, la charge virale ind\u00e9tectable emp\u00eache la\u00a0<a href=\"https:\/\/www.vivreaveclevih.org\/fr\/vih\/comment-se-transmet-le-vih\/\"><strong>transmission du VIH<\/strong><\/a>\u00a0uniquement, elle n\u2019emp\u00eache pas la\u00a0<a href=\"https:\/\/www.vivreaveclevih.org\/fr\/ist\/les-ist-cest-quoi\/\"><strong>transmission d\u2019autres IST<\/strong><\/a>, d\u2019o\u00f9 l\u2019importance du <a href=\"https:\/\/www.vivreaveclevih.org\/fr\/protection\/le-preservatif\/\"><strong>pr\u00e9servatif<\/strong><\/a>.<\/p><\/blockquote>\n","background_color":false},{"acf_fc_layout":"imagetext","image":1929,"text":"<h2>La charge virale, c\u2019est quoi ?<\/h2>\n<p>La charge virale, c\u2019est <strong>le nombre de copies du VIH qui se trouvent dans un millilitre de votre sang<\/strong>.<\/p>\n<p>&nbsp;<\/p>\n<h2>La charge virale ind\u00e9tectable, c\u2019est quoi ?<\/h2>\n<p>On parle de charge virale ind\u00e9tectable lorsque, gr\u00e2ce au\u00a0<a href=\"https:\/\/www.vivreaveclevih.org\/fr\/traitement\/vih\/les-traitements-contre-le-vih\/\">traitement<\/a>\u00a0pris par la personne s\u00e9ropositive,\u00a0<strong>la quantit\u00e9 de VIH est tellement faible<\/strong><strong> qu\u2019elle ne peut plus \u00eatre d\u00e9tect\u00e9e au laboratoire<\/strong>\u00a0gr\u00e2ce aux techniques actuelles <u>(<\/u>20 ou 50 copies de virus par millilitres de sang \u2013 1 copie = 1 virus). Quand la charge virale est ind\u00e9tectable,\u00a0<strong>alors le VIH ne peut plus \u00eatre transmis lors de relations sexuelles, m\u00eame sans pr\u00e9servatif.<\/strong><\/p>\n","background_color":false,"link_image":""},{"acf_fc_layout":"video","video_id":"cXgO2QuJsZc"},{"acf_fc_layout":"video","video_id":"ZQDOzM-I8Ys"},{"acf_fc_layout":"textfull","text":"<h2>Comment savoir si ma charge virale est ind\u00e9tectable ?<\/h2>\n<p>La seule mani\u00e8re de le savoir, c\u2019est de <strong>faire r\u00e9guli\u00e8rement une prise de sang afin de mesurer la quantit\u00e9 de virus. <\/strong>Concr\u00e8tement, il s\u2019agit de mesurer le nombre de copies du virus dans un millilitre de sang. Le virus dans le sang d\u2019une <strong>personne r\u00e9cemment infect\u00e9e et non trait\u00e9e peut atteindre des millions de copies par millilitre de sang <\/strong>(c\u2019est le r\u00e9sultat de la r\u00e9plication (multiplication) du virus), on dit alors que la charge virale est d\u00e9tectable. En revanche, une <strong>charge virale est ind\u00e9tectable<\/strong> lorsqu&rsquo;elle est tellement faible qu&rsquo;elle ne peut plus \u00eatre mesur\u00e9e par les instruments de laboratoire, actuellement de l&rsquo;ordre de 20 ou 50 copies de virus par millilitre de sang.<\/p>\n","background_color":false},{"acf_fc_layout":"imagefull","image":862,"text":""},{"acf_fc_layout":"textfull","text":"<h2>Attention\u00a0!<\/h2>\n<p><strong>Avoir une charge virale ind\u00e9tectable ne veut pas dire que vous \u00eates gu\u00e9ri\u00b7e<\/strong>. Le virus est toujours pr\u00e9sent dans votre corps, vous devrez donc continuer \u00e0 suivre correctement votre traitement. Sans cela, la charge virale peut remonter (\u00eatre d\u00e9tectable) avec un risque de transmission du VIH.<\/p>\n<p>La charge virale d\u2019une personne sous traitement\u00a0<strong>peut aussi redevenir d\u00e9tectable<\/strong>\u00a0:<\/p>\n<ul>\n<li>Si la personne est infect\u00e9e par une autre IST,<\/li>\n<li>Si le traitement n\u2019est plus efficace face au virus.<\/li>\n<\/ul>\n","background_color":false},{"acf_fc_layout":"textfull","text":"<p><strong>Pourquoi est-il important de maintenir votre charge virale ind\u00e9tectable\u00a0? <\/strong><\/p>\n<p>Le maintien de votre charge virale au niveau ind\u00e9tectable est tr\u00e8s important pour votre sant\u00e9, car cela vous permet\u00a0:<\/p>\n<ul>\n<li>de ne pas transmettre le VIH \u00e0 votre partenaire lors des rapports sexuels non prot\u00e9g\u00e9s<\/li>\n<li>d\u2019avoir des enfants non contamin\u00e9s et de mani\u00e8re naturelle<\/li>\n<li>de r\u00e9duire \u00e9norm\u00e9ment le risque de transmission en cas de partage de <a href=\"https:\/\/www.vivreaveclevih.org\/fr\/protection\/se-proteger-lors-de-consommation-de-drogue\/\"><strong>mat\u00e9riel d\u2019injection de drogue<\/strong><\/a><\/li>\n<li>de rester en bonne sant\u00e9 car il y a moins de virus dans votre corps<\/li>\n<\/ul>\n","background_color":true}]},"_links":{"self":[{"href":"https:\/\/www.vivreaveclevih.org\/fr\/wp-json\/wp\/v2\/pages\/849","targetHints":{"allow":["GET"]}}],"collection":[{"href":"https:\/\/www.vivreaveclevih.org\/fr\/wp-json\/wp\/v2\/pages"}],"about":[{"href":"https:\/\/www.vivreaveclevih.org\/fr\/wp-json\/wp\/v2\/types\/page"}],"author":[{"embeddable":true,"href":"https:\/\/www.vivreaveclevih.org\/fr\/wp-json\/wp\/v2\/users\/1"}],"replies":[{"embeddable":true,"href":"https:\/\/www.vivreaveclevih.org\/fr\/wp-json\/wp\/v2\/comments?post=849"}],"version-history":[{"count":2,"href":"https:\/\/www.vivreaveclevih.org\/fr\/wp-json\/wp\/v2\/pages\/849\/revisions"}],"predecessor-version":[{"id":10777,"href":"https:\/\/www.vivreaveclevih.org\/fr\/wp-json\/wp\/v2\/pages\/849\/revisions\/10777"}],"up":[{"embeddable":true,"href":"https:\/\/www.vivreaveclevih.org\/fr\/wp-json\/wp\/v2\/pages\/25"}],"wp:attachment":[{"href":"https:\/\/www.vivreaveclevih.org\/fr\/wp-json\/wp\/v2\/media?parent=849"}],"curies":[{"name":"wp","href":"https:\/\/api.w.org\/{rel}","templated":true}]}}