{"id":866,"date":"2019-09-17T16:36:50","date_gmt":"2019-09-17T14:36:50","guid":{"rendered":"https:\/\/www.vivreaveclevih.org\/?page_id=866"},"modified":"2024-04-25T14:50:38","modified_gmt":"2024-04-25T12:50:38","slug":"la-prep","status":"publish","type":"page","link":"https:\/\/www.vivreaveclevih.org\/fr\/protection\/la-prep\/","title":{"rendered":"La PrEP : le traitement pr\u00e9ventif pour votre\u00b7vos partenaire\u00b7s"},"content":{"rendered":"","protected":false},"excerpt":{"rendered":"","protected":false},"author":1,"featured_media":0,"parent":25,"menu_order":0,"comment_status":"closed","ping_status":"closed","template":"","meta":{"_acf_changed":false,"footnotes":""},"class_list":["post-866","page","type-page","status-publish","hentry"],"acf":{"sidebar":211,"contenu_flexible":[{"acf_fc_layout":"textfull","text":"<h2>La PrEP, c&rsquo;est quoi ?<\/h2>\n<p>La PrEP est un traitement qui emp\u00eache le virus du VIH de se d\u00e9velopper et de se fixer aux cellules du syst\u00e8me immunitaire d\u00e8s son entr\u00e9e dans le corps. Puisque le virus ne peut pas survivre, la personne reste s\u00e9ron\u00e9gative.<\/p>\n<p align=\"center\"><iframe loading=\"lazy\" title=\"YouTube video player\" src=\"https:\/\/www.youtube.com\/embed\/ruN8oUc2W_A\" width=\"560\" height=\"315\" frameborder=\"0\" allowfullscreen=\"allowfullscreen\"><\/iframe><\/p>\n<p>&nbsp;<\/p>\n<h2>La PrEP, c\u2019est pour qui\u00a0?<\/h2>\n<p>La PrEP est prescrites uniquement aux personnes s\u00e9ron\u00e9gatives de plus de 18 ans qui prennent r\u00e9guli\u00e8rement des risques par rapport au <a href=\"https:\/\/www.vivreaveclevih.org\/fr\/vih\/le-vih-cest-quoi\/\"><strong>VIH<\/strong><\/a>.<\/p>\n","background_color":false},{"acf_fc_layout":"imagefull","image":3883,"text":""},{"acf_fc_layout":"doubleblock","content_block_left":"<h3>Plus particuli\u00e8rement\u00a0:<\/h3>\n<ul>\n<li>Les partenaires des personnes vivant avec le VIH qui n\u2019ont pas atteint une <strong><a href=\"https:\/\/www.vivreaveclevih.org\/fr\/vih\/la-charge-virale-cest-quoi\/\">charge virale ind\u00e9tectable<\/a><\/strong><\/li>\n<\/ul>\n<h3>Mais aussi :<\/h3>\n<ul>\n<li>Les hommes qui ont des rapports sexuels avec des hommes<\/li>\n<li>Les travailleuses ou travailleurs du sexe et leurs partenaires<\/li>\n<li>Les personnes qui viennent de pays dans lesquels il y a beaucoup de personnes infect\u00e9es par le VIH et leurs partenaires<\/li>\n<li>Les personnes qui consomment des <a href=\"https:\/\/www.vivreaveclevih.org\/fr\/protection\/se-proteger-lors-de-consommation-de-drogue\/\"><strong>drogues par injection<\/strong><\/a> (avec \u00e9change de seringue)<\/li>\n<\/ul>\n","background_color_left":true,"content_block_right":"<h3>Et qui ont\u00a0:<\/h3>\n<ul>\n<li>Soit eu des relations sexuelles sans <strong><a href=\"https:\/\/www.vivreaveclevih.org\/fr\/protection\/le-preservatif\/\">pr\u00e9servatifs<\/a><\/strong><\/li>\n<li>Soit eu plusieurs partenaires diff\u00e9rents<\/li>\n<li>Soit eu plusieurs fois des <strong><a href=\"https:\/\/www.vivreaveclevih.org\/fr\/ist\/les-ist-cest-quoi\/\">IST<\/a><\/strong><\/li>\n<li>Soit eu recours au <a href=\"https:\/\/www.vivreaveclevih.org\/fr\/traitement\/vih\/tpe-traitement-post-exposition\/\"><strong>TPE<\/strong><\/a> (traitement d\u2019urgence)<\/li>\n<li>Soit consomm\u00e9 des substances lors de rapports sexuels<\/li>\n<\/ul>\n","background_color_right":false},{"acf_fc_layout":"text2cols","background_color":false,"title":"La PrEP, comment \u00e7a se prend ?","col_left":"<p>Il existe plusieurs fa\u00e7ons de prendre la PrEP.<\/p>\n<ul>\n<li><strong>La PrEP en continu :<\/strong> il s\u2019agit de prendre 1 comprim\u00e9 tous les jours \u00e0 la m\u00eame heure pendant une certaine p\u00e9riode. <img loading=\"lazy\" decoding=\"async\" class=\"aligncenter wp-image-8651 size-large\" src=\"https:\/\/www.vivreaveclevih.org\/wp-content\/uploads\/2021\/04\/PrEP-en-continu_V3-1024x421.png\" alt=\"\" width=\"640\" height=\"263\" srcset=\"https:\/\/www.vivreaveclevih.org\/wp-content\/uploads\/2021\/04\/PrEP-en-continu_V3-1024x421.png 1024w, https:\/\/www.vivreaveclevih.org\/wp-content\/uploads\/2021\/04\/PrEP-en-continu_V3-300x123.png 300w, https:\/\/www.vivreaveclevih.org\/wp-content\/uploads\/2021\/04\/PrEP-en-continu_V3-768x316.png 768w, https:\/\/www.vivreaveclevih.org\/wp-content\/uploads\/2021\/04\/PrEP-en-continu_V3-1536x632.png 1536w, https:\/\/www.vivreaveclevih.org\/wp-content\/uploads\/2021\/04\/PrEP-en-continu_V3-2048x843.png 2048w, https:\/\/www.vivreaveclevih.org\/wp-content\/uploads\/2021\/04\/PrEP-en-continu_V3-500x206.png 500w\" sizes=\"auto, (max-width: 640px) 100vw, 640px\" \/><\/li>\n<li><strong>La PrEP \u00e0 la demande (uniquement pour les hommes) :<\/strong> il s\u2019agit de prendre deux comprim\u00e9s minimum 2h et maximum 24h avant le rapport sexuel et puis de reprendre un comprim\u00e9 le lendemain \u00e0 la m\u00eame heure et un deuxi\u00e8me 24h apr\u00e8s. <img loading=\"lazy\" decoding=\"async\" class=\"aligncenter wp-image-8653 size-medium\" src=\"https:\/\/www.vivreaveclevih.org\/wp-content\/uploads\/2021\/04\/PrEP-a-la-demande_v2-300x217.png\" alt=\"\" width=\"300\" height=\"217\" srcset=\"https:\/\/www.vivreaveclevih.org\/wp-content\/uploads\/2021\/04\/PrEP-a-la-demande_v2-300x217.png 300w, https:\/\/www.vivreaveclevih.org\/wp-content\/uploads\/2021\/04\/PrEP-a-la-demande_v2-1024x739.png 1024w, https:\/\/www.vivreaveclevih.org\/wp-content\/uploads\/2021\/04\/PrEP-a-la-demande_v2-768x554.png 768w, https:\/\/www.vivreaveclevih.org\/wp-content\/uploads\/2021\/04\/PrEP-a-la-demande_v2-500x361.png 500w, https:\/\/www.vivreaveclevih.org\/wp-content\/uploads\/2021\/04\/PrEP-a-la-demande_v2.png 1338w\" sizes=\"auto, (max-width: 300px) 100vw, 300px\" \/><\/li>\n<\/ul>\n","col_right":"<p>Lors de l\u2019utilisation de la PrEP, <strong>un suivi m\u00e9dical est important<\/strong> pour v\u00e9rifier\u00a0:<\/p>\n<ul>\n<li>qu\u2019il n\u2019y a pas de contamination au VIH<\/li>\n<li>la pr\u00e9sence d\u2019IST pour les traiter<\/li>\n<li>le fonctionnement des reins<\/li>\n<li>et que l\u2019utilisateur\u00b7trice n\u2019a pas de question et respecte bien les sch\u00e9mas de prise des comprim\u00e9s<\/li>\n<\/ul>\n<p><a class=\"readmore\" href=\"http:\/\/myprep.be\/?page_id=50\">Plus de d\u00e9tails MyPrEP.be<\/a><\/p>\n"},{"acf_fc_layout":"textfull","text":"<h2>La PrEP, quel suivi ?<\/h2>\n<p><img loading=\"lazy\" decoding=\"async\" class=\"wp-image-8655 size-full aligncenter\" src=\"https:\/\/www.vivreaveclevih.org\/wp-content\/uploads\/2021\/04\/lignedutemps.png\" alt=\"\" width=\"4382\" height=\"805\" srcset=\"https:\/\/www.vivreaveclevih.org\/wp-content\/uploads\/2021\/04\/lignedutemps.png 4382w, https:\/\/www.vivreaveclevih.org\/wp-content\/uploads\/2021\/04\/lignedutemps-300x55.png 300w, https:\/\/www.vivreaveclevih.org\/wp-content\/uploads\/2021\/04\/lignedutemps-1024x188.png 1024w, https:\/\/www.vivreaveclevih.org\/wp-content\/uploads\/2021\/04\/lignedutemps-768x141.png 768w, https:\/\/www.vivreaveclevih.org\/wp-content\/uploads\/2021\/04\/lignedutemps-1536x282.png 1536w, https:\/\/www.vivreaveclevih.org\/wp-content\/uploads\/2021\/04\/lignedutemps-2048x376.png 2048w, https:\/\/www.vivreaveclevih.org\/wp-content\/uploads\/2021\/04\/lignedutemps-500x92.png 500w\" sizes=\"auto, (max-width: 4382px) 100vw, 4382px\" \/><\/p>\n","background_color":false},{"acf_fc_layout":"textfull","text":"<h2>La PrEP, combien \u00e7a co\u00fbte\u00a0?<\/h2>\n<p>La PrEP peut uniquement \u00eatre <strong>prescrite<\/strong> par un\u00b7e m\u00e9decin attach\u00e9\u00b7e \u00e0 un <a href=\"https:\/\/www.vivreaveclevih.org\/fr\/liens-utiles\/ou-se-soigner\/\"><strong>Centre de r\u00e9f\u00e9rence VIH<\/strong><\/a> apr\u00e8s une consultation m\u00e9dicale. Si la personne rempli les crit\u00e8res de remboursement (voir La PrEP, c\u2019est pour qui\u00a0?), la PrEP est <strong>rembours\u00e9e<\/strong>.<\/p>\n","background_color":false},{"acf_fc_layout":"textfull","text":"<p><strong>La PrEP est un moyen suppl\u00e9mentaire de prot\u00e9ger votre\u00b7vos partenaire\u00b7s d&rsquo;une infection au VIH si vous n&rsquo;avez pas de charge virale ind\u00e9tectable et si vous ne pouvez pas utiliser de pr\u00e9servatif.<\/strong><\/p>\n<p><strong>Si votre\u00b7vos partneaire\u00b7s semble\u00b7nt \u00eatre int\u00e9ress\u00e9\u00b7es par la PrEP, renseignez-vous aupr\u00e8s de notre association ou d\u2019un Centre de r\u00e9f\u00e9rence VIH pour avoir plus d\u2019informations, ou consultez le site <a href=\"http:\/\/myprep.be\/\" target=\"_blank\" rel=\"noopener\">http:\/\/myprep.be\/<\/a><\/strong><\/p>\n<p><strong>D\u00e9couvrez \u00e9galement le <a href=\"https:\/\/www.vivreaveclevih.org\/fr\/ressources\/la-prep-une-nouvelle-methode-de-prevention-du-vih-une-campagne-participative-a-lattention-du-public-afro-latino-caribeen\/\">Projet PrEP de la Plateforme Pr\u00e9vention Sida \u00e0 destination des personnes afro-latino-carib\u00e9ennes<\/a>.<\/strong><\/p>\n","background_color":true}]},"_links":{"self":[{"href":"https:\/\/www.vivreaveclevih.org\/fr\/wp-json\/wp\/v2\/pages\/866","targetHints":{"allow":["GET"]}}],"collection":[{"href":"https:\/\/www.vivreaveclevih.org\/fr\/wp-json\/wp\/v2\/pages"}],"about":[{"href":"https:\/\/www.vivreaveclevih.org\/fr\/wp-json\/wp\/v2\/types\/page"}],"author":[{"embeddable":true,"href":"https:\/\/www.vivreaveclevih.org\/fr\/wp-json\/wp\/v2\/users\/1"}],"replies":[{"embeddable":true,"href":"https:\/\/www.vivreaveclevih.org\/fr\/wp-json\/wp\/v2\/comments?post=866"}],"version-history":[{"count":2,"href":"https:\/\/www.vivreaveclevih.org\/fr\/wp-json\/wp\/v2\/pages\/866\/revisions"}],"predecessor-version":[{"id":11616,"href":"https:\/\/www.vivreaveclevih.org\/fr\/wp-json\/wp\/v2\/pages\/866\/revisions\/11616"}],"up":[{"embeddable":true,"href":"https:\/\/www.vivreaveclevih.org\/fr\/wp-json\/wp\/v2\/pages\/25"}],"wp:attachment":[{"href":"https:\/\/www.vivreaveclevih.org\/fr\/wp-json\/wp\/v2\/media?parent=866"}],"curies":[{"name":"wp","href":"https:\/\/api.w.org\/{rel}","templated":true}]}}