{"id":871,"date":"2019-09-17T16:39:17","date_gmt":"2019-09-17T14:39:17","guid":{"rendered":"https:\/\/www.vivreaveclevih.org\/?page_id=871"},"modified":"2026-03-09T10:07:26","modified_gmt":"2026-03-09T09:07:26","slug":"se-faire-vacciner","status":"publish","type":"page","link":"https:\/\/www.vivreaveclevih.org\/fr\/protection\/se-faire-vacciner\/","title":{"rendered":"Se faire vacciner"},"content":{"rendered":"<h5>Le <a href=\"https:\/\/www.vivreaveclevih.org\/fr\/vih\/le-vih-cest-quoi\/\">VIH<\/a> fragilise le syst\u00e8me immunitaire et l\u2019emp\u00eache de nous d\u00e9fendre contre les virus et les bact\u00e9ries qui nous entourent en permanence. Il est par cons\u00e9quent n\u00e9cessaire que les personnes vivant avec le VIH prennent certaines pr\u00e9cautions afin de pr\u00e9venir la maladie et les infections, leur syst\u00e8me immunitaire \u00e9tant fragilis\u00e9 par le VIH. La vaccination en fait partie.<\/h5>\n<p>Certaines <strong><a href=\"https:\/\/www.vivreaveclevih.org\/fr\/ist\/les-ist-cest-quoi\/\">infections sexuellement transmissibles<\/a><\/strong> peuvent \u00eatre \u00e9vit\u00e9es gr\u00e2ce \u00e0 des vaccins. On peut ainsi se prot\u00e9ger efficacement contre les <strong><a href=\"https:\/\/www.vivreaveclevih.org\/fr\/ist\/les-hepatites-b-et-c\/\">h\u00e9patites A et B<\/a><\/strong>. Les principaux <a href=\"https:\/\/www.vivreaveclevih.org\/fr\/ist\/lhpv\/\"><strong>papillomavirus (HPV)<\/strong><\/a> peuvent \u00e9galement \u00eatre combattus gr\u00e2ce \u00e0 des vaccins.<\/p>\n","protected":false},"excerpt":{"rendered":"<p>Le VIH fragilise le syst\u00e8me immunitaire et l\u2019emp\u00eache de nous d\u00e9fendre contre les virus et les bact\u00e9ries qui nous entourent en permanence. Il est par cons\u00e9quent n\u00e9cessaire que les personnes vivant avec le VIH prennent certaines pr\u00e9cautions afin de pr\u00e9venir la maladie et les infections, leur syst\u00e8me immunitaire \u00e9tant fragilis\u00e9 par le VIH. La vaccination en fait partie. Certaines infections sexuellement transmissibles peuvent \u00eatre \u00e9vit\u00e9es gr\u00e2ce \u00e0 des vaccins. On peut ainsi se prot\u00e9ger efficacement contre les h\u00e9patites A et B. Les principaux papillomavirus (HPV) peuvent \u00e9galement \u00eatre combattus gr\u00e2ce \u00e0 des vaccins.<\/p>\n","protected":false},"author":1,"featured_media":0,"parent":25,"menu_order":0,"comment_status":"closed","ping_status":"closed","template":"","meta":{"_acf_changed":false,"footnotes":""},"class_list":["post-871","page","type-page","status-publish","hentry"],"acf":{"sidebar":211,"contenu_flexible":[{"acf_fc_layout":"doubleblock","content_block_left":"<ul>\n<li><strong>Pour le vaccin contre les h\u00e9patites A et B :<\/strong>\u00a0il s\u2019agit de 3 ou 4 injections qui peuvent se faire chez son\u00b7sa m\u00e9decin g\u00e9n\u00e9raliste. Il est gratuit pour les enfants et les adolescents.<\/li>\n<li><strong>Pour le vaccin contre le HPV :<\/strong> retrouver toutes les informations d\u00e9taill\u00e9es <a href=\"https:\/\/preventionsida.org\/fr\/ressources\/campagne-le-hpv\/\"><strong>ici<\/strong><\/a>.<\/li>\n<\/ul>\n<p>Il est \u00e9galement recommand\u00e9 aux personnes vivant avec le VIH de se faire vacciner contre d\u2019autres maladies telles que\u00a0:<\/p>\n<p><strong>Les infections \u00e0 pneumocoque\u00a0: <\/strong>Chez une personne sensible, le pneumocoque peut se d\u00e9placer dans l\u2019organisme et provoquer diverses infections, telles que :<\/p>\n<ul>\n<li>Des\u00a0sinusites\u00a0: en se d\u00e9pla\u00e7ant vers les sinus.<\/li>\n<li>Des otites : en se d\u00e9pla\u00e7ant vers l\u2019oreille.<\/li>\n<li>Des pneumonies : en descendant dans les\u00a0voies respiratoires\u00a0inf\u00e9rieures.<\/li>\n<li>Des septic\u00e9mies : en passant dans la circulation sanguine.<\/li>\n<li>Des m\u00e9ningites : en infectant les\u00a0membranes\u00a0du cerveau. Les cons\u00e9quences possibles d\u2019une m\u00e9ningite \u00e0 pneumocoque sont fr\u00e9quentes et graves.<\/li>\n<\/ul>\n<p><a class=\"readmore\" href=\"https:\/\/www.vaccination-info.be\/maladie\/meningites-pneumonies-et-septicemies-a-pneumocoque\/\">Plus d\u2019infos\u00a0: vaccination-info.be<\/a><\/p>\n","background_color_left":false,"content_block_right":"<p><strong>La grippe<\/strong> : la grippe est essentiellement caus\u00e9e par deux types de virus : l\u2019Influenza A et l\u2019Influenza B. Ces virus sont constamment en mutation ; chaque ann\u00e9e, des souches diff\u00e9rentes apparaissent. C\u2019est pourquoi le vaccin doit \u00eatre effectu\u00e9 chaque ann\u00e9e.<\/p>\n<p><a class=\"readmore\" href=\"https:\/\/www.vaccination-info.be\/maladie\/grippe\/\">Plus d\u2019infos : vaccination-info.be<\/a><\/p>\n<p><strong>Le t\u00e9tanos, la dipht\u00e9rie et la coqueluche<\/strong>\u00a0: ces trois infections sont pr\u00e9sentes dans le m\u00eame vaccin, le rappel doit se faire tous les dix ans.<\/p>\n<p><strong>La rougeole, la rub\u00e9ole et les oreillons<\/strong>\u00a0: la vaccination se fait durant l\u2019enfance. Si vous n\u2019avez pas \u00e9t\u00e9 vaccin\u00e9\u00b7e \u00e0 ce moment-l\u00e0, adressez-vous \u00e0 votre m\u00e9decin afin de recevoir les deux doses recommand\u00e9es.<\/p>\n<p><img loading=\"lazy\" decoding=\"async\" class=\"aligncenter size-full wp-image-1943\" src=\"https:\/\/www.vivreaveclevih.org\/wp-content\/uploads\/2019\/09\/Seringue.jpg\" alt=\"Seringue\" width=\"40\" height=\"252\" \/><\/p>\n","background_color_right":false},{"acf_fc_layout":"textfull","text":"<p><strong>Cependant, il n\u2019existe toujours pas de vaccin contre le VIH et on n\u2019en gu\u00e9rit toujours pas.<\/strong><\/p>\n<p>Les chercheur\u00b7euses travaillent beaucoup, non seulement pour trouver un vaccin contre le VIH, mais aussi pour la cr\u00e9ation de m\u00e9dicaments pour en gu\u00e9rir. N\u00e9anmoins, les personnes vivant avec le VIH b\u00e9n\u00e9ficient d\u00e9j\u00e0 des progr\u00e8s de la recherche m\u00e9dicale et scientifique. En effet, des \u00e9tudes et des essais ont permis de fabriquer des m\u00e9dicaments plus faciles \u00e0 prendre, mieux tol\u00e9r\u00e9s et ainsi am\u00e9liorer la sant\u00e9 et la qualit\u00e9 de vie des patient\u00b7es. Actuellement, les recherches continuent et progressent vers un monde sans VIH.<\/p>\n","background_color":true},{"acf_fc_layout":"textfull","text":"<h2>Que dois-je savoir sur la vaccination\u00a0?<\/h2>\n<p>Les personnes vivant avec le VIH r\u00e9pondent diff\u00e9remment \u00e0 la vaccination selon l\u2019\u00e9tat de leur syst\u00e8me immunitaire.<\/p>\n<p>Si votre syst\u00e8me immunitaire est tr\u00e8s affaibli (si votre taux de CD4 est tr\u00e8s bas), il est possible que votre organisme ne soit pas capable de produire suffisamment d\u2019anticorps apr\u00e8s la vaccination, ou alors, les anticorps peuvent ne pas parvenir \u00e0 survivre tr\u00e8s longtemps. Certains vaccins (comme celui de la fi\u00e8vre jaune) sont contre-indiqu\u00e9s si les CD4 sont inf\u00e9rieurs \u00e0 200. Il est donc tr\u00e8s important de vous d\u00e9pister pour savoir si vous \u00eates infect\u00e9\u00b7e par le VIH et ainsi prendre rapidement un <strong><a href=\"https:\/\/www.vivreaveclevih.org\/fr\/traitement\/vih\/les-traitements-contre-le-vih\/\">traitement antir\u00e9troviral<\/a><\/strong> afin de sauvegarder votre syst\u00e8me immunitaire, recevoir vos vaccins, et ainsi pr\u00e9server votre sant\u00e9.<\/p>\n<p>Risquer de contracter la maladie pour laquelle vous n\u2019avez pas \u00e9t\u00e9 vaccin\u00e9\u00b7e est plus grave que les \u00e9ventuels effets secondaires des vaccins. Parlez des risques et avantages de chaque vaccination avec votre m\u00e9decin sp\u00e9cialiste du VIH.<\/p>\n","background_color":false},{"acf_fc_layout":"textfull","text":"","background_color":false}]},"_links":{"self":[{"href":"https:\/\/www.vivreaveclevih.org\/fr\/wp-json\/wp\/v2\/pages\/871","targetHints":{"allow":["GET"]}}],"collection":[{"href":"https:\/\/www.vivreaveclevih.org\/fr\/wp-json\/wp\/v2\/pages"}],"about":[{"href":"https:\/\/www.vivreaveclevih.org\/fr\/wp-json\/wp\/v2\/types\/page"}],"author":[{"embeddable":true,"href":"https:\/\/www.vivreaveclevih.org\/fr\/wp-json\/wp\/v2\/users\/1"}],"replies":[{"embeddable":true,"href":"https:\/\/www.vivreaveclevih.org\/fr\/wp-json\/wp\/v2\/comments?post=871"}],"version-history":[{"count":7,"href":"https:\/\/www.vivreaveclevih.org\/fr\/wp-json\/wp\/v2\/pages\/871\/revisions"}],"predecessor-version":[{"id":12205,"href":"https:\/\/www.vivreaveclevih.org\/fr\/wp-json\/wp\/v2\/pages\/871\/revisions\/12205"}],"up":[{"embeddable":true,"href":"https:\/\/www.vivreaveclevih.org\/fr\/wp-json\/wp\/v2\/pages\/25"}],"wp:attachment":[{"href":"https:\/\/www.vivreaveclevih.org\/fr\/wp-json\/wp\/v2\/media?parent=871"}],"curies":[{"name":"wp","href":"https:\/\/api.w.org\/{rel}","templated":true}]}}