{"id":930,"date":"2019-09-18T09:51:00","date_gmt":"2019-09-18T07:51:00","guid":{"rendered":"https:\/\/www.vivreaveclevih.org\/?page_id=930"},"modified":"2021-10-06T15:56:36","modified_gmt":"2021-10-06T13:56:36","slug":"le-depistage-des-ist","status":"publish","type":"page","link":"https:\/\/www.vivreaveclevih.org\/fr\/depistage\/le-depistage-des-ist\/","title":{"rendered":"Le d\u00e9pistage des IST"},"content":{"rendered":"","protected":false},"excerpt":{"rendered":"","protected":false},"author":1,"featured_media":0,"parent":30,"menu_order":0,"comment_status":"closed","ping_status":"closed","template":"","meta":{"_acf_changed":false,"footnotes":""},"class_list":["post-930","page","type-page","status-publish","hentry"],"acf":{"sidebar":211,"contenu_flexible":[{"acf_fc_layout":"textfull","text":"<div class=\"fake-a\">\n<div class=\"tools-content\">\n<div class=\"roundPicto\">\n<div class=\"hp-picto\">\n<div id=\"picto-location\" class=\"pictoMoving\" data-anim=\"location\"><\/div>\n<\/div>\n<\/div>\n<p>Afin d&rsquo;\u00e9viter des complications pour votre sant\u00e9 et de ne pas transmettre d&rsquo;<strong><a href=\"https:\/\/www.vivreaveclevih.org\/fr\/ist\/les-ist-cest-quoi\/\">IST<\/a><\/strong> \u00e0 votre\u00b7vos partenaires, il est important de vous faire d\u00e9pister !<\/p>\n<h2>O\u00f9 puis-je faire un d\u00e9pistage\u00a0?<\/h2>\n<p>\u00e0 Bruxelles et en Wallonie<\/p>\n<p>&nbsp;<\/p>\n<form id=\"search-depistage\" class=\"AVAST_PAM_nonloginform\" accept-charset=\"UTF-8\" action=\"https:\/\/preventionsida.org\/fr\/depistage\/centres-de-depistage\/\" method=\"post\">\n<div class=\"input-wrapper\"><input class=\"form-control\" name=\"q\" type=\"text\" value=\"\" placeholder=\"Lieu, code postal\" \/><input id=\"edit-field-submit\" class=\"submit\" name=\"op\" type=\"submit\" value=\"Chercher\" \/><\/div>\n<\/form>\n<\/div>\n<\/div>\n","background_color":false},{"acf_fc_layout":"textfull","text":"<h2>Quand faire un d\u00e9pistage ?<\/h2>\n<ul>\n<li>Apr\u00e8s une <strong>prise de risque<\/strong> pour savoir si vous avez \u00e9t\u00e9 infect\u00e9\u00b7e. Pour bien \u00e9valuer une prise de risque, il est important de bien conna\u00eetre <strong>les modes de transmission des IST. <\/strong>\u00c0 titre indicatif, vous pouvez consulter le tableau ci-dessous.<\/li>\n<li>Lorsque vous \u00eates en couple stable et\u00a0<strong>que vous souhaitez arr\u00eater le <a href=\"https:\/\/www.vivreaveclevih.org\/fr\/protection\/le-preservatif\/\">pr\u00e9servatif<\/a>.\u00a0<\/strong><\/li>\n<li>Lorsqu\u2019une grossesse est envisag\u00e9e.<br \/>\nToutefois, en cas de grossesse, le d\u00e9pistage de certaines IST pourra \u00eatre demand\u00e9 par votre m\u00e9decin au cours de votre suivi (<a href=\"https:\/\/www.vivreaveclevih.org\/fr\/ist\/les-hepatites-b-et-c\/\"><strong>H\u00e9patite B et C<\/strong><\/a>, <strong><a href=\"https:\/\/www.vivreaveclevih.org\/fr\/ist\/la-syphilis\/\">Syphilis<\/a><\/strong>, <a href=\"https:\/\/www.vivreaveclevih.org\/fr\/ist\/la-chlamydia\/\"><strong>Chlamydia<\/strong><\/a> et mesure de votre <a href=\"https:\/\/www.vivreaveclevih.org\/fr\/vih\/la-charge-virale-cest-quoi\/\"><strong>charge virale<\/strong><\/a> pour le VIH).<\/li>\n<\/ul>\n","background_color":false},{"acf_fc_layout":"imagefull","image":932,"text":""},{"acf_fc_layout":"text2cols","background_color":false,"title":"Comment faire un d\u00e9pistage\u00a0?","col_left":"<p>Le d\u00e9pistage des IST peut se faire de 4 mani\u00e8res :<\/p>\n<ul>\n<li>Une <strong>prise de sang<\/strong><\/li>\n<li>Un <strong>frottis vaginal<\/strong> chez la femme (pr\u00e9l\u00e8vement m\u00e9dical sans douleur d\u2019un liquide ou de cellules de l\u2019organisme en vue d\u2019un examen microscopique) ou un <strong>pr\u00e9l\u00e8vement ur\u00e9tral<\/strong> chez l&rsquo;homme (pr\u00e9l\u00e8vement au niveau du canal servant \u00e0 l\u2019\u00e9coulement de l\u2019urine et du sperme)<\/li>\n<li>Un <strong>pr\u00e9l\u00e8vement urinaire<\/strong><\/li>\n<li>Parfois les <strong>sympt\u00f4mes apparents<\/strong> suffiront \u00e0 diagnostiquer l&rsquo;infection.<\/li>\n<\/ul>\n","col_right":"<p>En cas de prise de risque, il est n\u00e9cessaire de se faire d\u00e9pister car la plupart des IST sont <strong>asymptomatiques, cela veut dire qu\u2019il n\u2019y a souvent pas de signe visible de l\u2019infection<\/strong>. Un <strong>d\u00e9pistage pr\u00e9coce<\/strong> permet une prise en charge m\u00e9dicale rapide qui permettra une <strong>gu\u00e9rison<\/strong> pour la majorit\u00e9 des IST. Cela vous permet d\u2019adapter votre comportement, pour \u00e9viter de contaminer votre\u00b7vos partenaire\u00b7s. <strong>En fonction de l\u2019IST, il est parfois recommand\u00e9 de traiter syst\u00e9matiquement votre\u00b7vos partenaires.<\/strong><\/p>\n"},{"acf_fc_layout":"textfull","text":"<p><strong>Tableau r\u00e9capitulatif du d\u00e9pistage des IST :<\/strong><\/p>\n<table>\n<thead>\n<tr>\n<th><\/th>\n<th>Prise de sang<\/th>\n<th>Possibilit\u00e9 de Test Rapide (TROD)<\/th>\n<th>Pr\u00e9l\u00e8vement ur\u00e9tral\/frottis<\/th>\n<th>Pr\u00e9l\u00e8vement urinaire<\/th>\n<th>Pr\u00e9sence de sympt\u00f4mes<\/th>\n<\/tr>\n<\/thead>\n<tbody>\n<tr>\n<td><a href=\"https:\/\/www.vivreaveclevih.org\/fr\/vih\/le-vih-cest-quoi\/\"><strong>VIH<\/strong><\/a><\/td>\n<td style=\"text-align: center;\"><strong>X<\/strong><\/td>\n<td style=\"text-align: center;\"><strong>X<\/strong><\/td>\n<td><\/td>\n<td><\/td>\n<td><\/td>\n<\/tr>\n<tr>\n<td><a href=\"https:\/\/www.vivreaveclevih.org\/fr\/ist\/les-hepatites-b-et-c\/\"><strong>H\u00e9patite B<\/strong><\/a><\/td>\n<td style=\"text-align: center;\"><strong>X<\/strong><\/td>\n<td><\/td>\n<td><\/td>\n<td><\/td>\n<td><\/td>\n<\/tr>\n<tr>\n<td><a href=\"https:\/\/www.vivreaveclevih.org\/fr\/ist\/les-hepatites-b-et-c\/\"><strong>H\u00e9patite C<\/strong><\/a><\/td>\n<td style=\"text-align: center;\"><strong>X<\/strong><\/td>\n<td style=\"text-align: center;\"><strong>X<\/strong><\/td>\n<td><\/td>\n<td><\/td>\n<td><\/td>\n<\/tr>\n<tr>\n<td><a href=\"https:\/\/www.vivreaveclevih.org\/fr\/ist\/lherpes-genital\/\"><strong>Herp\u00e8s g\u00e9nital<\/strong><\/a><\/td>\n<td style=\"text-align: center;\"><strong>X<\/strong><\/td>\n<td><\/td>\n<td style=\"text-align: center;\"><strong>X<\/strong><\/td>\n<td><\/td>\n<td style=\"text-align: center;\"><strong>X<\/strong><\/td>\n<\/tr>\n<tr>\n<td><a href=\"https:\/\/www.vivreaveclevih.org\/fr\/ist\/lhpv\/\"><strong>Human Papilloma Virus (HPV)<\/strong><\/a><\/td>\n<td><\/td>\n<td><\/td>\n<td style=\"text-align: center;\"><strong>X<\/strong><\/td>\n<td><\/td>\n<td style=\"text-align: center;\"><strong>X<\/strong><\/td>\n<\/tr>\n<tr>\n<td><a href=\"https:\/\/www.vivreaveclevih.org\/fr\/ist\/la-chlamydia\/\"><strong>Chlamydia<\/strong><\/a><\/td>\n<td><\/td>\n<td><\/td>\n<td style=\"text-align: center;\"><strong>X<\/strong><\/td>\n<td style=\"text-align: center;\"><strong>X<\/strong><\/td>\n<td><\/td>\n<\/tr>\n<tr>\n<td><a href=\"https:\/\/www.vivreaveclevih.org\/fr\/ist\/la-gonorrhee\/\"><strong>Gonorrh\u00e9e<\/strong><\/a><\/td>\n<td><\/td>\n<td><\/td>\n<td style=\"text-align: center;\"><strong>X<\/strong><\/td>\n<td style=\"text-align: center;\"><strong>X<\/strong><\/td>\n<td><\/td>\n<\/tr>\n<tr>\n<td><a href=\"https:\/\/www.vivreaveclevih.org\/fr\/ist\/la-syphilis\/\"><strong>Syphilis<\/strong><\/a><\/td>\n<td style=\"text-align: center;\"><strong>X<\/strong><\/td>\n<td style=\"text-align: center;\"><strong>X<\/strong><\/td>\n<td><\/td>\n<td><\/td>\n<td style=\"text-align: center;\"><strong>X<\/strong><\/td>\n<\/tr>\n<\/tbody>\n<\/table>\n<p>&nbsp;<\/p>\n<h2>O\u00f9 se faire d\u00e9pister\u00a0?<\/h2>\n<p><strong>Vous pouvez vous faire d\u00e9pister\u00a0:<\/strong><\/p>\n<ul>\n<li>Chez un m\u00e9decin\u00a0;<\/li>\n<li>Dans un centre de d\u00e9pistage\u00a0;<\/li>\n<li>Dans un centre de planning familial\u00a0;<\/li>\n<li>Dans une maison m\u00e9dicale\u00a0;<\/li>\n<li>\u2026.<\/li>\n<\/ul>\n<blockquote><p>Pour trouver un centre de d\u00e9pistage plus proche de chez vous, utilisez notre<strong> <a href=\"https:\/\/preventionsida.org\/fr\/depistage\/centres-de-depistage\/\">moteur de recherche.<\/a><\/strong><\/p><\/blockquote>\n","background_color":false}]},"_links":{"self":[{"href":"https:\/\/www.vivreaveclevih.org\/fr\/wp-json\/wp\/v2\/pages\/930","targetHints":{"allow":["GET"]}}],"collection":[{"href":"https:\/\/www.vivreaveclevih.org\/fr\/wp-json\/wp\/v2\/pages"}],"about":[{"href":"https:\/\/www.vivreaveclevih.org\/fr\/wp-json\/wp\/v2\/types\/page"}],"author":[{"embeddable":true,"href":"https:\/\/www.vivreaveclevih.org\/fr\/wp-json\/wp\/v2\/users\/1"}],"replies":[{"embeddable":true,"href":"https:\/\/www.vivreaveclevih.org\/fr\/wp-json\/wp\/v2\/comments?post=930"}],"version-history":[{"count":1,"href":"https:\/\/www.vivreaveclevih.org\/fr\/wp-json\/wp\/v2\/pages\/930\/revisions"}],"predecessor-version":[{"id":10353,"href":"https:\/\/www.vivreaveclevih.org\/fr\/wp-json\/wp\/v2\/pages\/930\/revisions\/10353"}],"up":[{"embeddable":true,"href":"https:\/\/www.vivreaveclevih.org\/fr\/wp-json\/wp\/v2\/pages\/30"}],"wp:attachment":[{"href":"https:\/\/www.vivreaveclevih.org\/fr\/wp-json\/wp\/v2\/media?parent=930"}],"curies":[{"name":"wp","href":"https:\/\/api.w.org\/{rel}","templated":true}]}}