{"id":9425,"date":"2021-07-07T21:36:29","date_gmt":"2021-07-07T19:36:29","guid":{"rendered":"https:\/\/www.vivreaveclevih.org\/?page_id=9425"},"modified":"2021-10-06T16:20:31","modified_gmt":"2021-10-06T14:20:31","slug":"voyager-avec-le-vih","status":"publish","type":"page","link":"https:\/\/www.vivreaveclevih.org\/fr\/mes-droits\/voyager-avec-le-vih\/","title":{"rendered":"Voyager avec le VIH"},"content":{"rendered":"<p><img loading=\"lazy\" decoding=\"async\" class=\"aligncenter size-full wp-image-9821\" src=\"https:\/\/www.vivreaveclevih.org\/wp-content\/uploads\/2021\/08\/voyage0.png\" alt=\"\" width=\"650\" height=\"300\" srcset=\"https:\/\/www.vivreaveclevih.org\/wp-content\/uploads\/2021\/08\/voyage0.png 650w, https:\/\/www.vivreaveclevih.org\/wp-content\/uploads\/2021\/08\/voyage0-300x138.png 300w, https:\/\/www.vivreaveclevih.org\/wp-content\/uploads\/2021\/08\/voyage0-500x231.png 500w\" sizes=\"auto, (max-width: 650px) 100vw, 650px\" \/><\/p>\n<p>Si vous souhaitez voyager \u00e0 l\u2019\u00e9tranger, il y a quelques petits conseils qu\u2019il convient de suivre pour que votre voyage se passe au mieux, et pour que vous ne preniez pas de risque pour votre sant\u00e9. <strong>Certains pays ne peuvent pas vous offrir des conditions sanitaires aussi bonnes que celles que nous avons en Belgique, soyez-y attentif\u00b7ves dans votre choix de destination !<\/strong> Dans les pays tropicaux par exemple, le risque de contracter des infections comme le paludisme est plus important, vous devez donc suivre un traitement durant votre s\u00e9jour. Prenez \u00e9galement vos pr\u00e9cautions pour \u00e9viter des intoxications alimentaires (se laver les mains, ne pas consommer l\u2019eau du robinet, etc.).<\/p>\n<p><strong>Plusieurs pays interdisent l\u2019entr\u00e9e des personnes s\u00e9ropositives sur leur territoire ou ne l\u2019autorisent que sous certaines conditions. <\/strong>La liste des conditions d\u2019entr\u00e9e en vigueur fournit de plus amples informations \u00e0 ce sujet. Rendez-vous sur le site\u00a0<a href=\"http:\/\/www.hivtravel.org\/\"><strong>hivtravel.org<\/strong><\/a>\u00a0(mise \u00e0 jour seulement en anglais) pour voir la liste pays qui restreignent leurs entr\u00e9es.<\/p>\n<p>Des <a href=\"https:\/\/www.vivreaveclevih.org\/fr\/protection\/se-faire-vacciner\/\"><strong>vaccins<\/strong><\/a> sont parfois n\u00e9cessaires pour se rendre dans des pays sp\u00e9cifiques et certains peuvent \u00eatre contre-indiqu\u00e9s avec votre <a href=\"https:\/\/www.vivreaveclevih.org\/fr\/traitement\/vih\/les-traitements-contre-le-vih\/\"><strong>traitement<\/strong><\/a>. Parlez-en avec votre m\u00e9decin sp\u00e9cialiste du VIH ou m\u00e9decin traitant\u00b7e.<\/p>\n<p><strong>Que faire si vous d\u00e9sirez vous rendre dans un pays restreignant l\u2019entr\u00e9e aux personnes vivant avec le VIH\u00a0?<\/strong> La collaboration de votre m\u00e9decin et de votre pharmacien\u00b7ne peut \u00eatre n\u00e9cessaire. Vous pouvez demander \u00e0 votre m\u00e9decin de vous fournir une attestation, ou une lettre en anglais, expliquant que les m\u00e9dicaments sont n\u00e9cessaires \u00e0 un traitement qui ne peut pas \u00eatre interrompu. Vous pouvez aussi demander \u00e0 votre pharmacien\u00b7ne de vous transmettre vos m\u00e9dicaments dans un contenant transparent, et de les identifier par leur nom commun uniquement, afin que le nom scientifique ne soit pas reconnu. Il arrive aussi que des pays demandent un test de d\u00e9pistage avant de d\u00e9livrer un visa, ou que vous deviez effectuer un examen m\u00e9dical complet \u00e0 votre arriv\u00e9e pour les s\u00e9jours de longue dur\u00e9e.<\/p>\n<p>Des changements ont souvent lieu dans les diff\u00e9rentes r\u00e9glementations des \u00c9tats, et si vous comptez voyager, il est prudent de se renseigner sur les dispositions prises par le pays dans lequel vous vous rendez. Heureusement, vous \u00eates libre de circuler dans l\u2019ensemble de l\u2019Union Europ\u00e9enne et dans la plupart des pays du monde !<\/p>\n","protected":false},"excerpt":{"rendered":"<p>Si vous souhaitez voyager \u00e0 l\u2019\u00e9tranger, il y a quelques petits conseils qu\u2019il convient de suivre pour que votre voyage se passe au mieux, et pour que vous ne preniez pas de risque pour votre sant\u00e9. Certains pays ne peuvent pas vous offrir des conditions sanitaires aussi bonnes que celles que nous avons en Belgique, soyez-y attentif\u00b7ves dans votre choix de destination ! Dans les pays tropicaux par exemple, le risque de contracter des infections comme le paludisme est plus important, vous devez donc suivre un traitement durant votre s\u00e9jour. Prenez \u00e9galement vos pr\u00e9cautions pour \u00e9viter des intoxications alimentaires (se laver les mains, ne pas consommer l\u2019eau du robinet, etc.). Plusieurs pays interdisent l\u2019entr\u00e9e des personnes s\u00e9ropositives sur leur territoire ou ne l\u2019autorisent que sous certaines conditions. La liste des conditions d\u2019entr\u00e9e en vigueur fournit de plus amples informations \u00e0 ce sujet. Rendez-vous sur le site\u00a0hivtravel.org\u00a0(mise \u00e0 jour seulement en [&hellip;]<\/p>\n","protected":false},"author":1,"featured_media":0,"parent":9421,"menu_order":0,"comment_status":"closed","ping_status":"closed","template":"","meta":{"_acf_changed":false,"footnotes":""},"class_list":["post-9425","page","type-page","status-publish","hentry"],"acf":{"sidebar":211,"contenu_flexible":[{"acf_fc_layout":"textfull","text":"<p><img loading=\"lazy\" decoding=\"async\" class=\"aligncenter size-full wp-image-9797\" src=\"https:\/\/www.vivreaveclevih.org\/wp-content\/uploads\/2021\/08\/Sans-titre-2.png\" alt=\"\" width=\"337\" height=\"292\" srcset=\"https:\/\/www.vivreaveclevih.org\/wp-content\/uploads\/2021\/08\/Sans-titre-2.png 337w, https:\/\/www.vivreaveclevih.org\/wp-content\/uploads\/2021\/08\/Sans-titre-2-300x260.png 300w\" sizes=\"auto, (max-width: 337px) 100vw, 337px\" \/><\/p>\n<h2>Quelques recommandations en cas de voyage<\/h2>\n<ul>\n<li>Pr\u00e9voyez suffisamment de m\u00e9dicaments pour toute la dur\u00e9e de votre voyage et emportez-les dans votre bagage \u00e0 main ;<\/li>\n<li>Gardez sur vous un certificat m\u00e9dical ou une lettre de votre m\u00e9decin (de pr\u00e9f\u00e9rence en anglais et en fran\u00e7ais) justifiant le transport de ce m\u00e9dicament sans r\u00e9f\u00e9rence avec le <a href=\"https:\/\/www.vivreaveclevih.org\/fr\/vih\/le-vih-cest-quoi\/\">VIH<\/a>\u00a0;<\/li>\n<li>Vous ne devez pas tenir compte du d\u00e9calage horaire pour prendre votre m\u00e9dicament, prenez-les \u00e0 heure locale\u00a0;<\/li>\n<li>Renseignez-vous sur les vaccins obligatoires dans le pays de destination\u00a0;<\/li>\n<li>Ne parlez pas de votre statut s\u00e9rologique durant votre voyage\u00a0;<\/li>\n<li>Renseignez-vous sur les assurances au cas o\u00f9\u00a0vous tomberiez malade \u00e0 l\u2019\u00e9tranger.<\/li>\n<\/ul>\n<p><a class=\"readmore\" href=\"https:\/\/preventionsida.org\/fr\/ressources\/brochure-connaitre-et-faire-valoir-ses-droits\/\">Pour plus d\u2019info : brochure Connaitre et faire valoir ses droits page 64<\/a><\/p>\n","background_color":false}]},"_links":{"self":[{"href":"https:\/\/www.vivreaveclevih.org\/fr\/wp-json\/wp\/v2\/pages\/9425","targetHints":{"allow":["GET"]}}],"collection":[{"href":"https:\/\/www.vivreaveclevih.org\/fr\/wp-json\/wp\/v2\/pages"}],"about":[{"href":"https:\/\/www.vivreaveclevih.org\/fr\/wp-json\/wp\/v2\/types\/page"}],"author":[{"embeddable":true,"href":"https:\/\/www.vivreaveclevih.org\/fr\/wp-json\/wp\/v2\/users\/1"}],"replies":[{"embeddable":true,"href":"https:\/\/www.vivreaveclevih.org\/fr\/wp-json\/wp\/v2\/comments?post=9425"}],"version-history":[{"count":1,"href":"https:\/\/www.vivreaveclevih.org\/fr\/wp-json\/wp\/v2\/pages\/9425\/revisions"}],"predecessor-version":[{"id":10357,"href":"https:\/\/www.vivreaveclevih.org\/fr\/wp-json\/wp\/v2\/pages\/9425\/revisions\/10357"}],"up":[{"embeddable":true,"href":"https:\/\/www.vivreaveclevih.org\/fr\/wp-json\/wp\/v2\/pages\/9421"}],"wp:attachment":[{"href":"https:\/\/www.vivreaveclevih.org\/fr\/wp-json\/wp\/v2\/media?parent=9425"}],"curies":[{"name":"wp","href":"https:\/\/api.w.org\/{rel}","templated":true}]}}