{"id":9454,"date":"2021-07-07T21:43:31","date_gmt":"2021-07-07T19:43:31","guid":{"rendered":"https:\/\/www.vivreaveclevih.org\/?page_id=9454"},"modified":"2021-10-06T15:12:29","modified_gmt":"2021-10-06T13:12:29","slug":"femme-et-vih","status":"publish","type":"page","link":"https:\/\/www.vivreaveclevih.org\/fr\/vivre-avec-le-vih\/femme-et-vih\/","title":{"rendered":"Femme et VIH"},"content":{"rendered":"<p>En tant que femme vivant avec le VIH, il est conseill\u00e9 de porter plus d\u2019attention \u00e0 votre sant\u00e9 pour \u00e9viter un diagnostic tardif d\u2019autres infections, anomalies ou maladies.<\/p>\n<p>Dans le cadre de votre suivi gyn\u00e9cologique votre m\u00e9decin surveillera le d\u00e9veloppement \u00e9ventuel d\u2019<strong>un cancer du col de l\u2019ut\u00e9rus <\/strong>en r\u00e9alisant un frottis du col. Ce cancer qui est d\u00fb \u00e0 une infection par le papillomavirus ou <a href=\"https:\/\/www.vivreaveclevih.org\/fr\/ist\/lhpv\/\"><strong>HPV<\/strong><\/a>, peut \u00eatre d\u00e9pist\u00e9 \u00e0 un stade pr\u00e9coce et est gu\u00e9rissable. Ces l\u00e9sions sont plus fr\u00e9quentes chez la femme vivant avec le VIH, il est donc important de r\u00e9aliser un <strong>suivi r\u00e9gulier chez le\u00b7la gyn\u00e9cologue<\/strong> (tous les 1 \u00e0 3 ans selon les cas). Il est aussi recommand\u00e9 de faire un d\u00e9pistage du cancer du sein en r\u00e9alisant une mammographie tous les 1 \u00e0 2 ans \u00e0 partir de l\u2019\u00e2ge de 40 ans.<\/p>\n<p>En tant que femme vivant avec le VIH, il y a certaines pr\u00e9cautions que vous devrez prendre si vous envisagez d\u2019avoir des enfants, comme v\u00e9rifier votre charge virale et adapter la prise de votre traitement.<\/p>\n<p><a class=\"readmore\" href=\"https:\/\/www.vivreaveclevih.org\/fr\/protection\/proteger-son-enfant-durant-la-grossesse\/\">Plus d\u2019infos : prot\u00e9ger son enfant pendant la grossesse<\/a><\/p>\n<p><img loading=\"lazy\" decoding=\"async\" class=\"aligncenter wp-image-9783\" src=\"https:\/\/www.vivreaveclevih.org\/wp-content\/uploads\/2021\/08\/femme.jpg\" alt=\"\" width=\"372\" height=\"308\" srcset=\"https:\/\/www.vivreaveclevih.org\/wp-content\/uploads\/2021\/08\/femme.jpg 532w, https:\/\/www.vivreaveclevih.org\/wp-content\/uploads\/2021\/08\/femme-300x248.jpg 300w, https:\/\/www.vivreaveclevih.org\/wp-content\/uploads\/2021\/08\/femme-500x414.jpg 500w\" sizes=\"auto, (max-width: 372px) 100vw, 372px\" \/><\/p>\n<p>En fonction de votre \u00e2ge il vous faudra \u00e9galement <strong>surveiller et pr\u00e9venir l\u2019<a href=\"https:\/\/www.vivreaveclevih.org\/fr\/vivre-avec-le-vih\/vieillir-avec\/\">ost\u00e9oporose<\/a> qui pourrait arriver avec la m\u00e9nopause<\/strong>, souvent pr\u00e9coce chez la personne vivant avec le VIH.<\/p>\n<h2>La m\u00e9nopause, c\u2019est quoi ?<\/h2>\n<p>La m\u00e9nopause est la p\u00e9riode dans la vie d\u2019une femme o\u00f9 elle cesse d\u2019avoir ses r\u00e8gles. Cela se produit habituellement vers l\u2019\u00e2ge de <a href=\"https:\/\/www.vivreaveclevih.org\/fr\/vivre-avec-le-vih\/vieillir-avec\/\"><strong>50 ans<\/strong><\/a> chez les femmes s\u00e9ron\u00e9gatives, mais <strong>la m\u00e9nopause peut d\u00e9buter plus t\u00f4t chez les femmes vivant avec le VIH<\/strong>. Elle est caract\u00e9ris\u00e9e par l\u2019association de modifications hormonales, des sympt\u00f4mes d\u00e9rangeants (bouff\u00e9es de chaleur, sueurs nocturnes, s\u00e9cheresse vaginale, etc.) et de l\u2019absence de r\u00e8gles. Elle peut s\u2019accompagner de changements de l&rsquo;humeur, d&rsquo;un dysfonctionnement sexuel et d&rsquo;une qualit\u00e9 de vie r\u00e9duite. Il existe des traitements pour la m\u00e9nopause. Parlez \u00e0 votre gyn\u00e9cologue de tous changements observ\u00e9s ou dysfonctionnement inhabituel pour qu\u2019il\u00b7elle vous accompagne et vous aide \u00e0 bien vivre cette nouvelle phase de votre vie.<\/p>\n<h4>Changements hormonaux<\/h4>\n<p><strong>Afin de pr\u00e9venir divers troubles, votre gyn\u00e9cologue pourrait vous prescrire un traitement hormonal une fois le diagnostic de m\u00e9nopause pos\u00e9.<\/strong><\/p>\n<p>Les hormones sont des messagers chimiques qui se d\u00e9placent partout dans l\u2019organisme pour aider les cellules \u00e0 accomplir leurs nombreuses t\u00e2ches. Elles influencent notre syst\u00e8me immunitaire, notre \u00e9nergie, notre humeur, la qualit\u00e9 de notre sommeil, notre libido, notre app\u00e9tit et notre digestion, la force de nos muscles, la sant\u00e9 de nos os et de nombreux autres aspects de notre sant\u00e9 et de notre vie. Certaines personnes vivant avec le VIH ont un faible taux de certaines hormones, surtout la testost\u00e9rone, les hormones thyro\u00efdiennes et les hormones sexuelles masculines et f\u00e9minines. <strong>Atteindre un taux optimal d\u2019hormones peut non seulement soulager vos sympt\u00f4mes, mais \u00e9galement contribuer \u00e0 pr\u00e9venir de graves affections<\/strong> telles que les probl\u00e8mes cardiaques, l\u2019ost\u00e9oporose, la d\u00e9pression, la perte de libido, la fatigue et les probl\u00e8mes musculaires et d\u2019\u00e9quilibre.<\/p>\n","protected":false},"excerpt":{"rendered":"<p>En tant que femme vivant avec le VIH, il est conseill\u00e9 de porter plus d\u2019attention \u00e0 votre sant\u00e9 pour \u00e9viter un diagnostic tardif d\u2019autres infections, anomalies ou maladies. Dans le cadre de votre suivi gyn\u00e9cologique votre m\u00e9decin surveillera le d\u00e9veloppement \u00e9ventuel d\u2019un cancer du col de l\u2019ut\u00e9rus en r\u00e9alisant un frottis du col. Ce cancer qui est d\u00fb \u00e0 une infection par le papillomavirus ou HPV, peut \u00eatre d\u00e9pist\u00e9 \u00e0 un stade pr\u00e9coce et est gu\u00e9rissable. Ces l\u00e9sions sont plus fr\u00e9quentes chez la femme vivant avec le VIH, il est donc important de r\u00e9aliser un suivi r\u00e9gulier chez le\u00b7la gyn\u00e9cologue (tous les 1 \u00e0 3 ans selon les cas). Il est aussi recommand\u00e9 de faire un d\u00e9pistage du cancer du sein en r\u00e9alisant une mammographie tous les 1 \u00e0 2 ans \u00e0 partir de l\u2019\u00e2ge de 40 ans. En tant que femme vivant avec le VIH, il y a certaines [&hellip;]<\/p>\n","protected":false},"author":1,"featured_media":0,"parent":993,"menu_order":0,"comment_status":"closed","ping_status":"closed","template":"","meta":{"_acf_changed":false,"footnotes":""},"class_list":["post-9454","page","type-page","status-publish","hentry"],"acf":{"sidebar":211,"contenu_flexible":[{"acf_fc_layout":"imagetext","image":9766,"text":"<h2>Faire face \u00e0 l\u2019ost\u00e9oporose<\/h2>\n<p>Apr\u00e8s 50 ans les personnes vivant avec le VIH d\u00e9veloppent davantage d\u2019ost\u00e9oporose (une alt\u00e9ration de la densit\u00e9 osseuse) que le reste de la population. Les hommes s\u00e9ropositifs sont davantage expos\u00e9s aux risques que les femmes, car celles-ci sont prot\u00e9g\u00e9es par les hormones f\u00e9minines. Ce risque augmente apr\u00e8s la m\u00e9nopause \u00e0 cause de la chute hormonale. <strong>Les femmes seront alors davantage expos\u00e9es que les hommes.<\/strong><\/p>\n<p>Pour pr\u00e9venir les risques, vous pouvez :<\/p>\n<ul>\n<li>Maintenir une activit\u00e9 physique r\u00e9guli\u00e8re<\/li>\n<li>Faire attention \u00e0 votre apport en min\u00e9raux (calcium et magn\u00e9sium) et en vitamine D<\/li>\n<li>R\u00e9duire votre consommation d\u2019alcool, de tabac et de caf\u00e9<\/li>\n<li>Pr\u00e9venir le risque de chute<\/li>\n<li>Passer des examens r\u00e9guliers<\/li>\n<\/ul>\n","background_color":false,"link_image":""}]},"_links":{"self":[{"href":"https:\/\/www.vivreaveclevih.org\/fr\/wp-json\/wp\/v2\/pages\/9454","targetHints":{"allow":["GET"]}}],"collection":[{"href":"https:\/\/www.vivreaveclevih.org\/fr\/wp-json\/wp\/v2\/pages"}],"about":[{"href":"https:\/\/www.vivreaveclevih.org\/fr\/wp-json\/wp\/v2\/types\/page"}],"author":[{"embeddable":true,"href":"https:\/\/www.vivreaveclevih.org\/fr\/wp-json\/wp\/v2\/users\/1"}],"replies":[{"embeddable":true,"href":"https:\/\/www.vivreaveclevih.org\/fr\/wp-json\/wp\/v2\/comments?post=9454"}],"version-history":[{"count":1,"href":"https:\/\/www.vivreaveclevih.org\/fr\/wp-json\/wp\/v2\/pages\/9454\/revisions"}],"predecessor-version":[{"id":10336,"href":"https:\/\/www.vivreaveclevih.org\/fr\/wp-json\/wp\/v2\/pages\/9454\/revisions\/10336"}],"up":[{"embeddable":true,"href":"https:\/\/www.vivreaveclevih.org\/fr\/wp-json\/wp\/v2\/pages\/993"}],"wp:attachment":[{"href":"https:\/\/www.vivreaveclevih.org\/fr\/wp-json\/wp\/v2\/media?parent=9454"}],"curies":[{"name":"wp","href":"https:\/\/api.w.org\/{rel}","templated":true}]}}