{"id":9479,"date":"2021-07-07T21:52:27","date_gmt":"2021-07-07T19:52:27","guid":{"rendered":"https:\/\/www.vivreaveclevih.org\/?page_id=9479"},"modified":"2021-10-06T16:27:46","modified_gmt":"2021-10-06T14:27:46","slug":"premier-accueil","status":"publish","type":"page","link":"https:\/\/www.vivreaveclevih.org\/fr\/activites\/premier-accueil\/","title":{"rendered":"Premier Accueil"},"content":{"rendered":"","protected":false},"excerpt":{"rendered":"","protected":false},"author":1,"featured_media":0,"parent":9475,"menu_order":0,"comment_status":"closed","ping_status":"closed","template":"","meta":{"_acf_changed":false,"footnotes":""},"class_list":["post-9479","page","type-page","status-publish","hentry"],"acf":{"sidebar":211,"contenu_flexible":[{"acf_fc_layout":"textfull","text":"<p>Vous avez appris, il y a peu de temps ou peut-\u00eatre plus, que vous \u00e9tiez s\u00e9ropositif\u00b7ve.<\/p>\n<p>Peut-\u00eatre vous attendiez-vous un peu \u00e0 ce r\u00e9sultat, peut-\u00eatre pas du tout. Vous avez peut-\u00eatre ressenti un choc \u00e0 cette annonce, et une foule de questions vous sont venues.<\/p>\n<p><strong>Sachez que les avanc\u00e9es m\u00e9dicales ont \u00e9t\u00e9 extr\u00eamement importantes ces derni\u00e8res ann\u00e9es<\/strong>, tant au niveau des\u00a0<a href=\"https:\/\/www.vivreaveclevih.org\/fr\/traitement\/vih\/les-traitements-contre-le-vih\/\"><strong>traitements<\/strong><\/a>\u00a0qu\u2019au niveau des\u00a0<strong>strat\u00e9gies de pr\u00e9vention<\/strong>. Avec des r\u00e9sultats concrets. En Belgique, les personnes vivant avec le VIH sont consid\u00e9r\u00e9es comme des patient\u00b7es atteint\u00b7es d\u2019une maladie chronique avec laquelle on peut vivre de tr\u00e8s nombreuses ann\u00e9es, pour autant que l\u2019on prenne correctement son traitement. Ensuite, m\u00eame si le <a href=\"https:\/\/www.vivreaveclevih.org\/fr\/protection\/le-preservatif\/\"><strong>pr\u00e9servatif<\/strong><\/a>\u00a0reste essentiel, il existe aujourd\u2019hui un consensus scientifique mondial affirmant qu\u2019<strong>une personne vivant avec le VIH dont la\u00a0<a href=\"https:\/\/www.vivreaveclevih.org\/fr\/vih\/la-charge-virale-cest-quoi\/\">charge virale<\/a>\u00a0est ind\u00e9tectable gr\u00e2ce \u00e0 son traitement ne transmet plus le VIH<\/strong>.<\/p>\n<p>Il est donc essentiel d\u2019actualiser ses connaissances et de se tenir inform\u00e9\u00b7e r\u00e9guli\u00e8rement afin de b\u00e9n\u00e9ficier des progr\u00e8s de la science et de la m\u00e9decine.<\/p>\n<p>Pour vous y aider, la Plateforme Pr\u00e9vention Sida propose divers services et activit\u00e9s \u00e0 destination des\u00a0<strong>personnes vivant avec le VIH (PVVIH) et des professionnel\u00b7les de la sant\u00e9 qui les accompagnent<\/strong>. Pour les professionnel\u00b7les qui travaillent aupr\u00e8s des PVVIH, ces services et activit\u00e9s sont autant de ressources qui peuvent vous aider dans votre travail d\u2019accompagnement des PVVIH, que ce soit en termes de sant\u00e9, d\u2019isolement, de <a href=\"https:\/\/www.vivreaveclevih.org\/fr\/mes-droits\/victime-de-discrimination-que-faire\/\"><strong>discrimination<\/strong><\/a>, de stigmatisation, etc.<\/p>\n<p><img loading=\"lazy\" decoding=\"async\" class=\"aligncenter size-full wp-image-9855\" src=\"https:\/\/www.vivreaveclevih.org\/wp-content\/uploads\/2021\/08\/premier-accueil.png\" alt=\"\" width=\"688\" height=\"344\" srcset=\"https:\/\/www.vivreaveclevih.org\/wp-content\/uploads\/2021\/08\/premier-accueil.png 688w, https:\/\/www.vivreaveclevih.org\/wp-content\/uploads\/2021\/08\/premier-accueil-300x150.png 300w, https:\/\/www.vivreaveclevih.org\/wp-content\/uploads\/2021\/08\/premier-accueil-500x250.png 500w\" sizes=\"auto, (max-width: 688px) 100vw, 688px\" \/><\/p>\n","background_color":false},{"acf_fc_layout":"textfull","text":"<h6><strong>Un premier accueil des PVVIH<\/strong><\/h6>\n<p>Avec ou sans rendez-vous, un accueil est organis\u00e9 deux fois par semaine : le mardi\u00a0<strong>de 14h \u00e0 16h30 et le jeudi de 10h \u00e0 12h<\/strong>. Cet accueil vous permet d\u2019exposer votre situation, d\u2019\u00eatre \u00e9cout\u00e9\u00b7e en toute confidentialit\u00e9, d\u2019\u00eatre inform\u00e9\u00b7e, d\u2019\u00eatre soutenu\u00b7e et d\u2019\u00eatre orient\u00e9\u00b7e en cas de besoin.<\/p>\n<h6><strong>Un \u00e9v\u00e9nement pour les PVVIH \u00e0 l\u2019occasion du 1er d\u00e9cembre<\/strong><\/h6>\n<p>Cet \u00e9v\u00e9nement se veut convivial et comm\u00e9moratif : un moment pour \u00e9changer, partager entre personnes vivant avec le VIH et avec les professionnel\u00b7les de la sant\u00e9 qui les accompagnent.<\/p>\n","background_color":false},{"acf_fc_layout":"multiplecol","multiple_title":"","cols":[{"col_image":1359,"col_title":"L\u2019Espace Mandela","col_content":"<p style=\"text-align: center;\">Accompagnement collectif des personnes vivant avec le VIH.<\/p>\n<p><a class=\"btn-center\" href=\"https:\/\/www.vivreaveclevih.org\/fr\/activites\/lespace-mandela\/\">En savoir plus<\/a><\/p>\n"},{"col_image":1355,"col_title":"Actions Plus","col_content":"<p style=\"text-align: center;\">Un groupe de r\u00e9flexion, de communication et d\u2019action sur la s\u00e9ropositivit\u00e9.<\/p>\n<p><a class=\"btn-center\" href=\"https:\/\/www.vivreaveclevih.org\/fr\/activites\/actions-plus\/\">En savoir plus<\/a><\/p>\n"},{"col_image":2580,"col_title":"Les rencontres avec les professionnel\u00b7les","col_content":"<p style=\"text-align: center;\">Les\u00a0<strong>caf\u00e9s sant\u00e9<\/strong> et les journ\u00e9es d\u2019\u00e9tude.<\/p>\n<p><a class=\"btn-center\" href=\"https:\/\/www.vivreaveclevih.org\/fr\/activites\/rencontres-avec-les-professionnels\/\">En savoir plus<\/a><\/p>\n"}],"nb_items":""},{"acf_fc_layout":"doubleblock","content_block_left":"<h2>Des actions \u00e0 l\u2019attention des professionnel\u00b7les de la sant\u00e9<\/h2>\n<p><strong>Pour tous les professionnel\u00b7les du secteur nous proposons :<\/strong><\/p>\n<ul>\n<li>un accompagnement et un soutien dans vos actions destin\u00e9es aux PVVIH ;<\/li>\n<li>de r\u00e9pondre \u00e0 toutes vos questions sur la vie avec le VIH et la lutte contre les discriminations ;<\/li>\n<li>de vous fournir du mat\u00e9riel et des\u00a0<a href=\"https:\/\/www.vivreaveclevih.org\/fr\/liens-utiles\/outils-a-disposition\/\"><strong>outils<\/strong><\/a>\u00a0;<\/li>\n<li>de renforcer vos comp\u00e9tences par des\u00a0<a href=\"https:\/\/preventionsida.org\/fr\/ressources\/formations\/\"><strong>formations<\/strong><\/a>\u00a0;<\/li>\n<li>des s\u00e9ances d\u2019intervision sur vos pratiques et une r\u00e9flexion sur les m\u00e9thodologies de travail face \u00e0 la s\u00e9ropositivit\u00e9.<\/li>\n<\/ul>\n","background_color_left":false,"content_block_right":"<h2>Int\u00e9ress\u00e9\u00b7e par nos activit\u00e9s et nos services ?<\/h2>\n<p>Vous pouvez nous contacter librement ou prendre RDV pour plus de d\u00e9tails :<br \/>\n<strong>02\/733.72.99<\/strong>\u00a0\u2013\u00a0<a href=\"mailto:info@preventionsida.org\"><strong>info@preventionsida.org<\/strong><\/a>.<\/p>\n<p>Nous sommes joignables\u00a0<strong>du lundi au vendredi, de 9h \u00e0 17h30<\/strong>.<\/p>\n<p><strong>T\u00e9l\u00e9chargez\u00a0<\/strong><a href=\"https:\/\/drive.google.com\/open?id=1PeaF1oPUbpv0GaRt0UyAemGK6qd1xa5F\"><strong>ici<\/strong><\/a><strong>\u00a0notre flyers explicatif et\u00a0<\/strong><a href=\"https:\/\/preventionsida.org\/wp-content\/uploads\/2020\/07\/activit%C3%A9s-pvvih-2020.pdf\"><strong>ici<\/strong><\/a><strong>\u00a0l\u2019affiche des activit\u00e9s propos\u00e9es<\/strong><\/p>\n<p><img loading=\"lazy\" decoding=\"async\" class=\"aligncenter wp-image-9853\" src=\"https:\/\/www.vivreaveclevih.org\/wp-content\/uploads\/2021\/08\/accueil.png\" alt=\"\" width=\"399\" height=\"226\" srcset=\"https:\/\/www.vivreaveclevih.org\/wp-content\/uploads\/2021\/08\/accueil.png 628w, https:\/\/www.vivreaveclevih.org\/wp-content\/uploads\/2021\/08\/accueil-300x170.png 300w, https:\/\/www.vivreaveclevih.org\/wp-content\/uploads\/2021\/08\/accueil-500x283.png 500w\" sizes=\"auto, (max-width: 399px) 100vw, 399px\" \/><\/p>\n","background_color_right":true}]},"_links":{"self":[{"href":"https:\/\/www.vivreaveclevih.org\/fr\/wp-json\/wp\/v2\/pages\/9479","targetHints":{"allow":["GET"]}}],"collection":[{"href":"https:\/\/www.vivreaveclevih.org\/fr\/wp-json\/wp\/v2\/pages"}],"about":[{"href":"https:\/\/www.vivreaveclevih.org\/fr\/wp-json\/wp\/v2\/types\/page"}],"author":[{"embeddable":true,"href":"https:\/\/www.vivreaveclevih.org\/fr\/wp-json\/wp\/v2\/users\/1"}],"replies":[{"embeddable":true,"href":"https:\/\/www.vivreaveclevih.org\/fr\/wp-json\/wp\/v2\/comments?post=9479"}],"version-history":[{"count":1,"href":"https:\/\/www.vivreaveclevih.org\/fr\/wp-json\/wp\/v2\/pages\/9479\/revisions"}],"predecessor-version":[{"id":10359,"href":"https:\/\/www.vivreaveclevih.org\/fr\/wp-json\/wp\/v2\/pages\/9479\/revisions\/10359"}],"up":[{"embeddable":true,"href":"https:\/\/www.vivreaveclevih.org\/fr\/wp-json\/wp\/v2\/pages\/9475"}],"wp:attachment":[{"href":"https:\/\/www.vivreaveclevih.org\/fr\/wp-json\/wp\/v2\/media?parent=9479"}],"curies":[{"name":"wp","href":"https:\/\/api.w.org\/{rel}","templated":true}]}}