{"id":9481,"date":"2021-07-07T21:52:43","date_gmt":"2021-07-07T19:52:43","guid":{"rendered":"https:\/\/www.vivreaveclevih.org\/?page_id=9481"},"modified":"2021-10-06T16:28:41","modified_gmt":"2021-10-06T14:28:41","slug":"lespace-mandela","status":"publish","type":"page","link":"https:\/\/www.vivreaveclevih.org\/fr\/activites\/lespace-mandela\/","title":{"rendered":"L\u2019Espace Mandela"},"content":{"rendered":"","protected":false},"excerpt":{"rendered":"","protected":false},"author":1,"featured_media":0,"parent":9475,"menu_order":0,"comment_status":"closed","ping_status":"closed","template":"","meta":{"_acf_changed":false,"footnotes":""},"class_list":["post-9481","page","type-page","status-publish","hentry"],"acf":{"sidebar":211,"contenu_flexible":[{"acf_fc_layout":"textimage","text":"<p>L\u2019Espace Mandela est un groupe de personnes vivant avec le VIH qui se rencontre r\u00e9guli\u00e8rement. C\u2019est un espace d\u2019accueil, de partage, d\u2019\u00e9change, d\u2019information et de renforcement de soi dans un cadre convivial et en toute confidentialit\u00e9. Ce groupe est ouvert \u00e0 toute personne vivant avec le VIH. Si c\u2019est votre cas, n\u2019h\u00e9sitez pas \u00e0 nous rejoindre ou <strong><a href=\"https:\/\/www.vivreaveclevih.org\/fr\/nous-contacter\/\">nous contacter<\/a><\/strong> pour plus d\u2019informations.<\/p>\n<p><strong>Les objectifs des activit\u00e9s de l\u2019Espace Mandela\u00a0 sont :<\/strong><\/p>\n<ul>\n<li>am\u00e9liorer votre qualit\u00e9 de vie, votre <a href=\"https:\/\/www.vivreaveclevih.org\/fr\/vivre-avec-le-vih\/prendre-soin-de-moi\/\"><strong>bien-\u00eatre<\/strong><\/a> et votre sant\u00e9 physique, mentale et sexuelle.<\/li>\n<li>contribuer au renforcement de vos capacit\u00e9s dans la lutte contre la stigmatisation et la\u00a0<a href=\"https:\/\/www.vivreaveclevih.org\/fr\/mes-droits\/victime-de-discrimination-que-faire\/\"><strong>discrimination<\/strong><\/a>\u00a0dont vous pourriez faire l\u2019objet dans votre environnement de vie et dans les services dont vous pourriez b\u00e9n\u00e9ficier.<\/li>\n<\/ul>\n<p><strong>Si des activit\u00e9s de l\u2019Espace Mandela vous int\u00e9resse, il est indispensable de contacter la responsable de projet pour vous inscrire : <a href=\"mailto:g.ntunzwenimana@preventionsida.org\">g.ntunzwenimana@preventionsida.org<\/a> \u2013 0484 73 50 81.<\/strong><\/p>\n","image":1278,"background_color":false,"link_image":""},{"acf_fc_layout":"imagetext","image":1280,"text":"<h1>Les activit\u00e9s de l\u2019Espace Mandela<\/h1>\n<h2>Education nutritionnelle (1 fois tous les 2 mois)<\/h2>\n<p>Ces moments de rencontre, de convivialit\u00e9 et de partage vous permettent d\u2019am\u00e9liorer ou de changer vos habitudes ou comportements alimentaires \u00e0 travers des s\u00e9ances d\u2019information nutritionnelle, de d\u00e9couverte de nouveaux produits et de nouvelles recettes. Les ateliers ont lieu dans les locaux de la Plateforme Pr\u00e9vention Sida situ\u00e9s au 28-29, Place de la Vieille Halle aux Bl\u00e9s \u00e0 1000 Bruxelles.<\/p>\n","background_color":false,"link_image":""},{"acf_fc_layout":"textimage","text":"<h2>Activit\u00e9s culturelles (1 fois par mois)<\/h2>\n<p>Ces sorties culturelles en groupe permettent de rompre la solitude et l\u2019isolement auxquels sont souvent confront\u00e9\u00b7es certaines PVVIH (avec le soutien de l\u2019Article 27).<br \/>\nInscrivez-vous \u00e0 l\u2019avance en contactant la charg\u00e9e de projet.<\/p>\n<h2>Activit\u00e9 de convivialit\u00e9 et d\u2019\u00e9change (1 fois tous les 2 mois)<\/h2>\n<p>La plupart des personnes vivant avec le VIH vivent dans l\u2019isolement et la solitude, ce qui bien souvent affecte leur sant\u00e9, leur bien \u00eatre \u00e9motionnel et leur qualit\u00e9 de vie. L\u2019atelier de convivialit\u00e9 et d\u2019\u00e9change propos\u00e9 dans le cadre des activit\u00e9s de l\u2019Espace Mandela permet aux PVVIH d\u2019\u00eatre ensemble et ainsi de lutter contre cet isolement et cette solitude.<\/p>\n","image":9860,"background_color":false,"link_image":""},{"acf_fc_layout":"imagetext","image":9861,"text":"<h2>Activit\u00e9 physique : marche (2 fois par mois)<\/h2>\n<p>La marche permet de lutter contre la s\u00e9dentarit\u00e9, pr\u00e9venir les autres maladies li\u00e9es au VIH et ainsi d\u2019am\u00e9liorer la qualit\u00e9 de vie et le bien-\u00eatre physique et mental des PVVIH. Cette activit\u00e9 permet \u00e9galement de lutter contre la solitude et l\u2019isol\u00e9ment. L\u2019effet de groupe suscite la motivation et le d\u00e9passement de soi.<\/p>\n<h2>Atelier d\u2019\u00e9criture<\/h2>\n<p>L\u2019atelier d\u2019\u00e9criture est un moyen pour les PVVIH de raconter et de partager leur v\u00e9cu, de se reconstruire et de retrouver la confiance en eux par une production collective. Il permet \u00e9galement de tisser et de renforcer le lien social dans le groupe.<\/p>\n<h2>S\u00e9jour formation r\u00e9sidentiel (1 fois par an)<\/h2>\n<p>Nous offrons aux PVVIH en situation de grande vuln\u00e9rabilit\u00e9 la possibilit\u00e9 de se retrouver dans un lieu d\u00e9di\u00e9 aux \u00e9changes entre pairs et au bien-\u00eatre, dans une confidentialit\u00e9 partag\u00e9e.<\/p>\n","background_color":false,"link_image":""},{"acf_fc_layout":"textimage","text":"<h1>Les R\u00e9alisations de l\u2019Espace Mandela<\/h1>\n<ul>\n<li>Brochure \u00ab\u00a0<a href=\"https:\/\/preventionsida.org\/fr\/ressources\/brochure-limpossible-devient-possible-mieux-comprendre-ii\/\">L\u2019impossible devient possible. Mieux comprendre i=i<\/a>\u00a0\u00bb (2019)<\/li>\n<li>Flyers \u00ab\u00a0<a href=\"https:\/\/preventionsida.org\/fr\/ressources\/flyers-non-au-virus-de-la-discrimination\/\">Non au virus de la discrimination dans le milieu m\u00e9dical<\/a>\u00a0\u00bb (2017)<\/li>\n<li>Ensemble on avance<\/li>\n<\/ul>\n","image":1290,"background_color":false,"link_image":""}]},"_links":{"self":[{"href":"https:\/\/www.vivreaveclevih.org\/fr\/wp-json\/wp\/v2\/pages\/9481","targetHints":{"allow":["GET"]}}],"collection":[{"href":"https:\/\/www.vivreaveclevih.org\/fr\/wp-json\/wp\/v2\/pages"}],"about":[{"href":"https:\/\/www.vivreaveclevih.org\/fr\/wp-json\/wp\/v2\/types\/page"}],"author":[{"embeddable":true,"href":"https:\/\/www.vivreaveclevih.org\/fr\/wp-json\/wp\/v2\/users\/1"}],"replies":[{"embeddable":true,"href":"https:\/\/www.vivreaveclevih.org\/fr\/wp-json\/wp\/v2\/comments?post=9481"}],"version-history":[{"count":1,"href":"https:\/\/www.vivreaveclevih.org\/fr\/wp-json\/wp\/v2\/pages\/9481\/revisions"}],"predecessor-version":[{"id":10360,"href":"https:\/\/www.vivreaveclevih.org\/fr\/wp-json\/wp\/v2\/pages\/9481\/revisions\/10360"}],"up":[{"embeddable":true,"href":"https:\/\/www.vivreaveclevih.org\/fr\/wp-json\/wp\/v2\/pages\/9475"}],"wp:attachment":[{"href":"https:\/\/www.vivreaveclevih.org\/fr\/wp-json\/wp\/v2\/media?parent=9481"}],"curies":[{"name":"wp","href":"https:\/\/api.w.org\/{rel}","templated":true}]}}