{"id":9507,"date":"2021-07-07T22:01:22","date_gmt":"2021-07-07T20:01:22","guid":{"rendered":"https:\/\/www.vivreaveclevih.org\/?page_id=9507"},"modified":"2021-10-06T16:30:41","modified_gmt":"2021-10-06T14:30:41","slug":"ressources-supplementaires","status":"publish","type":"page","link":"https:\/\/www.vivreaveclevih.org\/fr\/liens-utiles\/ressources-supplementaires\/","title":{"rendered":"Ressources suppl\u00e9mentaires"},"content":{"rendered":"<p>Vous n\u2019avez pas trouv\u00e9 ce que vous cherchiez\u00a0? Il existe d\u2019autres\u00a0<strong>ressources<\/strong>\u00a0sur internet qui peuvent r\u00e9pondre \u00e0 vos\u00a0<strong>besoins<\/strong>.<br \/>\nEn voici une liste :<\/p>\n","protected":false},"excerpt":{"rendered":"<p>Vous n\u2019avez pas trouv\u00e9 ce que vous cherchiez\u00a0? Il existe d\u2019autres\u00a0ressources\u00a0sur internet qui peuvent r\u00e9pondre \u00e0 vos\u00a0besoins. En voici une liste :<\/p>\n","protected":false},"author":1,"featured_media":0,"parent":35,"menu_order":0,"comment_status":"closed","ping_status":"closed","template":"","meta":{"_acf_changed":false,"footnotes":""},"class_list":["post-9507","page","type-page","status-publish","hentry"],"acf":{"sidebar":211,"contenu_flexible":[{"acf_fc_layout":"text2cols","background_color":false,"title":"","col_left":"<p><a href=\"https:\/\/www.catie.ca\/fr\/accueil\"><strong>CATIE<\/strong><\/a><\/p>\n<p>La source canadienne de renseignements sur le VIH et l&rsquo;h\u00e9patite C.<\/p>\n<p><a href=\"https:\/\/seronet.info\/\"><strong>SERONET<\/strong><\/a><\/p>\n<p>Communaut\u00e9 virtuelle francophone de d\u00e9bats, de soutien et de rencontre pour les personnes vivant avec le VIH et une h\u00e9patite virale.<\/p>\n<p><strong><a href=\"https:\/\/www.actions-traitements.org\/\">Action Traitement<\/a><\/strong><\/p>\n<p>Association fran\u00e7aise de patient\u00b7es, agr\u00e9\u00e9e pour repr\u00e9senter les usager\u00b7\u00e8res du syst\u00e8me de sant\u00e9. Cr\u00e9\u00e9e en 1991 \u00e0 l\u2019initiative de personnes vivant avec le VIH, elle a pour but d\u2019informer, d\u2019accompagner, de soutenir et de d\u00e9fendre les droits des personnes vivant avec l\u2019infection \u00e0 VIH, les virus de l\u2019h\u00e9patite, la tuberculose, les pathologies associ\u00e9es et les infections sexuellement transmissibles.<\/p>\n<p><strong><a href=\"https:\/\/www.aides.org\/\">Aides<\/a><\/strong> et son magazine <strong><a href=\"https:\/\/www.aides.org\/remaides\/remaides-116-disponible\">Remaides<\/a><\/strong><\/p>\n<p>Association fran\u00e7aise de lutte contre le VIH et les h\u00e9patites.<\/p>\n<p><strong><a href=\"https:\/\/www.unaids.org\/fr\">ONUSIDA<\/a><\/strong><\/p>\n<p>Le Programme commun des Nations unies sur le VIH\/sida ou plus simplement ONUSIDA est un programme de l&rsquo;ONU destin\u00e9 \u00e0 coordonner l&rsquo;action des diff\u00e9rentes agences sp\u00e9cialis\u00e9es de l&rsquo;ONU pour lutter contre la pand\u00e9mie de VIH \/ sida.<\/p>\n","col_right":"<p><strong><a href=\"https:\/\/www.aidsmap.com\/language\/french\">Aidsmap<\/a><\/strong><\/p>\n<p>Association anglaise, source de renseignements sur le VIH.<\/p>\n<p><strong><a href=\"https:\/\/www.sensoa.be\/\">SENSOA<\/a><\/strong><\/p>\n<p>Centre d&rsquo;expertise flamand sur la sant\u00e9 sexuelle.<\/p>\n<p><strong><a href=\"https:\/\/www.coalitionplus.org\/\">Coalition plus<\/a><\/strong><\/p>\n<p>Coalition internationale d\u2019ONG communautaires de lutte contre le sida.<\/p>\n<p><strong>GILEAD<\/strong>\u00a0:<\/p>\n<p>Vid\u00e9o \u00ab Vieillir avec le VIH \u00bb : en\u00a0<a href=\"https:\/\/youtu.be\/q4fKZ_aI1XA\" target=\"_blank\" rel=\"noopener\">fran\u00e7ais<\/a>, en\u00a0<a href=\"https:\/\/www.youtube.com\/watch?v=uz4kxeQN92E\" target=\"_blank\" rel=\"noopener\">anglais<\/a>, en\u00a0<a href=\"https:\/\/www.youtube.com\/watch?v=wl7zXQikx0o\" target=\"_blank\" rel=\"noopener\">n\u00e9erlandais<\/a>.<\/p>\n<p><a href=\"http:\/\/www.hivisjustapartofme.eu\/\" target=\"_blank\" rel=\"noopener\"><strong>Going Beyond Undetectable<\/strong><\/a>\u00a0(site en anglais)<\/p>\n<p><strong>ViiV Healthcare<\/strong>\u00a0<strong>:<\/strong>\u00a0L\u2019outil \u00ab<strong><a href=\"https:\/\/www.unity-tool.com\/\" target=\"_blank\" rel=\"noopener\">Unity<\/a><\/strong>\u00bb, une aide lors des discussions dans la vie quotidienne des personnes vivant avec le VIH<\/p>\n<h2>Informations en langues \u00e9trang\u00e8res<\/h2>\n<p><strong><a href=\"http:\/\/www.zanzu.be\" target=\"_blank\" rel=\"noopener\">Zanzu (Sensoa)<\/a><br \/>\n<\/strong>Zanzu est le <strong>site internet multilingue d\u00e9velopp\u00e9 par Sensoa<\/strong>.<br \/>\nVous pouvez y trouver toutes les informations sur la sant\u00e9 sexuelle et le VIH-Sida et les IST.<br \/>\nDes informations sont disponibles en <strong>N\u00e9erlandais, Fran\u00e7ais, Anglais, Arabe, Russe, Roumain, Portugais, Espagnol, Polonais, Turc \u2026<\/strong><\/p>\n"}]},"_links":{"self":[{"href":"https:\/\/www.vivreaveclevih.org\/fr\/wp-json\/wp\/v2\/pages\/9507","targetHints":{"allow":["GET"]}}],"collection":[{"href":"https:\/\/www.vivreaveclevih.org\/fr\/wp-json\/wp\/v2\/pages"}],"about":[{"href":"https:\/\/www.vivreaveclevih.org\/fr\/wp-json\/wp\/v2\/types\/page"}],"author":[{"embeddable":true,"href":"https:\/\/www.vivreaveclevih.org\/fr\/wp-json\/wp\/v2\/users\/1"}],"replies":[{"embeddable":true,"href":"https:\/\/www.vivreaveclevih.org\/fr\/wp-json\/wp\/v2\/comments?post=9507"}],"version-history":[{"count":1,"href":"https:\/\/www.vivreaveclevih.org\/fr\/wp-json\/wp\/v2\/pages\/9507\/revisions"}],"predecessor-version":[{"id":10362,"href":"https:\/\/www.vivreaveclevih.org\/fr\/wp-json\/wp\/v2\/pages\/9507\/revisions\/10362"}],"up":[{"embeddable":true,"href":"https:\/\/www.vivreaveclevih.org\/fr\/wp-json\/wp\/v2\/pages\/35"}],"wp:attachment":[{"href":"https:\/\/www.vivreaveclevih.org\/fr\/wp-json\/wp\/v2\/media?parent=9507"}],"curies":[{"name":"wp","href":"https:\/\/api.w.org\/{rel}","templated":true}]}}