{"id":9511,"date":"2021-07-07T20:54:56","date_gmt":"2021-07-07T20:54:56","guid":{"rendered":"https:\/\/www.vivreaveclevih.org\/?page_id=9511"},"modified":"2025-02-27T11:25:59","modified_gmt":"2025-02-27T10:25:59","slug":"autres-contact","status":"publish","type":"page","link":"https:\/\/www.vivreaveclevih.org\/fr\/liens-utiles\/autres-contact\/","title":{"rendered":"Autres contact"},"content":{"rendered":"","protected":false},"excerpt":{"rendered":"","protected":false},"author":1,"featured_media":0,"parent":35,"menu_order":0,"comment_status":"closed","ping_status":"closed","template":"","meta":{"_acf_changed":false,"footnotes":""},"class_list":["post-9511","page","type-page","status-publish","hentry"],"acf":{"sidebar":211,"contenu_flexible":[{"acf_fc_layout":"textfull","text":"<p>Cette page pr\u00e9sente les associations actives dans la pr\u00e9vention du VIH et des IST ainsi que des organismes de nature diff\u00e9rente, mais tous impliqu\u00e9s dans la lutte contre le VIH et les discriminations vis-\u00e0-vis des personnes vivant avec le VIH :<\/p>\n","background_color":false},{"acf_fc_layout":"tabs","exp_title":"Les organismes de pr\u00e9vention et d\u2019informations grand public, jeunes et adultes","exp_items":[{"exp_item_title":"<p>Bruxelles<\/p>\n","exp_item_texte":"<p style=\"text-align: left;\"><a href=\"http:\/\/reseauhepatitec.be\/\" target=\"_blank\" rel=\"noopener\"><strong>R\u00e9seau H\u00e9patite C<\/strong><\/a><br \/>\nLe R\u00e9seau H\u00e9patite C est actif en mati\u00e8re de sensibilisation, pr\u00e9vention, r\u00e9duction des risques pour toutes personnes atteintes, ou susceptible d\u2019\u00eatre atteinte, par le virus de l\u2019h\u00e9patite C.<br \/>\nLocaux situ\u00e9s au sein du CHU St-Pierre site C\u00e9sar de Paepe.<\/p>\n<p style=\"text-align: left;\">Rue des Alexiens, 11<br \/>\n1000 Bruxelles<br \/>\n02\/506.70.92<br \/>\n0478\/71.69.34<br \/>\n0473\/80.46.25<\/p>\n<p style=\"text-align: left;\"><a href=\"http:\/\/www.maisonmedicale.org\/\" target=\"_blank\" rel=\"noopener\"><strong>F\u00e9d\u00e9ration des maisons m\u00e9dicales<\/strong><\/a><br \/>\nUne maison m\u00e9dicale est un centre de sant\u00e9 int\u00e9gr\u00e9 cr\u00e9\u00e9 \u00e0 l\u2019initiative de m\u00e9decins g\u00e9n\u00e9ralistes, de kin\u00e9sith\u00e9rapeutes, d\u2019infirmier\u22c5\u00e8re\u22c5s.<br \/>\nElle dispense des soins de premi\u00e8re ligne, de mani\u00e8re continue.<br \/>\nLeurs actions visent \u00e0 une approche globale, int\u00e9grant soins et d\u00e9marches pr\u00e9ventives de la sant\u00e9.<\/p>\n<p style=\"text-align: left;\">Boulevard du Midi, 25<br \/>\n1000 Bruxelles<br \/>\n02\/514.40.14<\/p>\n<p>&nbsp;<\/p>\n"},{"exp_item_title":"<p>Ottignies<\/p>\n","exp_item_texte":"<p style=\"text-align: left;\"><a href=\"https:\/\/www.univers-sante.be\/\" target=\"_blank\" rel=\"noopener\"><strong>Univers Sant\u00e9<\/strong><\/a><br \/>\nUnivers Sant\u00e9 d\u00e9veloppe des actions d\u2019\u00e9ducation \u00e0 la sant\u00e9, de pr\u00e9vention et de promotion de la sant\u00e9 en milieu \u00e9tudiant.<\/p>\n<p style=\"text-align: left;\">Place Galil\u00e9e, 6<br \/>\n1348 Ottignies-Louvain-la-Neuve<br \/>\n010\/47.28.28<\/p>\n"},{"exp_item_title":"<p>Mons<\/p>\n","exp_item_texte":"<p><a href=\"http:\/\/www.mons.be\/vivre-a-mons\/cadre-de-vie\/prevention\/reseau-partenaires\/collectif-sante-mons-borinage\" target=\"_blank\" rel=\"noopener\"><strong>Collectif Sant\u00e9 Mons Borinage<\/strong><\/a><br \/>\nRue de la Seuwe, 15<br \/>\n7000 Mons<br \/>\n0492\/91.90.16<\/p>\n"},{"exp_item_title":"<p>Li\u00e8ge<\/p>\n","exp_item_texte":"<p><a href=\"https:\/\/centre-s.be\/\"><b>Centre S<\/b><\/a><br \/>\nD\u00e9pistage IST, anonyme et gratuit.<\/p>\n<p>Quai Godefroid Kurth 45<br \/>\n4020 Li\u00e8ge<br \/>\n<span aria-label=\"Appeler le 04 287 67 00\">04\/287 67 00<\/span><\/p>\n"}]},{"acf_fc_layout":"text2cols","background_color":false,"title":"Les organismes th\u00e9matiques","col_left":"<p>Les associations de pr\u00e9vention et de lutte contre les discriminations \u00e0 l\u2019attention de publics sp\u00e9cifiques.<\/p>\n<p style=\"text-align: left;\"><a href=\"https:\/\/www.genrespluriels.be\/\" target=\"_blank\" rel=\"noopener\"><strong>Genres Pluriels<\/strong><\/a><br \/>\nGenres Pluriels est une association \u0153uvrant au soutien, \u00e0 la visibilisation, \u00e0 la valorisation, \u00e0 l\u2019am\u00e9lioration des droits et \u00e0 la lutte contre les discriminations qui s\u2019exercent \u00e0 l\u2019encontre des personnes transgenres\/aux genres fluides (personnes en transition, drag kings\/drag queens, tra(ns)vesti.e.s, butchs, androgynes, queer,\u2026) et intersex(u\u00e9)es.<\/p>\n<p style=\"text-align: left;\">Rue des Grands Carmes, 22<br \/>\n1000 Bruxelles<br \/>\n0487\/63.23.43<\/p>\n<p><strong><a href=\"http:\/\/www.modusvivendi-be.org\/\" target=\"_blank\" rel=\"noopener\">Modus Vivendi<\/a><\/strong><br \/>\nPr\u00e9vention \u00e0 l\u2019attention des <strong>usagers de drogues.<\/strong><strong><br \/>\n<\/strong><\/p>\n<p>Rue Jourdan, 151<br \/>\n1060 Bruxelles<br \/>\n02\/644.22.00<\/p>\n<p><a href=\"http:\/\/espacep.be\/\" target=\"_blank\" rel=\"noopener\"><strong>Espace P<\/strong><\/a><br \/>\nPr\u00e9vention \u00e0 l\u2019attention des <strong>prostitu\u00e9s<\/strong> <strong>(hommes &amp; femmes), <\/strong><strong>des travailleurs du sexe et de leurs client.es.<\/strong><\/p>\n<p>L\u2019antenne bruxelloise est situ\u00e9e<br \/>\nRue des Plantes, 116<br \/>\n1030 Bruxelles<br \/>\n(\u00e0 200m de la gare de Bruxelles-Nord)<\/p>\n<ul>\n<li>Bruxelles : 02\/219.98.74<\/li>\n<li>Li\u00e8ge : 04\/221.05.09<\/li>\n<li>Charleroi : 071\/30.98.10<\/li>\n<li>Namur : 081\/77.68.21<\/li>\n<li>Mons : 065\/84.70.09<\/li>\n<li>Arlon : 0475\/66.27.74<\/li>\n<\/ul>\n","col_right":"<p><strong><a href=\"http:\/\/www.alias-bru.be\/\" target=\"_blank\" rel=\"noopener\">Alias<\/a><\/strong><br \/>\nProjet d\u2019accompagnement psycho-m\u00e9dico-social de qualit\u00e9 destin\u00e9 sp\u00e9cifiquement aux hommes prostitu\u00e9s \u00e0 Bruxelles. Et prioritairement ax\u00e9 sur la promotion de la sant\u00e9, en ce compris les aspects de pr\u00e9vention et de r\u00e9duction des risques, l\u2019acc\u00e8s aux soins de sant\u00e9 et aux droits sociaux pour le public.<\/p>\n<p>Rue du March\u00e9 au Charbon, 33<br \/>\n1000 Bruxelles<br \/>\n0484\/60.52.18<\/p>\n<p style=\"text-align: left;\"><strong><a href=\"http:\/\/rainbowhouse.be\/fr\/\" target=\"_blank\" rel=\"noopener\">Maison Arc-en-ciel<\/a><br \/>\n<\/strong>La Maison Arc-en-Ciel abrite diff\u00e9rentes associations francophones et n\u00e9erlandophones LGBTQI (Lesbiennes, Gays, Bisexuel(le)s, Transgenres, Queer, Intersexes) de la r\u00e9gion de Bruxelles.<\/p>\n<p style=\"text-align: left;\">Rue du March\u00e9 au Charbon, 42<br \/>\n1000 Bruxelles<br \/>\n02\/503.59.90<\/p>\n<p><strong><a href=\"https:\/\/www.o-yes.be\/\" target=\"_blank\" rel=\"noopener\">O\u2019yes<\/a><\/strong><br \/>\nPr\u00e9vention <strong>pour les jeunes par les jeunes.<\/strong><\/p>\n<p>Square de l\u2019aviation, 7A<br \/>\n1070 Anderlecht<br \/>\n02\/303.82.14<\/p>\n<p><strong><a href=\"http:\/\/www.ses-asbl.be\/\" target=\"_blank\" rel=\"noopener\">Service \u00e9ducation pour la sant\u00e9<\/a><\/strong><br \/>\nPr\u00e9vention \u00e0 l\u2019attention <strong>des d\u00e9tenu.es<\/strong><\/p>\n<p>Chauss\u00e9e de Waremme, 139<br \/>\n4500 Huy<br \/>\n085\/21.25.76<\/p>\n"},{"acf_fc_layout":"textfull","text":"<h2>Les organismes de nature diff\u00e9rente<\/h2>\n<p style=\"text-align: left;\"><strong>CHAC, Carrefour H\u00e9patites<br \/>\n<\/strong>Le CHAC asbl veut \u00eatre un trait-d\u2019union entre les diff\u00e9rents acteurs (scientifiques, m\u00e9dicaux, sociaux, administratifs et politiques) qui luttent pour am\u00e9liorer la qualit\u00e9 de vie du malade.<\/p>\n<p style=\"text-align: left;\">Poisson-Moulin, 3B<br \/>\n6640 Vaux-sur-S\u00fbre<br \/>\n061\/26.68.90<\/p>\n<p style=\"text-align: left;\"><a href=\"http:\/\/www.observatoire-sidasexualites.be\/\" target=\"_blank\" rel=\"noopener\"><strong>Observatoire du Sida et Sexualit\u00e9s<\/strong><\/a><br \/>\nL\u2019objectif g\u00e9n\u00e9ral du programme de l\u2019Observatoire est de contribuer \u00e0 l\u2019am\u00e9lioration de la qualit\u00e9 des projets et de la politique de pr\u00e9vention du Sida et de promotion de la sant\u00e9 (et en particulier les projets de promotion de la sant\u00e9 sexuelle) en Communaut\u00e9 fran\u00e7aise.<\/p>\n<p>Universit\u00e9 Libre de Bruxelles &#8211; Facult\u00e9 des Sciences Psychologiques et de l\u2019\u00c9ducation<br \/>\nAv. F. D. Roosevelt, 50 &#8211; CP 122<br \/>\n1050 Bruxelles<\/p>\n<p style=\"text-align: left;\"><a href=\"http:\/\/www.luss.be\/\" target=\"_blank\" rel=\"noopener\"><strong>LUSS<\/strong> <\/a><br \/>\n(Ligue des Usagers des Services de Sant\u00e9)<br \/>\nF\u00e9d\u00e9ration francophone ind\u00e9pendante d\u2019associations de patients en Communaut\u00e9 fran\u00e7aise.<\/p>\n<p style=\"text-align: left;\">Avenue Sergent Vrithoff, 123<br \/>\n5000 Namur<br \/>\n081\/74.44.28<\/p>\n<p style=\"text-align: left;\"><strong><a href=\"http:\/\/www.diversite.be\/\" target=\"_blank\" rel=\"noopener\">Centre pour l\u2019\u00e9galit\u00e9 des chances et la lutte contre le racisme<\/a><br \/>\n<\/strong>Pour obtenir des conseils sur des questions de racisme, de s\u00e9jour, et\/ou de discrimination bas\u00e9e, par exemple, sur l\u2019\u00e9tat de sant\u00e9 actuel ou futur.<\/p>\n<p style=\"text-align: left;\">Rue Royale, 138<br \/>\n1000 Bruxelles<br \/>\n0800\/12.800<\/p>\n","background_color":false},{"acf_fc_layout":"textfull","text":"","background_color":false}]},"_links":{"self":[{"href":"https:\/\/www.vivreaveclevih.org\/fr\/wp-json\/wp\/v2\/pages\/9511","targetHints":{"allow":["GET"]}}],"collection":[{"href":"https:\/\/www.vivreaveclevih.org\/fr\/wp-json\/wp\/v2\/pages"}],"about":[{"href":"https:\/\/www.vivreaveclevih.org\/fr\/wp-json\/wp\/v2\/types\/page"}],"author":[{"embeddable":true,"href":"https:\/\/www.vivreaveclevih.org\/fr\/wp-json\/wp\/v2\/users\/1"}],"replies":[{"embeddable":true,"href":"https:\/\/www.vivreaveclevih.org\/fr\/wp-json\/wp\/v2\/comments?post=9511"}],"version-history":[{"count":3,"href":"https:\/\/www.vivreaveclevih.org\/fr\/wp-json\/wp\/v2\/pages\/9511\/revisions"}],"predecessor-version":[{"id":11916,"href":"https:\/\/www.vivreaveclevih.org\/fr\/wp-json\/wp\/v2\/pages\/9511\/revisions\/11916"}],"up":[{"embeddable":true,"href":"https:\/\/www.vivreaveclevih.org\/fr\/wp-json\/wp\/v2\/pages\/35"}],"wp:attachment":[{"href":"https:\/\/www.vivreaveclevih.org\/fr\/wp-json\/wp\/v2\/media?parent=9511"}],"curies":[{"name":"wp","href":"https:\/\/api.w.org\/{rel}","templated":true}]}}