{"id":9513,"date":"2021-07-07T20:55:35","date_gmt":"2021-07-07T20:55:35","guid":{"rendered":"https:\/\/www.vivreaveclevih.org\/?page_id=9513"},"modified":"2026-03-09T12:53:44","modified_gmt":"2026-03-09T11:53:44","slug":"associations-vih","status":"publish","type":"page","link":"https:\/\/www.vivreaveclevih.org\/fr\/liens-utiles\/associations-vih\/","title":{"rendered":"Associations VIH"},"content":{"rendered":"","protected":false},"excerpt":{"rendered":"","protected":false},"author":1,"featured_media":0,"parent":35,"menu_order":0,"comment_status":"closed","ping_status":"closed","template":"","meta":{"_acf_changed":false,"footnotes":""},"class_list":["post-9513","page","type-page","status-publish","hentry"],"acf":{"sidebar":211,"contenu_flexible":[{"acf_fc_layout":"textfull","text":"<p>Vous trouverez ici les coordonn\u00e9es des associations qui accompagnent les personnes vivant avec le VIH :<\/p>\n","background_color":false},{"acf_fc_layout":"multiplecol","multiple_title":"","cols":[{"col_image":9978,"col_title":"","col_content":"<p><a href=\"https:\/\/www.sensoa.be\/\" target=\"_blank\" rel=\"noopener\"><strong>Sensoa<\/strong><\/a><br \/>\nPresident Building<br \/>\nF. Rooseveltplaats, 12 (vijfde verdieping)<br \/>\n2060 Antwerpen<br \/>\n(bus 7)<br \/>\n03\/238.68.68<\/p>\n"},{"col_image":9972,"col_title":"","col_content":"<p><a href=\"http:\/\/www.aideinfosida.be\/index2.php\" target=\"_blank\" rel=\"noopener\"><strong>Aide Info Sida<\/strong><\/a><br \/>\nEspace de rencontres et d\u2019entraide.<br \/>\nLe <strong>Libre Espace<\/strong> (groupe d\u2019entraide) est ouvert tous les 2<sup>\u00e8mes<\/sup>\u00a0vendredis du mois de 19h \u00e0 22h aux personnes vivant avec le VIH.<br \/>\nBoissons gratuites (sans alcool) et petites choses \u00e0 grignoter dans une ambiance de discussion sympa.<\/p>\n<p>T\u00e9l gratuit : 0800 20 120 tous les jours de<strong> 18h \u00e0 21h, <\/strong>des b\u00e9n\u00e9voles form\u00e9s r\u00e9pondent \u00e0 vos questions sur le VIH-sida.<\/p>\n"},{"col_image":9987,"col_title":"","col_content":"<p><a href=\"https:\/\/pointsrelaissida.jimdo.com\/\" target=\"_blank\" rel=\"noopener\"><strong>Service de Sant\u00e9 affective, sexuelle et r\u00e9duction des risques<\/strong><\/a><br \/>\nAccueil, \u00e9coute, expertise en mati\u00e8re de sida, IST, assu\u00e9tudes, aide aux malades.<br \/>\nD\u00e9pistage anonyme et gratuit sans RDV le mardi de 16h \u00e0 18h et le jeudi de 17h \u00e0 19h.<\/p>\n<p>Rue Docteur Haibe, 4<br \/>\n5002 Saint-Servais<br \/>\n081\/77.68.20<\/p>\n"},{"col_image":9974,"col_title":"","col_content":"<p><a href=\"http:\/\/www.sida-charleroimons.be\/\" target=\"_blank\" rel=\"noopener\"><strong>Sida-IST Charleroi-Mons<\/strong><\/a><br \/>\nAccueil, \u00e9coute, information, d\u00e9pistage sur RDV et suivi psycho m\u00e9dico-social des patient.es vivants avec le VIH.<\/p>\n<p>Boulevard Zo\u00e9 Drion, 1<br \/>\n6000 Charleroi<br \/>\n071\/92.54.10<\/p>\n"},{"col_image":9983,"col_title":"","col_content":"<p style=\"text-align: left;\"><a href=\"http:\/\/www.hivsam.be\/\"><b>Muungano Boekenberglei<\/b><\/a><br \/>\nCharles de Costerlaan 21<br \/>\n2050 Anvers<br \/>\n0488\/33.37.27<br \/>\n0479\/40.03.89<\/p>\n<p style=\"text-align: left;\">\n"},{"col_image":9975,"col_title":"","col_content":"<p><strong><a href=\"https:\/\/www.exaequo.be\/fr\/\" target=\"_blank\" rel=\"noopener\">Ex-Aequo<\/a><\/strong><br \/>\nPr\u00e9vention \u00e0 l\u2019attention des <strong>hommes ayant des relations sexuelles avec d\u2019autres hommes.<\/strong><br \/>\nD\u00e9pistage rapide, gratuit, anonyme de la syphilis sur RDV.<\/p>\n<p><strong>TEA+ :\u00a0<\/strong>une rencontre entre potes\u00a0autour d&rsquo;un sujet d&rsquo;actualit\u00e9 touchant au\u00a0VIH,\u00a0partage d&rsquo;exp\u00e9riences, g\u00e2teaux et ambiance relax\u00a0<strong>en toute\u00a0confidentialit\u00e9<\/strong>\u00a0! \ud83d\ude42<\/p>\n<p>Rue des Grands Carmes, 20<br \/>\n1000 Bruxelles<br \/>\n02\/736.28.61<\/p>\n"},{"col_image":9982,"col_title":"","col_content":"<p style=\"text-align: left;\"><a href=\"http:\/\/www.hivsam.be\/\"><b>HIV-SAM Project<\/b><\/a><br \/>\nNationalestraat 155<br \/>\n2000 Anvers<br \/>\n03\/247.64.81<br \/>\n0479\/50.03.98<\/p>\n<p style=\"text-align: left;\">\n"},{"col_image":1235,"col_title":"","col_content":"<p style=\"text-align: left;\"><a href=\"http:\/\/www.lhiving.be\/index.php?fr\" target=\"_blank\" rel=\"noopener\"><strong>Lhiving<\/strong><\/a><br \/>\nAccompagnement de personnes d\u00e9favoris\u00e9es et vivant avec le VIH, leur famille et\/ou leur entourage imm\u00e9diat : habitation, bien-\u00eatre psychique et physique, probl\u00e8mes d\u2019administration, statut du s\u00e9jour, \u00e9ducation et scolarisation des enfants, guidance vers la formation et l\u2019emploi.<\/p>\n<p style=\"text-align: left;\">Rue P\u00f4le, 2<br \/>\n1210 Saint Joost ten Node<br \/>\n02\/201.14.19<\/p>\n"},{"col_image":9831,"col_title":"","col_content":"<p style=\"text-align: left;\"><a href=\"https:\/\/www.collectifdesfemmes.be\/nyampinga-vih-sida\/\"><b>Projet Nyampinga<\/b><\/a><\/p>\n<p>Accompagnement des femmes vivant avec le VIH \u00e0 travers l\u2019organisation de groupes de parole et un accompagnement social de proximit\u00e9. Leur action s\u2019inscrit dans une logique de continuit\u00e9 et de compl\u00e9mentarit\u00e9 de la prise en charge globale, en soutenant les ressources personnelles, le pouvoir d\u2019agir, le lien social et le bien-\u00eatre des participantes, sans se substituer \u00e0 l\u2019accompagnement clinique ou th\u00e9rapeutique.<\/p>\n<p>L\u2019objectif est de favoriser l\u2019entraide entre pairs et de soutenir le bien-\u00eatre psychologique des femmes concern\u00e9es.<\/p>\n<p style=\"text-align: left;\">Rue de la citronnelle 71<br \/>\n1348 Louvain-la-Neuve<br \/>\n010\/46 06 11<\/p>\n"}],"nb_items":""}]},"_links":{"self":[{"href":"https:\/\/www.vivreaveclevih.org\/fr\/wp-json\/wp\/v2\/pages\/9513","targetHints":{"allow":["GET"]}}],"collection":[{"href":"https:\/\/www.vivreaveclevih.org\/fr\/wp-json\/wp\/v2\/pages"}],"about":[{"href":"https:\/\/www.vivreaveclevih.org\/fr\/wp-json\/wp\/v2\/types\/page"}],"author":[{"embeddable":true,"href":"https:\/\/www.vivreaveclevih.org\/fr\/wp-json\/wp\/v2\/users\/1"}],"replies":[{"embeddable":true,"href":"https:\/\/www.vivreaveclevih.org\/fr\/wp-json\/wp\/v2\/comments?post=9513"}],"version-history":[{"count":3,"href":"https:\/\/www.vivreaveclevih.org\/fr\/wp-json\/wp\/v2\/pages\/9513\/revisions"}],"predecessor-version":[{"id":12206,"href":"https:\/\/www.vivreaveclevih.org\/fr\/wp-json\/wp\/v2\/pages\/9513\/revisions\/12206"}],"up":[{"embeddable":true,"href":"https:\/\/www.vivreaveclevih.org\/fr\/wp-json\/wp\/v2\/pages\/35"}],"wp:attachment":[{"href":"https:\/\/www.vivreaveclevih.org\/fr\/wp-json\/wp\/v2\/media?parent=9513"}],"curies":[{"name":"wp","href":"https:\/\/api.w.org\/{rel}","templated":true}]}}