{"id":967,"date":"2019-09-18T10:39:38","date_gmt":"2019-09-18T08:39:38","guid":{"rendered":"https:\/\/www.vivreaveclevih.org\/?page_id=967"},"modified":"2024-04-24T13:08:00","modified_gmt":"2024-04-24T11:08:00","slug":"les-traitements-contre-le-vih","status":"publish","type":"page","link":"https:\/\/www.vivreaveclevih.org\/fr\/traitement\/vih\/les-traitements-contre-le-vih\/","title":{"rendered":"Les traitements contre le VIH"},"content":{"rendered":"<p><img loading=\"lazy\" decoding=\"async\" class=\"aligncenter wp-image-10127\" src=\"https:\/\/www.vivreaveclevih.org\/wp-content\/uploads\/2021\/08\/bulle2-e1630320017262.png\" alt=\"\" width=\"459\" height=\"201\" srcset=\"https:\/\/www.vivreaveclevih.org\/wp-content\/uploads\/2021\/08\/bulle2-e1630320017262.png 800w, https:\/\/www.vivreaveclevih.org\/wp-content\/uploads\/2021\/08\/bulle2-e1630320017262-300x131.png 300w, https:\/\/www.vivreaveclevih.org\/wp-content\/uploads\/2021\/08\/bulle2-e1630320017262-768x336.png 768w, https:\/\/www.vivreaveclevih.org\/wp-content\/uploads\/2021\/08\/bulle2-e1630320017262-500x219.png 500w\" sizes=\"auto, (max-width: 459px) 100vw, 459px\" \/><\/p>\n<p>Le traitement de l\u2019infection \u00e0 <strong><a href=\"https:\/\/www.vivreaveclevih.org\/fr\/vih\/le-vih-cest-quoi\/\">VIH<\/a><\/strong> repose sur l\u2019utilisation d\u2019une association de plusieurs m\u00e9dicaments, connus sous le nom de m\u00e9dicaments antir\u00e9troviraux. Les m\u00e9dicaments antir\u00e9troviraux agissent en\u00a0<strong>bloquant la multiplication du VIH et en am\u00e9liorant votre syst\u00e8me immunitaire (CD4).<\/strong> Le traitement permet de diminuer la quantit\u00e9 de virus dans votre sang <strong>(<a href=\"https:\/\/www.vivreaveclevih.org\/fr\/vih\/la-charge-virale-cest-quoi\/\">charge virale<\/a>)<\/strong> <strong>jusqu\u2019 \u00e0 un niveau si bas qu\u2019il ne peut plus \u00eatre d\u00e9tect\u00e9 en laboratoire (<a href=\"https:\/\/www.vivreaveclevih.org\/fr\/protection\/indetectable-intransmissible-ou-ii\/\">charge virale ind\u00e9tectable<\/a>). <\/strong>D\u2019o\u00f9 l\u2019importance de le prendre en continu comme indiqu\u00e9 par votre m\u00e9decin pour pouvoir b\u00e9n\u00e9ficier de son efficacit\u00e9.<\/p>\n<p><strong>De nos jours, <\/strong>les traitements antir\u00e9troviraux se sont consid\u00e9rablement simplifi\u00e9s puisque, aujourd\u2019hui, la majorit\u00e9 des patient\u00b7es peuvent \u00eatre trait\u00e9\u00b7es avec 1 \u00e0 3 pilules\/jour en une seule prise. Il est \u00e9galement possible de recevoir ce <a href=\"https:\/\/www.vivreaveclevih.org\/fr\/je-vis-avec-le-vih\/le-traitement-anti-vih-par-injection\/\">traitement par injection<\/a> sous certaines conditions, une fois tous les 2 mois.<\/p>\n<p><a class=\"readmore\" href=\"https:\/\/www.vivreaveclevih.org\/fr\/je-vis-avec-le-vih\/le-traitement-anti-vih-par-injection\/\">Pour en savoir plus sur les traitements par injection<\/a><\/p>\n<p>Pour rappel, <strong>aucun traitement ne gu\u00e9rit du VIH\/SIDA<\/strong>, mais ils permettent \u00e0 la majorit\u00e9 des personnes s\u00e9ropositives de mener une vie quasi normale et d\u2019avoir une esp\u00e9rance de vie proche de la population g\u00e9n\u00e9rale.<\/p>\n<p>Depuis plusieurs ann\u00e9es, on sait que les traitements antir\u00e9troviraux sont efficaces pour freiner l\u2019\u00e9volution de la maladie, r\u00e9duire son impact sur votre corps et augmenter votre qualit\u00e9 de vie. Ils emp\u00eachent de plus la <a href=\"https:\/\/www.vivreaveclevih.org\/fr\/vih\/comment-se-transmet-le-vih\/\"><strong>transmission du VIH<\/strong><\/a> \u00e0 votre\u00b7vos partenaire\u00b7s lors de relations sexuelles non prot\u00e9g\u00e9es mais \u00e9galement la transmission du virus \u00e0 votre <a href=\"https:\/\/www.vivreaveclevih.org\/fr\/protection\/proteger-son-enfant-durant-la-grossesse\/\"><strong>enfant durant la grossesse<\/strong><\/a> et l\u2019accouchement.<\/p>\n","protected":false},"excerpt":{"rendered":"<p>Le traitement de l\u2019infection \u00e0 VIH repose sur l\u2019utilisation d\u2019une association de plusieurs m\u00e9dicaments, connus sous le nom de m\u00e9dicaments antir\u00e9troviraux. Les m\u00e9dicaments antir\u00e9troviraux agissent en\u00a0bloquant la multiplication du VIH et en am\u00e9liorant votre syst\u00e8me immunitaire (CD4). Le traitement permet de diminuer la quantit\u00e9 de virus dans votre sang (charge virale) jusqu\u2019 \u00e0 un niveau si bas qu\u2019il ne peut plus \u00eatre d\u00e9tect\u00e9 en laboratoire (charge virale ind\u00e9tectable). D\u2019o\u00f9 l\u2019importance de le prendre en continu comme indiqu\u00e9 par votre m\u00e9decin pour pouvoir b\u00e9n\u00e9ficier de son efficacit\u00e9. De nos jours, les traitements antir\u00e9troviraux se sont consid\u00e9rablement simplifi\u00e9s puisque, aujourd\u2019hui, la majorit\u00e9 des patient\u00b7es peuvent \u00eatre trait\u00e9\u00b7es avec 1 \u00e0 3 pilules\/jour en une seule prise. Il est \u00e9galement possible de recevoir ce traitement par injection sous certaines conditions, une fois tous les 2 mois. Pour en savoir plus sur les traitements par injection Pour rappel, aucun traitement ne gu\u00e9rit du VIH\/SIDA, [&hellip;]<\/p>\n","protected":false},"author":1,"featured_media":0,"parent":3598,"menu_order":0,"comment_status":"closed","ping_status":"closed","template":"","meta":{"_acf_changed":false,"footnotes":""},"class_list":["post-967","page","type-page","status-publish","hentry"],"acf":{"sidebar":211,"contenu_flexible":[{"acf_fc_layout":"doubleblock","content_block_left":"<h2>Quand commencer son traitement\u00a0?<\/h2>\n<p><strong>En Belgique, le traitement antir\u00e9troviral est recommand\u00e9 d\u00e8s qu&rsquo;on apprend sa s\u00e9ropositivit\u00e9 et quel que soit le niveau de CD4.<\/strong> Pour la r\u00e9ussite de votre traitement et pour votre bien \u00eatre, il est toutefois important de vous sentir pr\u00eat\u00b7e \u00e0 le prendre. Vous pouvez en discuter avec votre m\u00e9decin, exprimer toutes vos craintes et poser vos questions.<\/p>\n","background_color_left":false,"content_block_right":"<h2>Pourquoi prendre un traitement\u00a0?<\/h2>\n<p>Bien qu\u2019il n\u2019existe pas encore de traitement qui permette de gu\u00e9rir du VIH, les antir\u00e9troviraux vous permettent de rester en bonne sant\u00e9 en renfor\u00e7ant votre syst\u00e8me immunitaire et d\u2019avoir une esp\u00e9rance de vie proche de celle de la population g\u00e9n\u00e9rale. <strong>Ils permettent surtout de r\u00e9duire votre charge virale jusqu\u2019\u00e0 un niveau ind\u00e9tectable et donc de supprimer le risque de transmission.<\/strong><\/p>\n","background_color_right":false},{"acf_fc_layout":"imagefull","image":968,"text":""},{"acf_fc_layout":"textfull","text":"<p><a class=\"btn-center\" href=\"https:\/\/www.vivreaveclevih.org\/fr\/protection\/indetectable-intransmissible-ou-ii\/\">tout savoir sur \u00abInd\u00e9tectable = Intransmissible\u00bb ou \u00ab i=i \u00bb<\/a><\/p>\n<h2>Comment fonctionnent les traitements\u00a0?<\/h2>\n<p><strong>Le VIH infecte principalement les cellules du syst\u00e8me immunitaire (notre syst\u00e8me de d\u00e9fense) appel\u00e9es lymphocytes CD4.<\/strong> Pendant les premi\u00e8res ann\u00e9es de l\u2019infection par le VIH et en l\u2019absence de traitement, le nombre de cellules CD4 chute progressivement et le syst\u00e8me immunitaire s\u2019affaiblit. Il devient alors incapable de lutter contre les infections et vous pourriez alors d\u00e9velopper des maladies\u00a0: c\u2019est le stade <a href=\"https:\/\/www.vivreaveclevih.org\/fr\/vih\/le-vih-cest-quoi\/\"><strong>sida<\/strong><\/a>.<\/p>\n<p>Les traitements agissent de diverses fa\u00e7ons en fonction des mol\u00e9cules qu\u2019ils contiennent.<\/p>\n","background_color":false},{"acf_fc_layout":"textfull","text":"<h2 style=\"text-align: left;\">Le traitement emp\u00eache le virus d\u2019entrer dans la cellule CD4<\/h2>\n","background_color":false},{"acf_fc_layout":"imagefull","image":976,"text":""},{"acf_fc_layout":"textfull","text":"<h2 style=\"text-align: left;\">Le traitement emp\u00eache le virus de se multiplier dans la cellule CD4<\/h2>\n","background_color":false},{"acf_fc_layout":"imagefull","image":978,"text":""},{"acf_fc_layout":"textfull","text":"<h2 style=\"text-align: left;\">Le traitement emp\u00eache le virus de sortir de la cellule et d\u2019infecter d\u2019autres cellules CD4<\/h2>\n","background_color":false},{"acf_fc_layout":"imagefull","image":972,"text":""},{"acf_fc_layout":"textfull","text":"<h2 style=\"text-align: left;\">Le traitement endort le virus (le rend ind\u00e9tectable). Une fois le virus endormi, vous ne pouvez plus transmettre le VIH lors de relations sexuelles<\/h2>\n","background_color":false},{"acf_fc_layout":"imagefull","image":974,"text":""},{"acf_fc_layout":"doubleblock","content_block_left":"<h2>Quels sont les effets ind\u00e9sirables possibles\u00a0?<\/h2>\n<p>Les effets ind\u00e9sirables des traitements varient selon la personne et les antir\u00e9troviraux qu\u2019elle prend. Certains effets secondaires sont li\u00e9s au fait que votre organisme s\u2019habitue \u00e0 ce nouveau traitement (les troubles gastro-intestinaux par exemple), d\u2019autres sont provoqu\u00e9s par le m\u00e9dicament (comme la prise de poids). <strong>Ces effets ind\u00e9sirables sont toutefois devenus rares<\/strong>. Les nouveaux traitements sont mieux tol\u00e9r\u00e9s et ont un impact positif sur l\u2019esp\u00e9rance et la qualit\u00e9 de vie. Le plus important est donc de poursuivre son traitement. La plupart des effets ind\u00e9sirables disparaissent apr\u00e8s quelques jours ou semaines, mais si vous constatez qu\u2019ils persistent, vous pouvez en parler \u00e0 votre m\u00e9decin qui va d\u00e9terminer la cause et trouver une solution pour y mettre fin ou les att\u00e9nuer.<\/p>\n<p>Dans certains cas, vivre avec le VIH expose encore aujourd\u2019hui \u00e0 des complications m\u00e9taboliques qui s\u2019apparentent \u00e0 un \u00ab <a href=\"https:\/\/www.vivreaveclevih.org\/fr\/vivre-avec-le-vih\/vieillir-avec\/\"><strong>vieillissement acc\u00e9l\u00e9r\u00e9<\/strong><\/a> \u00bb, \u00e0 cause de la d\u00e9faillance du syst\u00e8me immunitaire, de l\u2019inflammation caus\u00e9e par le virus, des effets ind\u00e9sirables des traitements et des conditions de vie (mauvaise hygi\u00e8ne de vie, isolement, stigmatisation, rejet, d\u00e9pression, etc.). N\u2019h\u00e9sitez pas \u00e0 en parler avec votre m\u00e9decin sp\u00e9cialiste qui pourra vous aider.<\/p>\n<p><img loading=\"lazy\" decoding=\"async\" class=\"aligncenter wp-image-10125\" src=\"https:\/\/www.vivreaveclevih.org\/wp-content\/uploads\/2021\/08\/bulle0-e1630319996964.png\" alt=\"\" width=\"574\" height=\"251\" srcset=\"https:\/\/www.vivreaveclevih.org\/wp-content\/uploads\/2021\/08\/bulle0-e1630319996964.png 800w, https:\/\/www.vivreaveclevih.org\/wp-content\/uploads\/2021\/08\/bulle0-e1630319996964-300x131.png 300w, https:\/\/www.vivreaveclevih.org\/wp-content\/uploads\/2021\/08\/bulle0-e1630319996964-768x336.png 768w, https:\/\/www.vivreaveclevih.org\/wp-content\/uploads\/2021\/08\/bulle0-e1630319996964-500x219.png 500w\" sizes=\"auto, (max-width: 574px) 100vw, 574px\" \/><\/p>\n<p>&nbsp;<\/p>\n","background_color_left":false,"content_block_right":"<h2>Comment bien prendre son traitement\u00a0?<\/h2>\n<p><img loading=\"lazy\" decoding=\"async\" class=\"aligncenter wp-image-10124\" src=\"https:\/\/www.vivreaveclevih.org\/wp-content\/uploads\/2021\/08\/bulle-e1630319983884.png\" alt=\"\" width=\"579\" height=\"253\" srcset=\"https:\/\/www.vivreaveclevih.org\/wp-content\/uploads\/2021\/08\/bulle-e1630319983884.png 800w, https:\/\/www.vivreaveclevih.org\/wp-content\/uploads\/2021\/08\/bulle-e1630319983884-300x131.png 300w, https:\/\/www.vivreaveclevih.org\/wp-content\/uploads\/2021\/08\/bulle-e1630319983884-768x336.png 768w, https:\/\/www.vivreaveclevih.org\/wp-content\/uploads\/2021\/08\/bulle-e1630319983884-500x219.png 500w\" sizes=\"auto, (max-width: 579px) 100vw, 579px\" \/><\/p>\n<p><strong>Pour que votre traitement soit efficace, vous devez le prendre tous les jours, sans interruption, et \u00e0 la m\u00eame heure, comme indiqu\u00e9 par votre m\u00e9decin.<\/strong> La prise correcte de votre traitement vous permettra d\u2019atteindre et de maintenir votre charge virale ind\u00e9tectable. Les oublis r\u00e9p\u00e9titifs et les sauts de prise peuvent entra\u00eener une r\u00e9sistance du virus aux traitements (devenue rare) et donc un \u00e9chec de votre traitement. Si vous ne parvenez pas \u00e0 observer votre traitement (c\u2019est-\u00e0-dire \u00e0 prendre tous vos m\u00e9dicaments selon l\u2019horaire \u00e9tabli et sans manquer de doses), parlez-en \u00e0 votre m\u00e9decin sans honte ni crainte de jugement afin d\u2019\u00e9valuer les raisons et trouver des solutions pour y rem\u00e9dier. <strong>L\u2019essentiel est de prendre correctement votre traitement pour atteindre une charge virale ind\u00e9tectable, rester en bonne sant\u00e9 et ne pas transmettre le virus<\/strong> \u00e0 votre\u00b7vos partenaire\u00b7s ou \u00e0 votre\u00b7vos futur\u00b7es enfant\u00b7s.<\/p>\n<p>Certains m\u00e9dicaments doivent \u00eatre pris \u00e0 jeun tandis que d&rsquo;autres peuvent \u00eatre pris sans aucune restriction alimentaire. \u00c0 vous de choisir en fonction de votre emploi du temps et\/ou de votre mode de vie et en accord avec votre m\u00e9decin ou l\u2019infirmi\u00e8r\u00b7e le moment ad\u00e9quat pour la prise de votre traitement. <strong>Si vous oubliez une dose, prenez-la d\u00e8s que vous vous en rappelez m\u00eame si c\u2019est plus tard dans la journ\u00e9e<\/strong>. Si vous vous en rappelez au moment de la prise suivante, n&rsquo;en prenez qu&rsquo;une seule, il est inutile de prendre une double dose.<\/p>\n","background_color_right":true},{"acf_fc_layout":"textfull","text":"<h2>J\u2019ai entendu parler de l\u2019all\u00e8gement et de la simplification th\u00e9rapeutique, qu\u2019est-ce que c\u2019est\u00a0?<\/h2>\n<p>Les avanc\u00e9es m\u00e9dicales permettent aujourd\u2019hui, dans certains cas, de r\u00e9duire le nombre de mol\u00e9cules, et de passer d\u2019une trith\u00e9rapie \u00e0 une bith\u00e9rapie, voire exceptionnellement \u00e0 une monoth\u00e9rapie. <b>C\u2019est ce qu\u2019on appelle all\u00e8gement th\u00e9rapeutique<\/b>. Concr\u00e8tement, il s\u2019agit de proposer une combinaison de mol\u00e9cules facile \u00e0 prendre, suffisamment efficace sur le long terme et avec le moins d\u2019effets ind\u00e9sirables possibles.<\/p>\n<p><strong>La simplification th\u00e9rapeutique<\/strong> quant \u00e0 elle consiste \u00e0 prendre moins de comprim\u00e9s, soit parce que les mol\u00e9cules sont regroup\u00e9es en moins de pilules, soit parce que les prises sont espac\u00e9es. Dans les deux cas, le\u00b7la m\u00e9decin veillera \u00e0 ce que vous adh\u00e9riez toujours bien \u00e0 votre traitement.<\/p>\n","background_color":false},{"acf_fc_layout":"video","video_id":"zr4v6LBEDD8"}]},"_links":{"self":[{"href":"https:\/\/www.vivreaveclevih.org\/fr\/wp-json\/wp\/v2\/pages\/967","targetHints":{"allow":["GET"]}}],"collection":[{"href":"https:\/\/www.vivreaveclevih.org\/fr\/wp-json\/wp\/v2\/pages"}],"about":[{"href":"https:\/\/www.vivreaveclevih.org\/fr\/wp-json\/wp\/v2\/types\/page"}],"author":[{"embeddable":true,"href":"https:\/\/www.vivreaveclevih.org\/fr\/wp-json\/wp\/v2\/users\/1"}],"replies":[{"embeddable":true,"href":"https:\/\/www.vivreaveclevih.org\/fr\/wp-json\/wp\/v2\/comments?post=967"}],"version-history":[{"count":6,"href":"https:\/\/www.vivreaveclevih.org\/fr\/wp-json\/wp\/v2\/pages\/967\/revisions"}],"predecessor-version":[{"id":11614,"href":"https:\/\/www.vivreaveclevih.org\/fr\/wp-json\/wp\/v2\/pages\/967\/revisions\/11614"}],"up":[{"embeddable":true,"href":"https:\/\/www.vivreaveclevih.org\/fr\/wp-json\/wp\/v2\/pages\/3598"}],"wp:attachment":[{"href":"https:\/\/www.vivreaveclevih.org\/fr\/wp-json\/wp\/v2\/media?parent=967"}],"curies":[{"name":"wp","href":"https:\/\/api.w.org\/{rel}","templated":true}]}}