{"id":9720,"date":"2021-07-19T13:34:35","date_gmt":"2021-07-19T11:34:35","guid":{"rendered":"https:\/\/www.vivreaveclevih.org\/?page_id=9720"},"modified":"2021-09-06T16:50:07","modified_gmt":"2021-09-06T14:50:07","slug":"je-vis-avec-le-vih","status":"publish","type":"page","link":"https:\/\/www.vivreaveclevih.org\/fr\/je-vis-avec-le-vih\/","title":{"rendered":"Je vis avec le VIH"},"content":{"rendered":"","protected":false},"excerpt":{"rendered":"","protected":false},"author":1,"featured_media":0,"parent":0,"menu_order":0,"comment_status":"closed","ping_status":"closed","template":"","meta":{"_acf_changed":false,"footnotes":""},"class_list":["post-9720","page","type-page","status-publish","hentry"],"acf":{"sidebar":211,"contenu_flexible":[{"acf_fc_layout":"textfull","text":"<h2>Bonne nouvelle, les traitements \u00e9voluent !<\/h2>\n<h5>Aujourd&rsquo;hui, une personne vivant avec le VIH qui suit correctement son traitement et a une <a href=\"https:\/\/www.vivreaveclevih.org\/fr\/protection\/indetectable-intransmissible-ou-ii\/\">charge virale ind\u00e9tectable<\/a>, ne transmet le plus le VIH \u00e0 son\u00b7sa partenaire lors de rapports sexuels non prot\u00e9g\u00e9s.<\/h5>\n<p><strong>D\u00e9but 2019, le Conseil Sup\u00e9rieur de la Sant\u00e9 (CSS) a revu de son avis concernant l\u2019usage du <a href=\"https:\/\/www.vivreaveclevih.org\/fr\/protection\/le-preservatif\/\">pr\u00e9servatif<\/a> en pr\u00e9vention de la transmission du VIH chez les couples s\u00e9rodiscordants dont la personne infect\u00e9e suit un traitement antir\u00e9troviral.<\/strong> Le CSS d\u00e9clare que s\u2019il existe une relation sexuelle entre deux partenaires VIH-s\u00e9rodiscordants dont celui\u00b7celle qui est s\u00e9ropositif\u00b7ve :<\/p>\n<ul>\n<li>suit un traitement cART ayant amen\u00e9 \u00e0 un statut de non-d\u00e9tection du virus (charge virale \u2264\u00a0<strong>50 copies virales\/ml<\/strong>),<\/li>\n<li>montre une\u00a0<strong>adh\u00e9sion compl\u00e8te<\/strong>\u00a0\u00e0 son traitement et au suivi m\u00e9dical (observance th\u00e9rapeutique),<\/li>\n<\/ul>\n<p>le port du pr\u00e9servatif ne s\u2019impose d\u00e8s lors plus (par exemple dans le cadre d\u2019un souhait de procr\u00e9er, d\u2019am\u00e9lioration de la qualit\u00e9 de vie, d\u2019\u00e9panouissement de la vie sexuelle et du bien-\u00eatre du couple, etc.).<br \/>\nLorsque le statut s\u00e9rologique de l\u2019autre partenaire (non porteur\u00b7euse connu\u00b7e du VIH) pour d\u2019autres infections sexuellement transmissibles (<a href=\"https:\/\/www.vivreaveclevih.org\/fr\/ist\/les-ist-cest-quoi\/\">IST<\/a>) n\u2019est pas connu, <strong>le CSS recommande toujours l\u2019utilisation du pr\u00e9servatif dans le cadre de la pr\u00e9vention de la transmission des IST<\/strong>\u00a0comme \u00e9galement recommand\u00e9 par d\u2019autres instances m\u00e9dicales belges et internationales.<\/p>\n<p><img loading=\"lazy\" decoding=\"async\" class=\"aligncenter  wp-image-10191\" src=\"https:\/\/www.vivreaveclevih.org\/wp-content\/uploads\/2021\/09\/bulle3-e1630939787758.png\" alt=\"\" width=\"779\" height=\"341\" srcset=\"https:\/\/www.vivreaveclevih.org\/wp-content\/uploads\/2021\/09\/bulle3-e1630939787758.png 800w, https:\/\/www.vivreaveclevih.org\/wp-content\/uploads\/2021\/09\/bulle3-e1630939787758-300x131.png 300w, https:\/\/www.vivreaveclevih.org\/wp-content\/uploads\/2021\/09\/bulle3-e1630939787758-768x336.png 768w, https:\/\/www.vivreaveclevih.org\/wp-content\/uploads\/2021\/09\/bulle3-e1630939787758-500x219.png 500w\" sizes=\"auto, (max-width: 779px) 100vw, 779px\" \/><\/p>\n<p>A l\u2019heure actuelle, le <a href=\"https:\/\/www.vivreaveclevih.org\/fr\/traitement\/vih\/les-traitements-contre-le-vih\/\">traitement<\/a> antir\u00e9troviral se prend chaque jour sous forme de comprim\u00e9s. Mais la science \u00e9volue, de nouvelles fa\u00e7ons d\u2019administrer le traitement arrivent comme l&rsquo;<strong>injection<\/strong>. Celle-ci vise \u00e0 injecter \u00e0 des diff\u00e9rentes intervalles (1 injection tous les 2 \u00e0 6 mois) une combinaison de divers m\u00e9dicaments \u00e0 action prolong\u00e9e. Ces traitements sont aussi efficaces que les traitements classiques et cette avanc\u00e9e m\u00e9dicale pourrait permettre au\u00b7\u00e0 la patient\u00b7e d\u2019all\u00e9ger la prise de son traitement, car celui-ci ne lui serait pas rappel\u00e9 tous les jours.<\/p>\n<p>Aujourd\u2019hui, il est \u00e9galement possible de prendre une <strong>bith\u00e9rapie pour son traitement contre le VIH<\/strong>. L\u2019association de ces mol\u00e9cules est aussi efficace qu\u2019une trith\u00e9rapie pour supprimer la <a href=\"https:\/\/www.vivreaveclevih.org\/fr\/vih\/la-charge-virale-cest-quoi\/\">charge virale<\/a> sur une longue dur\u00e9e si le virus ne pr\u00e9sente pas de r\u00e9sistance. C\u2019est votre m\u00e9decin sp\u00e9cialiste du VIH qui d\u00e9cidera si vous pouvez b\u00e9n\u00e9ficier de telles th\u00e9rapies.<\/p>\n<p><a class=\"readmore\" href=\"https:\/\/www.catie.ca\/fr\/traitementactualites\">Pour en savoir plus sur la recherche scientifique, consultez le magazine \u00ab\u00a0Traitement Actualit\u00e9s\u00a0\u00bb\u00a0<\/a><\/p>\n<p>Si vous \u00eates int\u00e9ress\u00e9\u00b7e par l&rsquo;une de ces th\u00e9rapies, n&rsquo;h\u00e9sitez pas \u00e0 en parler avec votre m\u00e9decin sp\u00e9cialiste du VIH afin de savoir si des essais cliniques sont en cours dans votre Centre de r\u00e9f\u00e9rence VIH.<\/p>\n","background_color":false},{"acf_fc_layout":"imagetext","image":5441,"text":"<p><strong>Pour que votre traitement soit efficace, vous devez le prendre tous les jours, sans interruption, et \u00e0 la m\u00eame heure, comme indiqu\u00e9 par votre m\u00e9decin.<\/strong> La prise correcte de votre traitement vous permettra d\u2019atteindre et de maintenir votre charge virale ind\u00e9tectable. Les oublis r\u00e9p\u00e9titifs et les sauts de prise peuvent entra\u00eener une r\u00e9sistance (devenue rare) et un \u00e9chec de votre traitement. Si vous ne parvenez pas \u00e0 observer votre traitement (c\u2019est-\u00e0-dire \u00e0 prendre tous vos m\u00e9dicaments selon l\u2019horaire \u00e9tabli et sans manquer de doses), parlez-en \u00e0 votre m\u00e9decin sans honte ni crainte de jugement afin d\u2019\u00e9valuer les raisons et trouver des solutions pour y rem\u00e9dier.\u00a0<strong>L\u2019essentiel est de prendre correctement votre traitement pour atteindre une charge virale ind\u00e9tectable, rester en bonne sant\u00e9 et ne pas transmettre le virus<\/strong>\u00a0\u00e0 votre\u00b7vos partenaire\u00b7s ou \u00e0 votre\u00b7vos futur\u00b7es enfant\u00b7s.<\/p>\n<p><strong>Si vous oubliez une dose, prenez-la d\u00e8s que vous vous en rappelez m\u00eame si c\u2019est plus tard dans la journ\u00e9e<\/strong>.<\/p>\n","background_color":false,"link_image":""},{"acf_fc_layout":"doubleblock","content_block_left":"<p>Le traitement contre le VIH est compos\u00e9 de diff\u00e9rents m\u00e9dicaments qui agissent \u00e0 diff\u00e9rents moment de la r\u00e9plication du virus :<\/p>\n<ul>\n<li>Le VIH se fixe \u00e0 une cellule CD4. Les m\u00e9dicaments appel\u00e9s \u00ab <strong>inhibiteurs d\u2019entr\u00e9e<\/strong> \u00bb bloquent ce processus.<\/li>\n<li>Dans la cellule, le VIH change sa structure et passe de l\u2019ARN \u00e0 l\u2019ADN. Les m\u00e9dicaments appel\u00e9s \u00ab <strong>Inhibiteurs nucl\u00e9osidiques<\/strong> \u00bb et \u00ab <strong>Inhibiteurs non nucl\u00e9osidiques<\/strong> \u00bb l\u2019en emp\u00eachent.<\/li>\n<li>Le VIH se cache plus profond\u00e9ment dans la cellule. Les \u00ab <strong>inhibiteurs de l\u2019int\u00e9grase<\/strong> \u00bb l\u2019arr\u00eatent \u00e0 ce stade.<\/li>\n<li>Le VIH se multiplie dans la cellule. Les \u00ab <strong>inhibiteurs de prot\u00e9ase<\/strong> \u00bb le bloquent \u00e0 ce stade.<\/li>\n<\/ul>\n<p>&nbsp;<\/p>\n","background_color_left":false,"content_block_right":"<p>Il existe encore certains effets ind\u00e9sirables des traitements qui varient selon la personne et les antir\u00e9troviraux qu\u2019elle prend. Certains effets secondaires sont li\u00e9s au fait que votre organisme s\u2019habitue \u00e0 ce nouveau traitement (les troubles gastro-intestinaux par exemple), d\u2019autres sont provoqu\u00e9s par le m\u00e9dicament (comme la prise de poids). <strong>Ces effets ind\u00e9sirables sont toutefois devenus rares<\/strong>. Les nouveaux traitements sont mieux tol\u00e9r\u00e9s et ont un impact positif sur l\u2019esp\u00e9rance et la qualit\u00e9 de vie, le plus important est donc de poursuivre son traitement. La plupart des effets ind\u00e9sirables disparaissent apr\u00e8s quelques jours ou semaines, mais si vous constatez qu\u2019ils persistent, vous pouvez en parler \u00e0 votre m\u00e9decin qui va d\u00e9terminer la cause et trouver une solution pour y mettre fin ou les att\u00e9nuer.<\/p>\n","background_color_right":true},{"acf_fc_layout":"textfull","text":"<p><a class=\"readmore\" href=\"https:\/\/www.guidetherapeutiquevih.com\/wp-content\/uploads\/2020\/11\/gt-vih-tableau-antiretroviraux-2020_rev11-fr.pdf\">T\u00e9l\u00e9chargez le tableau des m\u00e9dicaments antir\u00e9troviraux disponibles sur le march\u00e9.<\/a><\/p>\n<h2>Votre sant\u00e9 et les autres IST<\/h2>\n<p><strong>Le fait d\u2019\u00eatre sous\u00a0<\/strong><a href=\"https:\/\/www.vivreaveclevih.org\/fr\/traitement\/vih\/les-traitements-contre-le-vih\/\"><strong>traitement<\/strong><\/a><strong>\u00a0et d\u2019avoir une\u00a0<a href=\"https:\/\/www.vivreaveclevih.org\/fr\/vih\/la-charge-virale-cest-quoi\/\">charge virale ind\u00e9tectable<\/a>\u00a0ne vous prot\u00e8ge pas contre les autres\u00a0<\/strong><a href=\"https:\/\/www.vivreaveclevih.org\/fr\/ist\/les-ist-cest-quoi\/\"><strong>infections sexuellement transmissibles\u00a0<\/strong><\/a><strong>(IST).<\/strong>\u00a0Il faut continuer \u00e0 vous en prot\u00e9ger, ces IST pouvant avoir des cons\u00e9quences n\u00e9fastes pour votre sant\u00e9. De plus, le fait d\u2019\u00eatre infect\u00e9\u00b7e par le VIH augmente le risque d\u2019\u00eatre infect\u00e9\u00b7e par une autre IST et d\u2019avoir plus de complications. N\u2019arr\u00eatez donc pas d\u2019utiliser le\u00a0<a href=\"https:\/\/www.vivreaveclevih.org\/fr\/protection\/le-preservatif\/\">pr\u00e9servatif<\/a>\u00a0si vous n\u2019\u00eates pas s\u00fbr de l\u2019\u00e9tat de sant\u00e9 de votre\u00b7vos partenaires.<\/p>\n<p><a class=\"readmore\" href=\"https:\/\/www.vivreaveclevih.org\/fr\/ist\/les-ist-cest-quoi\/\">Pour en savoir plus sur les IST<\/a><\/p>\n","background_color":false},{"acf_fc_layout":"textfull","text":"<h2><img loading=\"lazy\" decoding=\"async\" class=\"aligncenter size-full wp-image-518\" src=\"https:\/\/www.vivreaveclevih.org\/wp-content\/uploads\/2019\/09\/vih.jpg\" alt=\"vih\" width=\"800\" height=\"534\" srcset=\"https:\/\/www.vivreaveclevih.org\/wp-content\/uploads\/2019\/09\/vih.jpg 800w, https:\/\/www.vivreaveclevih.org\/wp-content\/uploads\/2019\/09\/vih-300x200.jpg 300w, https:\/\/www.vivreaveclevih.org\/wp-content\/uploads\/2019\/09\/vih-768x513.jpg 768w\" sizes=\"auto, (max-width: 800px) 100vw, 800px\" \/><\/h2>\n<h2>L\u2019importance de ne pas rester seul\u00b7e<\/h2>\n<p><strong>Le fait de vivre avec le VIH ne doit pas vous pousser \u00e0 l\u2019isolement.\u00a0<\/strong>Le poids du secret, les pr\u00e9jug\u00e9s et les\u00a0<a href=\"https:\/\/www.vivreaveclevih.org\/fr\/mes-droits\/victime-de-discrimination-que-faire\/\">discriminations<\/a>\u00a0dont vous pourriez \u00eatre victime peuvent peser sur votre sant\u00e9 mentale, de m\u00eame que les difficult\u00e9s d\u2019ordre affectif, le manque d\u2019estime de soi, la peur du rejet \u00e0 l\u2019annonce de votre s\u00e9ropositivit\u00e9, etc. Pour pouvoir vivre sereinement, vous avez besoin de soutien et d\u2019un environnement social favorable, car\u00a0<strong>l\u2019acceptation de qui vous \u00eates et de ce que vous vivez est facilit\u00e9e par la pr\u00e9sence, la bienveillance et le soutien de ceux et celles qui comptent pour vous<\/strong>. Si vous ne trouvez pas de soutien aupr\u00e8s de vos proches, tournez-vous vers vos pair\u00b7es, les\u00a0<a href=\"https:\/\/www.vivreaveclevih.org\/fr\/liens-utiles\/associations-sida-ist-sante\/\">associations<\/a>\u00a0ou les professionnel\u00b7les de la sant\u00e9 qui vous accompagnent (psychologue, m\u00e9decin, assistant\u00b7e social\u00b7e, etc.).<\/p>\n<p>Vous souhaitez annoncer votre statut s\u00e9rologique \u00e0 votre entourage, votre\u00b7vos partenaires, vos proches, vos ami\u00b7es, vos coll\u00e8gues, etc\u2026 Quel que soit votre choix, prenez votre temps et r\u00e9fl\u00e9chissez avant de l\u2019annoncer,\u00a0<strong>sur le pourquoi, \u00e0 qui, quand et comment<\/strong>.<\/p>\n<p>Des professionnel\u00b7les exp\u00e9riment\u00e9\u00b7es et de confiance peuvent vous soutenir et vous accompagner dans votre annonce.\u00a0<strong>Les\u00a0<a href=\"https:\/\/www.vivreaveclevih.org\/fr\/liens-utiles\/associations-sida-ist-sante\/\">associations<\/a><\/strong>\u00a0de personnes vivant avec le VIH vous apporteront \u00e9galement un soutien et un accompagnement. Vous y rencontrerez des personnes avec qui partager votre exp\u00e9rience et votre v\u00e9cu.<\/p>\n<p>Bien souvent, c\u2019est parmi ses proches que l\u2019on trouve du soutien et du r\u00e9confort.\u00a0<strong>Leurs r\u00e9actions peuvent \u00eatre diverses<\/strong>. Certain\u00b7es pourraient avoir une r\u00e9action inattendue (positive ou n\u00e9gative), soit parce qu\u2019ils\u00b7elles sont eux\u00b7elles-m\u00eames touch\u00e9\u00b7es par ce qui vous arrive, soit parce qu\u2019ils\u00b7elles ne comprennent pas et sont mal inform\u00e9\u00b7es sur la maladie. Vous pourriez aussi \u00eatre \u00e9tonn\u00e9\u00b7e de l\u2019accueil et de la capacit\u00e9 d\u2019\u00e9coute de vos proches.<\/p>\n<p>R\u00e9v\u00e9ler votre \u00e9tat de sant\u00e9 \u00e0 un\u00b7e proche ne se fait que par choix et non par obligation.<\/p>\n<p>Prenez bien votre temps avant d\u2019en parler et assurez-vous que votre interlocuteur\u00b7trice pourra pr\u00e9server votre secret et vous apporter le soutien dont vous avez besoin. Choisissez \u00e9galement un moment convenable et un endroit calme.<\/p>\n<p><a class=\"readmore\" href=\"https:\/\/www.vivreaveclevih.org\/fr\/vivre-avec-le-vih\/prendre-soin-de-moi\/\">Des conseils pour prendre soin de vous<\/a><\/p>\n<p><img loading=\"lazy\" decoding=\"async\" class=\"aligncenter wp-image-10183\" src=\"https:\/\/www.vivreaveclevih.org\/wp-content\/uploads\/2021\/09\/bulle7.png\" alt=\"\" width=\"541\" height=\"237\" srcset=\"https:\/\/www.vivreaveclevih.org\/wp-content\/uploads\/2021\/09\/bulle7.png 800w, https:\/\/www.vivreaveclevih.org\/wp-content\/uploads\/2021\/09\/bulle7-300x131.png 300w, https:\/\/www.vivreaveclevih.org\/wp-content\/uploads\/2021\/09\/bulle7-768x336.png 768w, https:\/\/www.vivreaveclevih.org\/wp-content\/uploads\/2021\/09\/bulle7-500x219.png 500w\" sizes=\"auto, (max-width: 541px) 100vw, 541px\" \/><\/p>\n","background_color":false},{"acf_fc_layout":"textimage","text":"<h2>Vieillir avec le VIH, vieillir avec une maladie chronique<\/h2>\n<p>Les nouveaux traitements antir\u00e9troviraux ont un impact majeur sur l\u2019esp\u00e9rance et la qualit\u00e9 de vie, mais vivre avec le VIH expose encore aujourd\u2019hui dans certains cas \u00e0 des complications m\u00e9taboliques qui s\u2019apparentent \u00e0 un \u00ab vieillissement acc\u00e9l\u00e9r\u00e9 \u00bb, \u00e0 cause de l\u2019immunod\u00e9pression, de l\u2019inflammation caus\u00e9e par le virus, des effets ind\u00e9sirables des\u00a0<a href=\"https:\/\/www.vivreaveclevih.org\/fr\/traitement\/vih\/les-traitements-contre-le-vih\/\">traitements<\/a>\u00a0et des conditions de vie (isolement, d\u00e9pression, mauvaise hygi\u00e8ne de vie, etc.).<\/p>\n<p>Que vous soyez une personne contamin\u00e9e depuis plusieurs ann\u00e9es ou contamin\u00e9e apr\u00e8s 50 ans, et malgr\u00e9 les difficult\u00e9s li\u00e9es au VIH, l\u2019essentiel est de\u00a0<a href=\"https:\/\/www.vivreaveclevih.org\/fr\/vivre-avec-le-vih\/prendre-soin-de-moi\/\">prendre soin de vous<\/a>, de vous octroyer de bons moments, de continuer \u00e0 tisser des liens sociaux, familiaux, amoureux, d\u2019avoir une sexualit\u00e9 \u00e9panouie et ainsi vieillir positivement et dignement.\u00a0<strong>Sur le plan m\u00e9dical, vieillir avec le VIH signifie prendre des m\u00e9dicaments antir\u00e9troviraux sur le long terme, mais aussi des traitements contre les autres probl\u00e8mes de sant\u00e9 que toute personne peut rencontrer en vieillissant.<\/strong>\u00a0C\u2019est ce que l\u2019on appelle les\u00a0<strong>comorbidit\u00e9s<\/strong>.<\/p>\n<p><a class=\"readmore\" href=\"https:\/\/www.vivreaveclevih.org\/fr\/vivre-avec-le-vih\/vieillir-avec\/\">Plus d&rsquo;information sur le vieillissement avec le VIH<\/a><\/p>\n","image":2377,"background_color":false,"link_image":""},{"acf_fc_layout":"textfull","text":"<h2>vous souhaitez vous investir dans la lutte contre le VIH ?<\/h2>\n<p>Nous sommes \u00e0 la recherche de b\u00e9n\u00e9voles pour nous soutenir dans nos actions envers les personnes vivant avec le VIH, une bonne occasion pour vous de partager votre v\u00e9cu et d&rsquo;aider les autres. Vous pouvez rejoindre le groupe <a href=\"https:\/\/www.vivreaveclevih.org\/fr\/activites\/actions-plus\/\">Actions Plus<\/a> (groupe de communication, de r\u00e9flexion et d\u2019action sur la s\u00e9ropositivit\u00e9), participer aux activit\u00e9s de l&rsquo;<a href=\"https:\/\/www.vivreaveclevih.org\/fr\/activites\/lespace-mandela\/\">Espace Mandela<\/a> (accompagnement collectif des personnes vivant avec le VIH) ou d\u00e9couvrir <a href=\"https:\/\/www.vivreaveclevih.org\/fr\/nous-soutenir\/\">nos autres projets<\/a>.<\/p>\n<p>Vous \u00eates un\u00b7e artiste (danseur\u00b7euse, \u00e9crivain\u00b7e, peintre, etc), th\u00e9rapeute, sportif\u00b7ve et vous souhaitez consacrez un peu de votre temps au bien-\u00eatre des personnes vivant avec le VIH ? Alors contactez-nous ! Nous sommes toujours \u00e0 la recherche de nouveaux ateliers \u00e0 proposer aux personnes vivant avec le VIH.<\/p>\n<p>Les travailleur\u00b7euses volontaires peuvent b\u00e9n\u00e9ficier d\u2019indemnit\u00e9s forfaitaires ou de remboursement de frais r\u00e9els pour leur d\u00e9placement.<\/p>\n<h3>Quelles sont les d\u00e9marches pratiques pour faire du volontariat sans perdre ses droits sociaux\u00a0?<\/h3>\n<p>Les pensionn\u00e9\u00b7es ou les \u00e9tudiant\u00b7es n\u2019ont pas d\u2019autorisation \u00e0 demander. Mais les allocataires de CPAS, les personnes en incapacit\u00e9 de travail, les ch\u00f4meur\u00b7euses ou les pr\u00e9pensionn\u00e9\u00b7es doivent demander une autorisation.<\/p>\n<p>Renseignez-vous aupr\u00e8s de la\u00a0<a href=\"http:\/\/www.levolontariat.be\/\">Plateforme francophone du Volontariat<\/a>.<\/p>\n","background_color":true},{"acf_fc_layout":"text2cols","background_color":false,"title":"La plateforme pr\u00e9vention sida, c'est aussi des Campagnes de sensibilisation sur la vie avec le VIH","col_left":"<p>Chaque ann\u00e9e, la Plateforme Pr\u00e9vention Sida r\u00e9alise des <a href=\"https:\/\/preventionsida.org\/fr\/espace-pro\/\">outils<\/a> et <a href=\"https:\/\/preventionsida.org\/fr\/espace-pro\/les-activites\/campagnes\/\">campagnes<\/a> de communication afin de sensibiliser la population g\u00e9n\u00e9rale et les populations plus vuln\u00e9rables par rapport aux IST\/VIH (notamment les communaut\u00e9s afro-latino-carib\u00e9ennes et les jeunes) \u00e0 la pr\u00e9vention combin\u00e9e du VIH et des IST, mais aussi \u00e0 la solidarit\u00e9 envers les personnes vivant avec le VIH.<\/p>\n<p>Ces campagnes sont construites en concertation avec les acteurs de la promotion de la sant\u00e9 et de la pr\u00e9vention des IST\/VIH et \u00e9galement avec la participation des publics cibles propres \u00e0 chaque action. Cette m\u00e9thodologie de travail permet de prendre en compte les besoins sp\u00e9cifiques des publics afin de fournir une communication adapt\u00e9e \u00e0 tous\u00b7tes et de r\u00e9duire les in\u00e9galit\u00e9s en sant\u00e9. Ainsi, des s\u00e9ances de co-cr\u00e9ation, de pr\u00e9 tests et de post tests des productions sont r\u00e9alis\u00e9es aupr\u00e8s des publics cibles. De plus, l\u2019implication des publics dans le processus de cr\u00e9ation permet de renforcer leurs capacit\u00e9s \u00e0 s\u2019approprier l\u2019information et les messages de pr\u00e9vention.<\/p>\n","col_right":"<h5 class=\"entry-title\"><a href=\"https:\/\/preventionsida.org\/fr\/ressources\/campagne-1er-decembre-2018-2019\/\">\u00ab L\u2019exclusion reste une r\u00e9alit\u00e9. \u00bb<\/a><\/h5>\n<h5 class=\"entry-title\"><a href=\"https:\/\/preventionsida.org\/fr\/ressources\/une-personne-seropositive-ayant-une-charge-virale-indetectable-grace-a-son-traitement-ne-transmet-plus-le-vih\/\">\u00ab Une personne s\u00e9ropositive ayant une charge virale ind\u00e9tectable gr\u00e2ce \u00e0 son traitement ne transmet plus le VIH \u00bb<\/a><\/h5>\n<h5 class=\"entry-title\"><a href=\"https:\/\/preventionsida.org\/fr\/ressources\/campagne-1er-decembre-2015-2016-2017\/\">\u00ab Partager sa vie avec une personne s\u00e9ropositive, c\u2019est possible. \u00bb<\/a><\/h5>\n<h5 class=\"entry-title\"><a href=\"https:\/\/preventionsida.org\/fr\/ressources\/campagne-de-lutte-contre-les-discriminations\/\">\u00ab Contre l\u2019exclusion et les discriminations, portez le ruban rouge. \u00bb<\/a><\/h5>\n"}]},"_links":{"self":[{"href":"https:\/\/www.vivreaveclevih.org\/fr\/wp-json\/wp\/v2\/pages\/9720","targetHints":{"allow":["GET"]}}],"collection":[{"href":"https:\/\/www.vivreaveclevih.org\/fr\/wp-json\/wp\/v2\/pages"}],"about":[{"href":"https:\/\/www.vivreaveclevih.org\/fr\/wp-json\/wp\/v2\/types\/page"}],"author":[{"embeddable":true,"href":"https:\/\/www.vivreaveclevih.org\/fr\/wp-json\/wp\/v2\/users\/1"}],"replies":[{"embeddable":true,"href":"https:\/\/www.vivreaveclevih.org\/fr\/wp-json\/wp\/v2\/comments?post=9720"}],"version-history":[{"count":0,"href":"https:\/\/www.vivreaveclevih.org\/fr\/wp-json\/wp\/v2\/pages\/9720\/revisions"}],"wp:attachment":[{"href":"https:\/\/www.vivreaveclevih.org\/fr\/wp-json\/wp\/v2\/media?parent=9720"}],"curies":[{"name":"wp","href":"https:\/\/api.w.org\/{rel}","templated":true}]}}