{"id":981,"date":"2019-09-18T11:00:40","date_gmt":"2019-09-18T09:00:40","guid":{"rendered":"https:\/\/www.vivreaveclevih.org\/?page_id=981"},"modified":"2022-07-12T11:19:58","modified_gmt":"2022-07-12T09:19:58","slug":"le-traitement-des-ist","status":"publish","type":"page","link":"https:\/\/www.vivreaveclevih.org\/fr\/traitement\/ist\/le-traitement-des-ist\/","title":{"rendered":"Le Traitement des IST"},"content":{"rendered":"","protected":false},"excerpt":{"rendered":"","protected":false},"author":1,"featured_media":0,"parent":3596,"menu_order":0,"comment_status":"closed","ping_status":"closed","template":"","meta":{"_acf_changed":false,"footnotes":""},"class_list":["post-981","page","type-page","status-publish","hentry"],"acf":{"sidebar":211,"contenu_flexible":[{"acf_fc_layout":"doubleblock","content_block_left":"<p>La plupart des IST, mis \u00e0 part le VIH\/sida, peuvent \u00eatre <strong>trait\u00e9es<\/strong> et <strong>gu\u00e9ries<\/strong> sans laisser de s\u00e9quelles. Si vous avez \u00e9t\u00e9 d\u00e9pist\u00e9\u00b7e positif\u00b7ve pour une IST, il est important de bien suivre le traitement prescrit par le\u00b7la m\u00e9decin et ce jusqu\u2019au bout, car se soigner correctement permet aussi d&rsquo;\u00e9viter de transmettre l&rsquo;infection \u00e0 son\u00b7sa\u00b7ses partenaire\u00b7s.<\/p>\n<p>Dans la mesure du possible, il est aussi conseill\u00e9 de pr\u00e9venir son\u00b7sa\u00b7ses dernier\u00b7\u00e8res partenaire\u00b7s afin qu\u2019ils\u00b7elles puissent aussi se faire d\u00e9pister et si besoin b\u00e9n\u00e9ficier d\u2019un traitement. Ceci permet de casser <strong>la cha\u00eene de transmission de l\u2019infection<\/strong>.<\/p>\n","background_color_left":false,"content_block_right":"<p><strong>Durant le traitement, mieux vaut respecter une abstinence sexuelle ou selon le cas d\u2019avoir des rapports prot\u00e9g\u00e9s. Demandez conseil \u00e0 votre m\u00e9decin lors de la mise sous traitement.<\/strong><\/p>\n","background_color_right":true},{"acf_fc_layout":"imagetext","image":1958,"text":"<p>M\u00eame s\u2019il n\u2019y a pas de sympt\u00f4mes visibles ou que ceux-ci ont disparus, <strong>il ne faut pas laisser une IST sans traitement<\/strong>. Une IST non trait\u00e9e peut \u00eatre une <strong>porte d&rsquo;entr\u00e9e pour une autre IST<\/strong> car les muqueuses de la personne infect\u00e9es sont fragilis\u00e9es. De plus, il faut \u00eatre vigilant\u00b7e car il est possible d&rsquo;\u00eatre infect\u00e9\u00b7e par plusieurs IST en m\u00eame temps.<\/p>\n","background_color":false,"link_image":""},{"acf_fc_layout":"textfull","text":"<h3>Tableau r\u00e9capitulatif du traitement des principales IST :<\/h3>\n<table>\n<thead>\n<tr>\n<th><\/th>\n<th>Traitement<\/th>\n<th>Gu\u00e9rison<\/th>\n<th>Traitement Pr\u00e9ventif<\/th>\n<\/tr>\n<\/thead>\n<tbody>\n<tr>\n<td><strong>VIH<\/strong><\/td>\n<td>OUI<\/td>\n<td>NON<\/td>\n<td>OUI (PrEP)<\/td>\n<\/tr>\n<tr>\n<td><strong>H\u00e9patite B<\/strong><\/td>\n<td>OUI<\/td>\n<td>OUI sauf en cas d\u2019h\u00e9patite chronique (+-10% des cas)<\/td>\n<td>vaccination<\/td>\n<\/tr>\n<tr>\n<td><strong>H\u00e9patite C<\/strong><\/td>\n<td>OUI<\/td>\n<td>OUI<\/td>\n<td>NON<\/td>\n<\/tr>\n<tr>\n<td><strong>Herp\u00e8s g\u00e9nital<\/strong><\/td>\n<td>OUI<\/td>\n<td>OUI les l\u00e9sions se gu\u00e9rissent mais risque de r\u00e9cidive car on reste porteur\u00b7euse du virus \u00e0 vie<\/td>\n<td>NON<\/td>\n<\/tr>\n<tr>\n<td><strong>Human Papilloma Virus (HPV)<\/strong><\/td>\n<td>OUI<\/td>\n<td>OUI les l\u00e9sions se gu\u00e9rissent mais risque de r\u00e9cidive car on reste porteur\u00b7euse du virus \u00e0 vie<\/td>\n<td>vaccination<\/td>\n<\/tr>\n<tr>\n<td><strong>Chlamydia<\/strong><\/td>\n<td>OUI<\/td>\n<td>OUI<\/td>\n<td>NON<\/td>\n<\/tr>\n<tr>\n<td><strong>Gonorrh\u00e9e<\/strong><\/td>\n<td>OUI<\/td>\n<td>OUI<\/td>\n<td>NON<\/td>\n<\/tr>\n<tr>\n<td><strong>Syphilis<\/strong><\/td>\n<td>OUI<\/td>\n<td>OUI<\/td>\n<td>NON<\/td>\n<\/tr>\n<\/tbody>\n<\/table>\n","background_color":false}]},"_links":{"self":[{"href":"https:\/\/www.vivreaveclevih.org\/fr\/wp-json\/wp\/v2\/pages\/981","targetHints":{"allow":["GET"]}}],"collection":[{"href":"https:\/\/www.vivreaveclevih.org\/fr\/wp-json\/wp\/v2\/pages"}],"about":[{"href":"https:\/\/www.vivreaveclevih.org\/fr\/wp-json\/wp\/v2\/types\/page"}],"author":[{"embeddable":true,"href":"https:\/\/www.vivreaveclevih.org\/fr\/wp-json\/wp\/v2\/users\/1"}],"replies":[{"embeddable":true,"href":"https:\/\/www.vivreaveclevih.org\/fr\/wp-json\/wp\/v2\/comments?post=981"}],"version-history":[{"count":1,"href":"https:\/\/www.vivreaveclevih.org\/fr\/wp-json\/wp\/v2\/pages\/981\/revisions"}],"predecessor-version":[{"id":10773,"href":"https:\/\/www.vivreaveclevih.org\/fr\/wp-json\/wp\/v2\/pages\/981\/revisions\/10773"}],"up":[{"embeddable":true,"href":"https:\/\/www.vivreaveclevih.org\/fr\/wp-json\/wp\/v2\/pages\/3596"}],"wp:attachment":[{"href":"https:\/\/www.vivreaveclevih.org\/fr\/wp-json\/wp\/v2\/media?parent=981"}],"curies":[{"name":"wp","href":"https:\/\/api.w.org\/{rel}","templated":true}]}}